{"id":34,"date":"2018-11-24T18:08:53","date_gmt":"2018-11-24T18:08:53","guid":{"rendered":"https:\/\/gpsites.co\/split\/?page_id=34"},"modified":"2023-05-30T11:11:29","modified_gmt":"2023-05-30T11:11:29","slug":"contact","status":"publish","type":"page","link":"https:\/\/blog.rehairsystem.com\/cs\/kontakt\/","title":{"rendered":"Kontaktujte n\u00e1s"},"content":{"rendered":"<p><span style=\"color: #000000;\">D\u011bkujeme za n\u00e1v\u0161t\u011bvu blogu Rehairsystem! Douf\u00e1me, \u017ee n\u00e1\u0161 obsah bude pro v\u00e1s informativn\u00ed a u\u017eite\u010dn\u00fd p\u0159i v\u00fdb\u011bru spr\u00e1vn\u00e9ho tup\u00e9 nebo p\u0159\u00ed\u010desku pro mu\u017ee a \u017eeny.<\/span><\/p>\n<p><span style=\"color: #000000;\">M\u00e1te-li jak\u00e9koli dotazy, obavy nebo zp\u011btnou vazbu k na\u0161emu blogu nebo se chcete zeptat na na\u0161e produkty a slu\u017eby, nev\u00e1hejte n\u00e1s kontaktovat n\u00e1sleduj\u00edc\u00edmi zp\u016fsoby:<\/span><\/p>\n<ul>\n<li><span style=\"color: #000000;\">E-mail: support@rehairsystem.com<\/span><\/li>\n<li><span style=\"color: #000000;\">Telefon: 1-(518) 873-4247 \/ 1-5188-REHAIR<\/span><\/li>\n<li><span style=\"color: #000000;\">WhatsApp: +86 18363906949<\/span><\/li>\n<li><span style=\"color: #000000;\">N\u00e1kupn\u00ed prodejna: <a href=\"https:\/\/rehairsystem.com\/\" target=\"_blank\" rel=\"noopener\">https:\/\/rehairsystem.com<\/a><\/span><\/li>\n<\/ul>\n<p><span style=\"color: #000000;\">Sna\u017e\u00edme se rychle odpov\u00eddat na v\u0161echny dotazy a poskytovat vynikaj\u00edc\u00ed slu\u017eby ka\u017ed\u00e9mu z na\u0161ich z\u00e1kazn\u00edk\u016f. D\u011bkujeme, \u017ee jste si vybrali Rehairsystem&#039;s jako sv\u016fj zdroj pro v\u0161e, co souvis\u00ed s Tupee a Hairpiece. T\u011b\u0161\u00edme se, \u017ee se n\u00e1m brzy ozvete!<\/span><\/p>","protected":false},"excerpt":{"rendered":"<p>Thank you for visiting the Rehairsystem&#8217;s blog! We hope that you find our content informative and helpful in choosing the right Toupee or Hairpiece for &#8230; <a title=\"Kontaktujte n\u00e1s\" class=\"read-more\" href=\"https:\/\/blog.rehairsystem.com\/cs\/kontakt\/\" aria-label=\"More on Contact Us\">P\u0159e\u010dt\u011bte si v\u00edce<\/a><\/p>","protected":false},"author":1,"featured_media":0,"parent":0,"menu_order":0,"comment_status":"closed","ping_status":"closed","template":"","meta":[],"_links":{"self":[{"href":"https:\/\/blog.rehairsystem.com\/cs\/wp-json\/wp\/v2\/pages\/34"}],"collection":[{"href":"https:\/\/blog.rehairsystem.com\/cs\/wp-json\/wp\/v2\/pages"}],"about":[{"href":"https:\/\/blog.rehairsystem.com\/cs\/wp-json\/wp\/v2\/types\/page"}],"author":[{"embeddable":true,"href":"https:\/\/blog.rehairsystem.com\/cs\/wp-json\/wp\/v2\/users\/1"}],"replies":[{"embeddable":true,"href":"https:\/\/blog.rehairsystem.com\/cs\/wp-json\/wp\/v2\/comments?post=34"}],"version-history":[{"count":3,"href":"https:\/\/blog.rehairsystem.com\/cs\/wp-json\/wp\/v2\/pages\/34\/revisions"}],"predecessor-version":[{"id":4574,"href":"https:\/\/blog.rehairsystem.com\/cs\/wp-json\/wp\/v2\/pages\/34\/revisions\/4574"}],"wp:attachment":[{"href":"https:\/\/blog.rehairsystem.com\/cs\/wp-json\/wp\/v2\/media?parent=34"}],"curies":[{"name":"wp","href":"https:\/\/api.w.org\/{rel}","templated":true}]}}