{"id":36,"date":"2018-11-24T18:08:58","date_gmt":"2018-11-24T18:08:58","guid":{"rendered":"https:\/\/gpsites.co\/split\/?page_id=36"},"modified":"2023-06-01T08:59:30","modified_gmt":"2023-06-01T08:59:30","slug":"about","status":"publish","type":"page","link":"https:\/\/blog.rehairsystem.com\/cs\/o\/","title":{"rendered":"O n\u00e1s"},"content":{"rendered":"<h3><span style=\"color: #000000;\">O blogu Rehairsystem:<\/span><\/h3>\n<p><span style=\"color: #000000;\">Bojujete s vypad\u00e1v\u00e1n\u00edm vlas\u016f nebo ple\u0161atost\u00ed? U\u017e se nebojte! V tomto obs\u00e1hl\u00e9m pr\u016fvodci se dozv\u00edte v\u0161e, co pot\u0159ebujete v\u011bd\u011bt o tup\u00e9 nebo p\u0159\u00ed\u010desc\u00edch pro mu\u017ee a \u017eeny.<\/span><\/p>\n<p><span style=\"color: #000000;\">Od v\u00fdb\u011bru spr\u00e1vn\u00e9ho materi\u00e1lu, stylu, barvy a d\u00e9lky a\u017e po spr\u00e1vnou \u00fadr\u017ebu a p\u00e9\u010di, m\u00e1me pro v\u00e1s v\u0161e. Zjist\u011bte, jak m\u016f\u017eete znovu z\u00edskat sebev\u011bdom\u00ed a zm\u011bnit sv\u016fj vzhled pomoc\u00ed dokonal\u00e9ho tupee nebo p\u0159\u00ed\u010desku. P\u0159e\u010dt\u011bte si nyn\u00ed a objevte tajemstv\u00ed dokonal\u00e9ho vlasov\u00e9ho dne ka\u017ed\u00fd den!<\/span><\/p>\n<h3><span style=\"color: #000000;\">O Rehairsystem.com:<\/span><\/h3>\n<p><span style=\"color: #000000;\">V\u00edtejte v <a href=\"https:\/\/rehairsystem.com\/\" target=\"_blank\" rel=\"noopener\"><strong>Prodejna rehabilita\u010dn\u00edch syst\u00e9m\u016f<\/strong><\/a>, va\u0161e c\u00edlov\u00e1 destinace pro pr\u00e9miov\u00e9 syst\u00e9my n\u00e1hrady lidsk\u00fdch vlas\u016f. Jsme p\u0159\u00edm\u00fdm dodavatelem tov\u00e1rny, kter\u00fd je nad\u0161en\u00fd z poskytov\u00e1n\u00ed kr\u00e1sn\u00fdch p\u0159\u00ed\u010desk\u016f sv\u011btu. Na\u0161\u00edm posl\u00e1n\u00edm je m\u011bnit \u017eivoty lid\u00ed prost\u0159ednictv\u00edm na\u0161ich vysoce kvalitn\u00edch vlasov\u00fdch syst\u00e9m\u016f, kter\u00e9 jsou dostupn\u00e9 za dostupnou cenu pro v\u0161echny rozpo\u010dty a \u017eivotn\u00ed styly!<\/span><\/p>\n<p><span style=\"color: #000000;\">Na\u0161e tov\u00e1rny se nach\u00e1zej\u00ed v Qingdao v \u010c\u00edn\u011b, kde vyr\u00e1b\u00edme v\u0161echny typy produkt\u016f pro n\u00e1hradu skute\u010dn\u00fdch lidsk\u00fdch vlas\u016f. Se \u0161irokou \u0161k\u00e1lou dostupn\u00fdch vlasov\u00fdch syst\u00e9m\u016f, v\u010detn\u011b vlasov\u00fdch vlasov\u00fdch syst\u00e9m\u016f, krajkov\u00fdch vlasov\u00fdch syst\u00e9m\u016f, mono vlasov\u00fdch syst\u00e9m\u016f a kombinovan\u00fdch syst\u00e9m\u016f, jako\u017e i mo\u017enost\u00ed vlasov\u00fdch syst\u00e9m\u016f na zak\u00e1zku, jsme hrd\u00ed na to, \u017ee zap\u016fsob\u00edme na na\u0161e z\u00e1kazn\u00edky na\u0161imi produkty prvot\u0159\u00eddn\u00ed kvality. a nikdy se nep\u0159est\u00e1vejte zlep\u0161ovat, abyste p\u0159ekonali sv\u00e1 o\u010dek\u00e1v\u00e1n\u00ed.<\/span><\/p>\n<p><span style=\"color: #000000;\">Zav\u00e1zali jsme se poskytovat na\u0161im z\u00e1kazn\u00edk\u016fm nejlep\u0161\u00ed mo\u017en\u00fd z\u00e1\u017eitek z nakupov\u00e1n\u00ed a zajistit, aby na\u0161li perfektn\u00ed produkt vlasov\u00e9ho syst\u00e9mu pro sv\u00e9 pot\u0159eby. Ch\u00e1peme, \u017ee objedn\u00e1vat vlasov\u00e1 \u0159e\u0161en\u00ed z maloobchodu nebo jin\u00e9 online spole\u010dnosti m\u016f\u017ee b\u00fdt n\u00e1kladn\u00e1 a \u00fanavn\u00e1 zku\u0161enost. Na str\u00e1nk\u00e1ch Rehairsystem v\u0161ak nab\u00edz\u00edme dostupn\u00e9 ceny ve srovn\u00e1n\u00ed se salony a studi\u00ed na v\u00fdm\u011bnu vlas\u016f nebo vlasov\u00fdmi kluby s jejich velk\u00fdmi p\u0159ir\u00e1\u017ekami, z\u00e1vazn\u00fdmi smlouvami a drah\u00fdmi servisn\u00edmi n\u00e1v\u0161t\u011bvami. Poskytujeme podporu a advokacii bezkonkuren\u010dn\u00ed v online vlasov\u00e9m pr\u016fmyslu a zaji\u0161\u0165ujeme spokojenost z\u00e1kazn\u00edk\u016f.<\/span><\/p>\n<p><span style=\"color: #000000;\">Usilujeme o n\u00e1\u0161 c\u00edl poskytovat kr\u00e1sn\u00e9 vlasov\u00e9 syst\u00e9my lidem po cel\u00e9m sv\u011bt\u011b. A\u0165 u\u017e se pot\u00fdk\u00e1te s vypad\u00e1v\u00e1n\u00edm vlas\u016f nebo hled\u00e1te nov\u00fd syst\u00e9m v\u00fdm\u011bny vlas\u016f, jsme va\u0161\u00edm d\u016fv\u011bryhodn\u00fdm zdrojem pro tu nejkvalitn\u011bj\u0161\u00ed n\u00e1hradu vlas\u016f. Spojte se s n\u00e1mi je\u0161t\u011b dnes a dovolte n\u00e1m, abychom v\u00e1m pomohli zlep\u0161it kvalitu va\u0161eho \u017eivota prost\u0159ednictv\u00edm na\u0161ich pr\u00e9miov\u00fdch produkt\u016f pro n\u00e1hradu vlas\u016f!<\/span><\/p>","protected":false},"excerpt":{"rendered":"<p>About\u00a0Rehairsystem&#8217;s Blog: Are you struggling with hair loss or baldness? Worry no more! In this comprehensive guide, you\u2019ll learn everything you need to know about &#8230; <a title=\"O n\u00e1s\" class=\"read-more\" href=\"https:\/\/blog.rehairsystem.com\/cs\/o\/\" aria-label=\"More on About Us\">P\u0159e\u010dt\u011bte si v\u00edce<\/a><\/p>","protected":false},"author":1,"featured_media":0,"parent":0,"menu_order":0,"comment_status":"closed","ping_status":"closed","template":"","meta":[],"_links":{"self":[{"href":"https:\/\/blog.rehairsystem.com\/cs\/wp-json\/wp\/v2\/pages\/36"}],"collection":[{"href":"https:\/\/blog.rehairsystem.com\/cs\/wp-json\/wp\/v2\/pages"}],"about":[{"href":"https:\/\/blog.rehairsystem.com\/cs\/wp-json\/wp\/v2\/types\/page"}],"author":[{"embeddable":true,"href":"https:\/\/blog.rehairsystem.com\/cs\/wp-json\/wp\/v2\/users\/1"}],"replies":[{"embeddable":true,"href":"https:\/\/blog.rehairsystem.com\/cs\/wp-json\/wp\/v2\/comments?post=36"}],"version-history":[{"count":6,"href":"https:\/\/blog.rehairsystem.com\/cs\/wp-json\/wp\/v2\/pages\/36\/revisions"}],"predecessor-version":[{"id":4765,"href":"https:\/\/blog.rehairsystem.com\/cs\/wp-json\/wp\/v2\/pages\/36\/revisions\/4765"}],"wp:attachment":[{"href":"https:\/\/blog.rehairsystem.com\/cs\/wp-json\/wp\/v2\/media?parent=36"}],"curies":[{"name":"wp","href":"https:\/\/api.w.org\/{rel}","templated":true}]}}