{"id":4562,"date":"2023-05-30T10:43:31","date_gmt":"2023-05-30T10:43:31","guid":{"rendered":"https:\/\/blog.rehairsystem.com\/?page_id=4562"},"modified":"2023-05-30T10:43:31","modified_gmt":"2023-05-30T10:43:31","slug":"privacy-policy","status":"publish","type":"page","link":"https:\/\/blog.rehairsystem.com\/cs\/privacy-policy\/","title":{"rendered":"Z\u00e1sady ochrany osobn\u00edch \u00fadaj\u016f"},"content":{"rendered":"<div class=\"heading-divider heading-divider--short animated fadeInDown\" data-scroll-class=\"fadeInDown\"><span style=\"color: #000000;\">This Privacy Policy describes how www.rehairsystem.com (the \u201cSite\u201d or \u201cwe\u201d) collects, uses, and discloses your Personal Information when you visit or make a purchase from the Site.<\/span><\/div>\n<div class=\"page__content content container  table is-striped is-bordered\">\n<div class=\"one-whole column\">\n<h3><\/h3>\n<h3><span style=\"color: #000000;\">Collecting Personal Information<\/span><\/h3>\n<p><span style=\"color: #000000;\">When you visit the Site, we collect certain information about your device, your interaction with the Site, and information necessary to process your purchases. We may also collect additional information if you contact us for support. In this Privacy Policy, we refer to any information that can uniquely identify an individual (including the information below) as \u201cPersonal Information\u201d.\u00a0<\/span><\/p>\n<h3><span style=\"color: #000000;\">Minors<\/span><\/h3>\n<p><span style=\"color: #000000;\">The Site is not intended for individuals under the age of\u00a0<em>15<\/em>. We do not intentionally collect Personal Information from children. If you are the parent or guardian and believe your child has provided us with Personal Information, please contact us at the address below to request deletion.<\/span><\/p>\n<h3><span style=\"color: #000000;\">Lawful basis<\/span><\/h3>\n<p><span style=\"color: #000000;\">Pursuant to the General Data Protection Regulation (\u201cGDPR\u201d), if you are a resident of the European Economic Area (\u201cEEA\u201d), we process your personal information under the following lawful bases:<\/span><\/p>\n<ul>\n<li><span style=\"color: #000000;\">Your consent;<\/span><\/li>\n<li><span style=\"color: #000000;\">The performance of the contract between you and the Site;<\/span><\/li>\n<li><span style=\"color: #000000;\">Compliance with our legal obligations;<\/span><\/li>\n<li><span style=\"color: #000000;\">To protect your vital interests;<\/span><\/li>\n<li><span style=\"color: #000000;\">To perform a task carried out in the public interest;<\/span><\/li>\n<li><span style=\"color: #000000;\">For our legitimate interests, which do not override your fundamental rights and freedoms.<\/span><\/li>\n<\/ul>\n<h3><span style=\"color: #000000;\">Retention<\/span><\/h3>\n<p><span style=\"color: #000000;\">When you place an order through the Site, we will retain your Personal Information for our records unless and until you ask us to erase this information. For more information on your right of erasure, please see the \u2018Your rights\u2019 section below.<\/span><\/p>\n<h3><span style=\"color: #000000;\">Cookies<\/span><\/h3>\n<p><span style=\"color: #000000;\">A cookie is a small amount of information that\u2019s downloaded to your computer or device when you visit our Site. We use a number of different cookies, including functional, performance, advertising, and social media or content cookies. Cookies make your browsing experience better by allowing the website to remember your actions and preferences (such as login and region selection). This means you don\u2019t have to re-enter this information each time you return to the site or browse from one page to another. Cookies also provide information on how people use the website, for instance whether it\u2019s their first time visiting or if they are a frequent visitor.<\/span><\/p>\n<p><span style=\"color: #000000;\">We use the following cookies to optimize your experience on our Site and to provide our services.<\/span><\/p>\n<h3><span style=\"color: #000000;\">Do Not Track<\/span><\/h3>\n<p><span style=\"color: #000000;\">Please note that because there is no consistent industry understanding of how to respond to \u201cDo Not Track\u201d signals, we do not alter our data collection and usage practices when we detect such a signal from your browser.<\/span><\/p>\n<h3><span style=\"color: #000000;\">Changes<\/span><\/h3>\n<p><span style=\"color: #000000;\">We may update this Privacy Policy from time to time in order to reflect, for example, changes to our practices or for other operational, legal, or regulatory reasons.<\/span><\/p>\n<h3><span style=\"color: #000000;\">Contact<\/span><\/h3>\n<p><span style=\"color: #000000;\">For more information about our privacy practices, if you have questions, or if you would like to make a complaint, please contact us by e-mail at support@rehairsystem.com.<\/span><\/p>\n<\/div>\n<\/div>","protected":false},"excerpt":{"rendered":"<p>This Privacy Policy describes how www.rehairsystem.com (the \u201cSite\u201d or \u201cwe\u201d) collects, uses, and discloses your Personal Information when you visit or make a purchase from &#8230; <a title=\"Z\u00e1sady ochrany osobn\u00edch \u00fadaj\u016f\" class=\"read-more\" href=\"https:\/\/blog.rehairsystem.com\/cs\/privacy-policy\/\" aria-label=\"More on Privacy Policy\">P\u0159e\u010dt\u011bte si v\u00edce<\/a><\/p>","protected":false},"author":1,"featured_media":0,"parent":0,"menu_order":0,"comment_status":"closed","ping_status":"closed","template":"","meta":[],"_links":{"self":[{"href":"https:\/\/blog.rehairsystem.com\/cs\/wp-json\/wp\/v2\/pages\/4562"}],"collection":[{"href":"https:\/\/blog.rehairsystem.com\/cs\/wp-json\/wp\/v2\/pages"}],"about":[{"href":"https:\/\/blog.rehairsystem.com\/cs\/wp-json\/wp\/v2\/types\/page"}],"author":[{"embeddable":true,"href":"https:\/\/blog.rehairsystem.com\/cs\/wp-json\/wp\/v2\/users\/1"}],"replies":[{"embeddable":true,"href":"https:\/\/blog.rehairsystem.com\/cs\/wp-json\/wp\/v2\/comments?post=4562"}],"version-history":[{"count":1,"href":"https:\/\/blog.rehairsystem.com\/cs\/wp-json\/wp\/v2\/pages\/4562\/revisions"}],"predecessor-version":[{"id":4563,"href":"https:\/\/blog.rehairsystem.com\/cs\/wp-json\/wp\/v2\/pages\/4562\/revisions\/4563"}],"wp:attachment":[{"href":"https:\/\/blog.rehairsystem.com\/cs\/wp-json\/wp\/v2\/media?parent=4562"}],"curies":[{"name":"wp","href":"https:\/\/api.w.org\/{rel}","templated":true}]}}