{"id":34,"date":"2018-11-24T18:08:53","date_gmt":"2018-11-24T18:08:53","guid":{"rendered":"https:\/\/gpsites.co\/split\/?page_id=34"},"modified":"2023-05-30T11:11:29","modified_gmt":"2023-05-30T11:11:29","slug":"contact","status":"publish","type":"page","link":"https:\/\/blog.rehairsystem.com\/da\/kontakt\/","title":{"rendered":"Kontakt os"},"content":{"rendered":"<p><span style=\"color: #000000;\">Tak fordi du bes\u00f8gte Rehairsystems blog! Vi h\u00e5ber, at du finder vores indhold informativt og nyttigt til at v\u00e6lge den rigtige Toupee eller Fris\u00f8r til m\u00e6nd og kvinder.<\/span><\/p>\n<p><span style=\"color: #000000;\">Hvis du har sp\u00f8rgsm\u00e5l, bekymringer eller feedback om vores blog eller gerne vil foresp\u00f8rge om vores produkter og tjenester, s\u00e5 t\u00f8v ikke med at kontakte os via f\u00f8lgende metoder:<\/span><\/p>\n<ul>\n<li><span style=\"color: #000000;\">E-mail: support@rehairsystem.com<\/span><\/li>\n<li><span style=\"color: #000000;\">Telefon: 1-(518) 873-4247 \/ 1-5188-REHAIR<\/span><\/li>\n<li><span style=\"color: #000000;\">WhatsApp: +86 18363906949<\/span><\/li>\n<li><span style=\"color: #000000;\">Shoping butik: <a href=\"https:\/\/rehairsystem.com\/\" target=\"_blank\" rel=\"noopener\">https:\/\/rehairsystem.com<\/a><\/span><\/li>\n<\/ul>\n<p><span style=\"color: #000000;\">Vi bestr\u00e6ber os p\u00e5 at besvare alle henvendelser omg\u00e5ende og at yde fremragende service til hver enkelt af vores kunder. Tak fordi du har valgt Rehairsystem&#039;s som din ressource til alt hvad der er relateret til Toupee og Hairpiece. Vi ser frem til at h\u00f8re fra dig snart!<\/span><\/p>","protected":false},"excerpt":{"rendered":"<p>Thank you for visiting the Rehairsystem&#8217;s blog! We hope that you find our content informative and helpful in choosing the right Toupee or Hairpiece for &#8230; <a title=\"Kontakt os\" class=\"read-more\" href=\"https:\/\/blog.rehairsystem.com\/da\/kontakt\/\" aria-label=\"More on Contact Us\">L\u00e6s Mere<\/a><\/p>","protected":false},"author":1,"featured_media":0,"parent":0,"menu_order":0,"comment_status":"closed","ping_status":"closed","template":"","meta":[],"_links":{"self":[{"href":"https:\/\/blog.rehairsystem.com\/da\/wp-json\/wp\/v2\/pages\/34"}],"collection":[{"href":"https:\/\/blog.rehairsystem.com\/da\/wp-json\/wp\/v2\/pages"}],"about":[{"href":"https:\/\/blog.rehairsystem.com\/da\/wp-json\/wp\/v2\/types\/page"}],"author":[{"embeddable":true,"href":"https:\/\/blog.rehairsystem.com\/da\/wp-json\/wp\/v2\/users\/1"}],"replies":[{"embeddable":true,"href":"https:\/\/blog.rehairsystem.com\/da\/wp-json\/wp\/v2\/comments?post=34"}],"version-history":[{"count":3,"href":"https:\/\/blog.rehairsystem.com\/da\/wp-json\/wp\/v2\/pages\/34\/revisions"}],"predecessor-version":[{"id":4574,"href":"https:\/\/blog.rehairsystem.com\/da\/wp-json\/wp\/v2\/pages\/34\/revisions\/4574"}],"wp:attachment":[{"href":"https:\/\/blog.rehairsystem.com\/da\/wp-json\/wp\/v2\/media?parent=34"}],"curies":[{"name":"wp","href":"https:\/\/api.w.org\/{rel}","templated":true}]}}