{"id":36,"date":"2018-11-24T18:08:58","date_gmt":"2018-11-24T18:08:58","guid":{"rendered":"https:\/\/gpsites.co\/split\/?page_id=36"},"modified":"2023-06-01T08:59:30","modified_gmt":"2023-06-01T08:59:30","slug":"about","status":"publish","type":"page","link":"https:\/\/blog.rehairsystem.com\/da\/om\/","title":{"rendered":"Om os"},"content":{"rendered":"<h3><span style=\"color: #000000;\">Om Rehairsystems blog:<\/span><\/h3>\n<p><span style=\"color: #000000;\">K\u00e6mper du med h\u00e5rtab eller skaldethed? Bekymre dig ikke mere! I denne omfattende guide l\u00e6rer du alt, hvad du beh\u00f8ver at vide om toup\u00e9 eller h\u00e5rstykker til m\u00e6nd og kvinder.<\/span><\/p>\n<p><span style=\"color: #000000;\">Fra valg af det rigtige materiale, stil, farve og l\u00e6ngde til korrekt vedligeholdelse og pleje, vi har dig d\u00e6kket. Find ud af, hvordan du kan genvinde din selvtillid og forvandle dit udseende med en perfekt toup\u00e9 eller h\u00e5rstykke. L\u00e6s nu og opdag hemmelighederne bag en perfekt h\u00e5rdag hver dag!<\/span><\/p>\n<h3><span style=\"color: #000000;\">Om Rehairsystem.com:<\/span><\/h3>\n<p><span style=\"color: #000000;\">Velkommen til <a href=\"https:\/\/rehairsystem.com\/\" target=\"_blank\" rel=\"noopener\"><strong>Rehairsystem butik<\/strong><\/a>, din destination for f\u00f8rsteklasses menneskeh\u00e5rerstatningssystemer. Vi er en fabriks direkte leverand\u00f8r, der br\u00e6nder for at forsyne verden med smukke h\u00e5rstykker. Vores mission er at \u00e6ndre folks liv gennem vores h\u00f8jkvalitets h\u00e5rsystemer, som kommer til en overkommelig pris for alle budgetter og livsstile!<\/span><\/p>\n<p><span style=\"color: #000000;\">Vores fabrikker ligger i Qingdao, Kina, hvor vi fremstiller alle typer af \u00e6gte menneskeh\u00e5rerstatningsprodukter. Med en bred vifte af tilg\u00e6ngelige h\u00e5rsystemer, herunder hudh\u00e5rsystemer, blondeh\u00e5rsystemer, monoh\u00e5rsystemer og kombinationssystemer, samt muligheden for skr\u00e6ddersyede h\u00e5rsystemer, er vi stolte af at imponere vores kunder med vores f\u00f8rsteklasses kvalitetsprodukter og stop aldrig med at forbedre dig for at overg\u00e5 dine forventninger.<\/span><\/p>\n<p><span style=\"color: #000000;\">Vi er forpligtet til at give vores kunder den bedst mulige shoppingoplevelse og sikre, at de finder det perfekte h\u00e5rsystemprodukt til deres behov. Vi forst\u00e5r, at det kan v\u00e6re en dyr og kedelig oplevelse at bestille h\u00e5rl\u00f8sninger fra en detailhandel eller et andet online firma. P\u00e5 Rehairsystems hjemmeside tilbyder vi dog overkommelige priser sammenlignet med saloner og h\u00e5rerstatningsstudier eller h\u00e5rklubber med deres store markeringer, bindende kontrakter og dyre vedligeholdelsesbes\u00f8g. Vi yder support og fortalervirksomhed uovertruffen i online h\u00e5rindustrien, hvilket sikrer kundetilfredshed.<\/span><\/p>\n<p><span style=\"color: #000000;\">Vi str\u00e6ber efter vores m\u00e5l om at levere smukke h\u00e5rsystemer til mennesker over hele verden. Uanset om du k\u00e6mper med h\u00e5rtab eller leder efter et nyt h\u00e5rerstatningssystem, er vi din betroede kilde til h\u00e5rerstatning af den bedste kvalitet. Kontakt os i dag, og lad os hj\u00e6lpe dig med at forbedre din livskvalitet gennem vores f\u00f8rsteklasses h\u00e5rerstatningsprodukter!<\/span><\/p>","protected":false},"excerpt":{"rendered":"<p>About\u00a0Rehairsystem&#8217;s Blog: Are you struggling with hair loss or baldness? Worry no more! In this comprehensive guide, you\u2019ll learn everything you need to know about &#8230; <a title=\"Om os\" class=\"read-more\" href=\"https:\/\/blog.rehairsystem.com\/da\/om\/\" aria-label=\"More on About Us\">L\u00e6s Mere<\/a><\/p>","protected":false},"author":1,"featured_media":0,"parent":0,"menu_order":0,"comment_status":"closed","ping_status":"closed","template":"","meta":[],"_links":{"self":[{"href":"https:\/\/blog.rehairsystem.com\/da\/wp-json\/wp\/v2\/pages\/36"}],"collection":[{"href":"https:\/\/blog.rehairsystem.com\/da\/wp-json\/wp\/v2\/pages"}],"about":[{"href":"https:\/\/blog.rehairsystem.com\/da\/wp-json\/wp\/v2\/types\/page"}],"author":[{"embeddable":true,"href":"https:\/\/blog.rehairsystem.com\/da\/wp-json\/wp\/v2\/users\/1"}],"replies":[{"embeddable":true,"href":"https:\/\/blog.rehairsystem.com\/da\/wp-json\/wp\/v2\/comments?post=36"}],"version-history":[{"count":6,"href":"https:\/\/blog.rehairsystem.com\/da\/wp-json\/wp\/v2\/pages\/36\/revisions"}],"predecessor-version":[{"id":4765,"href":"https:\/\/blog.rehairsystem.com\/da\/wp-json\/wp\/v2\/pages\/36\/revisions\/4765"}],"wp:attachment":[{"href":"https:\/\/blog.rehairsystem.com\/da\/wp-json\/wp\/v2\/media?parent=36"}],"curies":[{"name":"wp","href":"https:\/\/api.w.org\/{rel}","templated":true}]}}