{"id":4562,"date":"2023-05-30T10:43:31","date_gmt":"2023-05-30T10:43:31","guid":{"rendered":"https:\/\/blog.rehairsystem.com\/?page_id=4562"},"modified":"2023-05-30T10:43:31","modified_gmt":"2023-05-30T10:43:31","slug":"privacy-policy","status":"publish","type":"page","link":"https:\/\/blog.rehairsystem.com\/da\/fortrolighedspolitik\/","title":{"rendered":"Fortrolighedspolitik"},"content":{"rendered":"<div class=\"heading-divider heading-divider--short animated fadeInDown\" data-scroll-class=\"fadeInDown\"><span style=\"color: #000000;\">Denne privatlivspolitik beskriver, hvordan www.rehairsystem.com (&quot;Webstedet&quot; eller &quot;vi&quot;) indsamler, bruger og videregiver dine personlige oplysninger, n\u00e5r du bes\u00f8ger eller foretager et k\u00f8b fra webstedet.<\/span><\/div>\n<div class=\"page__content content container  table is-striped is-bordered\">\n<div class=\"one-whole column\">\n<h3><\/h3>\n<h3><span style=\"color: #000000;\">Indsamling af personlige oplysninger<\/span><\/h3>\n<p><span style=\"color: #000000;\">N\u00e5r du bes\u00f8ger webstedet, indsamler vi visse oplysninger om din enhed, din interaktion med webstedet og oplysninger, der er n\u00f8dvendige for at behandle dine k\u00f8b. Vi kan ogs\u00e5 indsamle yderligere oplysninger, hvis du kontakter os for at f\u00e5 support. I denne privatlivspolitik henviser vi til enhver information, der entydigt kan identificere en person (inklusive oplysningerne nedenfor) som &quot;Personlige oplysninger&quot;.\u00a0<\/span><\/p>\n<h3><span style=\"color: #000000;\">Mindre\u00e5rige<\/span><\/h3>\n<p><span style=\"color: #000000;\">Siden er ikke beregnet til personer under en alder af\u00a0<em>15<\/em>. Vi indsamler ikke med vilje personlige oplysninger fra b\u00f8rn. Hvis du er for\u00e6lder eller v\u00e6rge og mener, at dit barn har givet os personlige oplysninger, bedes du kontakte os p\u00e5 nedenst\u00e5ende adresse for at anmode om sletning.<\/span><\/p>\n<h3><span style=\"color: #000000;\">Lovligt grundlag<\/span><\/h3>\n<p><span style=\"color: #000000;\">I henhold til den generelle databeskyttelsesforordning (&quot;GDPR&quot;), hvis du er bosiddende i Det Europ\u00e6iske \u00d8konomiske Samarbejdsomr\u00e5de (&quot;E\u00d8S&quot;), behandler vi dine personoplysninger p\u00e5 f\u00f8lgende lovlige grundlag:<\/span><\/p>\n<ul>\n<li><span style=\"color: #000000;\">Dit samtykke;<\/span><\/li>\n<li><span style=\"color: #000000;\">Udf\u00f8relsen af kontrakten mellem dig og webstedet;<\/span><\/li>\n<li><span style=\"color: #000000;\">Overholdelse af vores juridiske forpligtelser;<\/span><\/li>\n<li><span style=\"color: #000000;\">For at beskytte dine vitale interesser;<\/span><\/li>\n<li><span style=\"color: #000000;\">At udf\u00f8re en opgave udf\u00f8rt i offentlighedens interesse;<\/span><\/li>\n<li><span style=\"color: #000000;\">For vores legitime interesser, som ikke tilsides\u00e6tter dine grundl\u00e6ggende rettigheder og friheder.<\/span><\/li>\n<\/ul>\n<h3><span style=\"color: #000000;\">Tilbageholdelse<\/span><\/h3>\n<p><span style=\"color: #000000;\">N\u00e5r du afgiver en ordre via webstedet, vil vi opbevare dine personlige oplysninger til vores arkiv, medmindre og indtil du beder os om at slette disse oplysninger. For mere information om din ret til sletning, se venligst afsnittet &#039;Dine rettigheder&#039; nedenfor.<\/span><\/p>\n<h3><span style=\"color: #000000;\">Cookies<\/span><\/h3>\n<p><span style=\"color: #000000;\">En cookie er en lille m\u00e6ngde information, der downloades til din computer eller enhed, n\u00e5r du bes\u00f8ger vores websted. Vi bruger en r\u00e6kke forskellige cookies, herunder funktionelle, ydeevne, annoncering og sociale medier eller indholdscookies. Cookies g\u00f8r din browsingoplevelse bedre ved at tillade webstedet at huske dine handlinger og pr\u00e6ferencer (s\u00e5som login og omr\u00e5devalg). Det betyder, at du ikke beh\u00f8ver at indtaste disse oplysninger igen, hver gang du vender tilbage til webstedet eller browser fra en side til en anden. Cookies giver ogs\u00e5 information om, hvordan folk bruger hjemmesiden, for eksempel om det er deres f\u00f8rste gang, de bes\u00f8ger, eller om de er en hyppig bes\u00f8gende.<\/span><\/p>\n<p><span style=\"color: #000000;\">Vi bruger f\u00f8lgende cookies til at optimere din oplevelse p\u00e5 vores websted og til at levere vores tjenester.<\/span><\/p>\n<h3><span style=\"color: #000000;\">Spor ikke<\/span><\/h3>\n<p><span style=\"color: #000000;\">Bem\u00e6rk venligst, at fordi der ikke er nogen konsekvent brancheforst\u00e5else af, hvordan man reagerer p\u00e5 &quot;Do Not Track&quot;-signaler, \u00e6ndrer vi ikke vores dataindsamling og brugspraksis, n\u00e5r vi registrerer et s\u00e5dant signal fra din browser.<\/span><\/p>\n<h3><span style=\"color: #000000;\">\u00c6ndringer<\/span><\/h3>\n<p><span style=\"color: #000000;\">Vi kan opdatere denne fortrolighedspolitik fra tid til anden for at afspejle, for eksempel \u00e6ndringer i vores praksis eller af andre operationelle, juridiske eller regulatoriske \u00e5rsager.<\/span><\/p>\n<h3><span style=\"color: #000000;\">Kontakt<\/span><\/h3>\n<p><span style=\"color: #000000;\">For mere information om vores privatlivspraksis, hvis du har sp\u00f8rgsm\u00e5l, eller hvis du \u00f8nsker at indgive en klage, bedes du kontakte os via e-mail p\u00e5 support@rehairsystem.com.<\/span><\/p>\n<\/div>\n<\/div>","protected":false},"excerpt":{"rendered":"<p>This Privacy Policy describes how www.rehairsystem.com (the \u201cSite\u201d or \u201cwe\u201d) collects, uses, and discloses your Personal Information when you visit or make a purchase from &#8230; <a title=\"Fortrolighedspolitik\" class=\"read-more\" href=\"https:\/\/blog.rehairsystem.com\/da\/fortrolighedspolitik\/\" aria-label=\"More on Privacy Policy\">L\u00e6s Mere<\/a><\/p>","protected":false},"author":1,"featured_media":0,"parent":0,"menu_order":0,"comment_status":"closed","ping_status":"closed","template":"","meta":[],"_links":{"self":[{"href":"https:\/\/blog.rehairsystem.com\/da\/wp-json\/wp\/v2\/pages\/4562"}],"collection":[{"href":"https:\/\/blog.rehairsystem.com\/da\/wp-json\/wp\/v2\/pages"}],"about":[{"href":"https:\/\/blog.rehairsystem.com\/da\/wp-json\/wp\/v2\/types\/page"}],"author":[{"embeddable":true,"href":"https:\/\/blog.rehairsystem.com\/da\/wp-json\/wp\/v2\/users\/1"}],"replies":[{"embeddable":true,"href":"https:\/\/blog.rehairsystem.com\/da\/wp-json\/wp\/v2\/comments?post=4562"}],"version-history":[{"count":1,"href":"https:\/\/blog.rehairsystem.com\/da\/wp-json\/wp\/v2\/pages\/4562\/revisions"}],"predecessor-version":[{"id":4563,"href":"https:\/\/blog.rehairsystem.com\/da\/wp-json\/wp\/v2\/pages\/4562\/revisions\/4563"}],"wp:attachment":[{"href":"https:\/\/blog.rehairsystem.com\/da\/wp-json\/wp\/v2\/media?parent=4562"}],"curies":[{"name":"wp","href":"https:\/\/api.w.org\/{rel}","templated":true}]}}