{"id":34,"date":"2018-11-24T18:08:53","date_gmt":"2018-11-24T18:08:53","guid":{"rendered":"https:\/\/gpsites.co\/split\/?page_id=34"},"modified":"2023-05-30T11:11:29","modified_gmt":"2023-05-30T11:11:29","slug":"contact","status":"publish","type":"page","link":"https:\/\/blog.rehairsystem.com\/de\/kontakt\/","title":{"rendered":"Kontaktiere uns"},"content":{"rendered":"<p><span style=\"color: #000000;\">Vielen Dank f\u00fcr Ihren Besuch auf dem Blog von Rehairsystem! Wir hoffen, dass Sie unsere Inhalte informativ und hilfreich bei der Auswahl des richtigen Toupets oder Haarteils f\u00fcr M\u00e4nner und Frauen finden.<\/span><\/p>\n<p><span style=\"color: #000000;\">Wenn Sie Fragen, Bedenken oder Feedback zu unserem Blog haben oder sich \u00fcber unsere Produkte und Dienstleistungen erkundigen m\u00f6chten, z\u00f6gern Sie bitte nicht, uns \u00fcber die folgenden Methoden zu kontaktieren:<\/span><\/p>\n<ul>\n<li><span style=\"color: #000000;\">E-Mail: support@rehairsystem.com<\/span><\/li>\n<li><span style=\"color: #000000;\">Telefon: 1-(518) 873-4247 \/ 1-5188-REHAIR<\/span><\/li>\n<li><span style=\"color: #000000;\">WhatsApp: +86 18363906949<\/span><\/li>\n<li><span style=\"color: #000000;\">Shoping-Store: <a href=\"https:\/\/rehairsystem.com\/\" target=\"_blank\" rel=\"noopener\">https:\/\/rehairsystem.com<\/a><\/span><\/li>\n<\/ul>\n<p><span style=\"color: #000000;\">Wir sind bestrebt, alle Anfragen zeitnah zu beantworten und jedem unserer Kunden einen hervorragenden Service zu bieten. Vielen Dank, dass Sie sich f\u00fcr Rehairsystem als Ihre Ressource f\u00fcr alles rund um Toupet und Haarteile entschieden haben. Wir freuen uns, bald von Ihnen zu h\u00f6ren!<\/span><\/p>","protected":false},"excerpt":{"rendered":"<p>Thank you for visiting the Rehairsystem&#8217;s blog! We hope that you find our content informative and helpful in choosing the right Toupee or Hairpiece for &#8230; <a title=\"Kontaktiere uns\" class=\"read-more\" href=\"https:\/\/blog.rehairsystem.com\/de\/kontakt\/\" aria-label=\"Mehr zu Contact Us\">Weiterlesen \u2026<\/a><\/p>","protected":false},"author":1,"featured_media":0,"parent":0,"menu_order":0,"comment_status":"closed","ping_status":"closed","template":"","meta":[],"_links":{"self":[{"href":"https:\/\/blog.rehairsystem.com\/de\/wp-json\/wp\/v2\/pages\/34"}],"collection":[{"href":"https:\/\/blog.rehairsystem.com\/de\/wp-json\/wp\/v2\/pages"}],"about":[{"href":"https:\/\/blog.rehairsystem.com\/de\/wp-json\/wp\/v2\/types\/page"}],"author":[{"embeddable":true,"href":"https:\/\/blog.rehairsystem.com\/de\/wp-json\/wp\/v2\/users\/1"}],"replies":[{"embeddable":true,"href":"https:\/\/blog.rehairsystem.com\/de\/wp-json\/wp\/v2\/comments?post=34"}],"version-history":[{"count":3,"href":"https:\/\/blog.rehairsystem.com\/de\/wp-json\/wp\/v2\/pages\/34\/revisions"}],"predecessor-version":[{"id":4574,"href":"https:\/\/blog.rehairsystem.com\/de\/wp-json\/wp\/v2\/pages\/34\/revisions\/4574"}],"wp:attachment":[{"href":"https:\/\/blog.rehairsystem.com\/de\/wp-json\/wp\/v2\/media?parent=34"}],"curies":[{"name":"wp","href":"https:\/\/api.w.org\/{rel}","templated":true}]}}