{"id":36,"date":"2018-11-24T18:08:58","date_gmt":"2018-11-24T18:08:58","guid":{"rendered":"https:\/\/gpsites.co\/split\/?page_id=36"},"modified":"2023-06-01T08:59:30","modified_gmt":"2023-06-01T08:59:30","slug":"about","status":"publish","type":"page","link":"https:\/\/blog.rehairsystem.com\/de\/um\/","title":{"rendered":"\u00dcber uns"},"content":{"rendered":"<h3><span style=\"color: #000000;\">\u00dcber den Blog von Rehairsystem:<\/span><\/h3>\n<p><span style=\"color: #000000;\">K\u00e4mpfen Sie mit Haarausfall oder Kahlheit? Machen Sie sich keine Sorgen mehr! In diesem umfassenden Ratgeber erfahren Sie alles, was Sie \u00fcber Toupets oder Haarteile f\u00fcr M\u00e4nner und Frauen wissen m\u00fcssen.<\/span><\/p>\n<p><span style=\"color: #000000;\">Von der Auswahl des richtigen Materials, Stils, der richtigen Farbe und L\u00e4nge bis hin zur richtigen Wartung und Pflege sind Sie bei uns genau richtig. Finden Sie heraus, wie Sie mit einem perfekten Toupet oder Haarteil Ihr Selbstvertrauen zur\u00fcckgewinnen und Ihr Aussehen ver\u00e4ndern k\u00f6nnen. Lesen Sie jetzt und entdecken Sie jeden Tag die Geheimnisse eines perfekten Haartages!<\/span><\/p>\n<h3><span style=\"color: #000000;\">\u00dcber Rehairsystem.com:<\/span><\/h3>\n<p><span style=\"color: #000000;\">Willkommen zu <a href=\"https:\/\/rehairsystem.com\/\" target=\"_blank\" rel=\"noopener\"><strong>Rehairsystem-Shop<\/strong><\/a>, Ihre Anlaufstelle f\u00fcr erstklassige Echthaar-Ersatzsysteme. Wir sind ein Direktlieferant ab Werk, dessen Leidenschaft es ist, die Welt mit wundersch\u00f6nen Haarteilen zu versorgen. Unsere Mission ist es, das Leben der Menschen durch unsere hochwertigen Haarsysteme zu ver\u00e4ndern, die zu einem erschwinglichen Preis f\u00fcr jedes Budget und jeden Lebensstil erh\u00e4ltlich sind!<\/span><\/p>\n<p><span style=\"color: #000000;\">Unsere Fabriken befinden sich in Qingdao, China, wo wir alle Arten von Echthaarersatzprodukten herstellen. Mit einer breiten Palette verf\u00fcgbarer Haarsysteme, darunter Hauthaarsysteme, Spitzenhaarsysteme, Monohaarsysteme und Kombinationssysteme sowie der Option f\u00fcr ma\u00dfgeschneiderte Haarsysteme, sind wir stolz darauf, unsere Kunden mit unseren hochwertigen Produkten zu beeindrucken und h\u00f6ren Sie nie auf, sich zu verbessern, um Ihre Erwartungen zu \u00fcbertreffen.<\/span><\/p>\n<p><span style=\"color: #000000;\">Wir sind bestrebt, unseren Kunden das bestm\u00f6gliche Einkaufserlebnis zu bieten und sicherzustellen, dass sie das perfekte Haarsystemprodukt f\u00fcr ihre Bed\u00fcrfnisse finden. Wir verstehen, dass die Bestellung von Haarpflegeprodukten bei einem Einzelh\u00e4ndler oder einem anderen Online-Unternehmen eine kostspielige und langwierige Angelegenheit sein kann. Allerdings bieten wir bei Rehairsystem erschwingliche Preise im Vergleich zu Salons und Haarersatzstudios oder Friseurclubs mit ihren hohen Aufschl\u00e4gen, verbindlichen Vertr\u00e4gen und teuren Wartungsbesuchen. Wir bieten Unterst\u00fctzung und Interessenvertretung, die in der Online-Haarbranche ihresgleichen suchen, und sorgen so f\u00fcr die Zufriedenheit unserer Kunden.<\/span><\/p>\n<p><span style=\"color: #000000;\">Wir streben nach unserem Ziel, Menschen auf der ganzen Welt sch\u00f6ne Haarsysteme anzubieten. Egal, ob Sie mit Haarausfall zu k\u00e4mpfen haben oder nach einem neuen Haarersatzsystem suchen, wir sind Ihre vertrauensw\u00fcrdige Quelle f\u00fcr Haarersatz in bester Qualit\u00e4t. Treten Sie noch heute mit uns in Kontakt und lassen Sie sich von uns dabei helfen, Ihre Lebensqualit\u00e4t durch unsere Premium-Haarersatzprodukte zu verbessern!<\/span><\/p>","protected":false},"excerpt":{"rendered":"<p>About\u00a0Rehairsystem&#8217;s Blog: Are you struggling with hair loss or baldness? Worry no more! In this comprehensive guide, you\u2019ll learn everything you need to know about &#8230; <a title=\"\u00dcber uns\" class=\"read-more\" href=\"https:\/\/blog.rehairsystem.com\/de\/um\/\" aria-label=\"Mehr zu About Us\">Weiterlesen \u2026<\/a><\/p>","protected":false},"author":1,"featured_media":0,"parent":0,"menu_order":0,"comment_status":"closed","ping_status":"closed","template":"","meta":[],"_links":{"self":[{"href":"https:\/\/blog.rehairsystem.com\/de\/wp-json\/wp\/v2\/pages\/36"}],"collection":[{"href":"https:\/\/blog.rehairsystem.com\/de\/wp-json\/wp\/v2\/pages"}],"about":[{"href":"https:\/\/blog.rehairsystem.com\/de\/wp-json\/wp\/v2\/types\/page"}],"author":[{"embeddable":true,"href":"https:\/\/blog.rehairsystem.com\/de\/wp-json\/wp\/v2\/users\/1"}],"replies":[{"embeddable":true,"href":"https:\/\/blog.rehairsystem.com\/de\/wp-json\/wp\/v2\/comments?post=36"}],"version-history":[{"count":6,"href":"https:\/\/blog.rehairsystem.com\/de\/wp-json\/wp\/v2\/pages\/36\/revisions"}],"predecessor-version":[{"id":4765,"href":"https:\/\/blog.rehairsystem.com\/de\/wp-json\/wp\/v2\/pages\/36\/revisions\/4765"}],"wp:attachment":[{"href":"https:\/\/blog.rehairsystem.com\/de\/wp-json\/wp\/v2\/media?parent=36"}],"curies":[{"name":"wp","href":"https:\/\/api.w.org\/{rel}","templated":true}]}}