{"id":4562,"date":"2023-05-30T10:43:31","date_gmt":"2023-05-30T10:43:31","guid":{"rendered":"https:\/\/blog.rehairsystem.com\/?page_id=4562"},"modified":"2023-05-30T10:43:31","modified_gmt":"2023-05-30T10:43:31","slug":"privacy-policy","status":"publish","type":"page","link":"https:\/\/blog.rehairsystem.com\/de\/datenschutzrichtlinie\/","title":{"rendered":"Datenschutz-Bestimmungen"},"content":{"rendered":"<div class=\"heading-divider heading-divider--short animated fadeInDown\" data-scroll-class=\"fadeInDown\"><span style=\"color: #000000;\">In dieser Datenschutzrichtlinie wird beschrieben, wie www.rehairsystem.com (die \u201eWebsite\u201c oder \u201ewir\u201c) Ihre personenbezogenen Daten erfasst, verwendet und offenlegt, wenn Sie die Website besuchen oder dort einen Kauf t\u00e4tigen.<\/span><\/div>\n<div class=\"page__content content container  table is-striped is-bordered\">\n<div class=\"one-whole column\">\n<h3><\/h3>\n<h3><span style=\"color: #000000;\">Sammeln personenbezogener Daten<\/span><\/h3>\n<p><span style=\"color: #000000;\">Wenn Sie die Website besuchen, erfassen wir bestimmte Informationen \u00fcber Ihr Ger\u00e4t, Ihre Interaktion mit der Website und Informationen, die zur Abwicklung Ihrer Eink\u00e4ufe erforderlich sind. Wir erfassen m\u00f6glicherweise auch zus\u00e4tzliche Informationen, wenn Sie uns zur Unterst\u00fctzung kontaktieren. In dieser Datenschutzrichtlinie bezeichnen wir alle Informationen, die eine Person eindeutig identifizieren k\u00f6nnen (einschlie\u00dflich der unten aufgef\u00fchrten Informationen), als \u201epersonenbezogene Daten\u201c.\u00a0<\/span><\/p>\n<h3><span style=\"color: #000000;\">Minderj\u00e4hrige<\/span><\/h3>\n<p><span style=\"color: #000000;\">Die Website ist nicht f\u00fcr Personen unter dem Alter von bestimmt\u00a0<em>15<\/em>. Wir erfassen nicht absichtlich personenbezogene Daten von Kindern. Wenn Sie der Elternteil oder Erziehungsberechtigte sind und glauben, dass Ihr Kind uns personenbezogene Daten zur Verf\u00fcgung gestellt hat, kontaktieren Sie uns bitte unter der unten angegebenen Adresse, um die L\u00f6schung zu beantragen.<\/span><\/p>\n<h3><span style=\"color: #000000;\">Rechtsgrundlage<\/span><\/h3>\n<p><span style=\"color: #000000;\">Gem\u00e4\u00df der Datenschutz-Grundverordnung (\u201eDSGVO\u201c) verarbeiten wir Ihre personenbezogenen Daten, wenn Sie im Europ\u00e4ischen Wirtschaftsraum (\u201eEWR\u201c) ans\u00e4ssig sind, auf den folgenden Rechtsgrundlagen:<\/span><\/p>\n<ul>\n<li><span style=\"color: #000000;\">Ihre Einwilligung;<\/span><\/li>\n<li><span style=\"color: #000000;\">Die Erf\u00fcllung des Vertrags zwischen Ihnen und der Website;<\/span><\/li>\n<li><span style=\"color: #000000;\">Einhaltung unserer gesetzlichen Verpflichtungen;<\/span><\/li>\n<li><span style=\"color: #000000;\">Um Ihre lebenswichtigen Interessen zu sch\u00fctzen;<\/span><\/li>\n<li><span style=\"color: #000000;\">Zur Erf\u00fcllung einer Aufgabe, die im \u00f6ffentlichen Interesse liegt;<\/span><\/li>\n<li><span style=\"color: #000000;\">F\u00fcr unsere berechtigten Interessen, die Ihre Grundrechte und Grundfreiheiten nicht au\u00dfer Kraft setzen.<\/span><\/li>\n<\/ul>\n<h3><span style=\"color: #000000;\">Zur\u00fcckbehaltung<\/span><\/h3>\n<p><span style=\"color: #000000;\">Wenn Sie \u00fcber die Website eine Bestellung aufgeben, speichern wir Ihre personenbezogenen Daten f\u00fcr unsere Unterlagen, es sei denn, Sie bitten uns, diese Daten zu l\u00f6schen. Weitere Informationen zu Ihrem Recht auf L\u00f6schung finden Sie im Abschnitt \u201eIhre Rechte\u201c weiter unten.<\/span><\/p>\n<h3><span style=\"color: #000000;\">Kekse<\/span><\/h3>\n<p><span style=\"color: #000000;\">Ein Cookie ist eine kleine Informationsmenge, die auf Ihren Computer oder Ihr Ger\u00e4t heruntergeladen wird, wenn Sie unsere Website besuchen. Wir verwenden eine Reihe verschiedener Cookies, darunter Funktions-, Leistungs-, Werbe- und Social-Media- oder Inhalts-Cookies. Cookies verbessern Ihr Surferlebnis, indem sie es der Website erm\u00f6glichen, sich an Ihre Aktionen und Pr\u00e4ferenzen (z. B. Anmeldung und Regionsauswahl) zu erinnern. Dies bedeutet, dass Sie diese Informationen nicht jedes Mal erneut eingeben m\u00fcssen, wenn Sie zur Website zur\u00fcckkehren oder von einer Seite zur anderen wechseln. Cookies liefern auch Informationen dar\u00fcber, wie Menschen die Website nutzen, beispielsweise ob es sich um ihren ersten Besuch handelt oder ob sie ein h\u00e4ufiger Besucher sind.<\/span><\/p>\n<p><span style=\"color: #000000;\">Wir verwenden die folgenden Cookies, um Ihr Erlebnis auf unserer Website zu optimieren und unsere Dienste bereitzustellen.<\/span><\/p>\n<h3><span style=\"color: #000000;\">Nicht verfolgen<\/span><\/h3>\n<p><span style=\"color: #000000;\">Bitte beachten Sie, dass wir unsere Datenerfassungs- und Nutzungspraktiken nicht \u00e4ndern, wenn wir ein solches Signal von Ihrem Browser erkennen, da es in der Branche kein einheitliches Verst\u00e4ndnis dar\u00fcber gibt, wie auf \u201eDo Not Track\u201c-Signale reagiert werden soll.<\/span><\/p>\n<h3><span style=\"color: #000000;\">\u00c4nderungen<\/span><\/h3>\n<p><span style=\"color: #000000;\">Wir k\u00f6nnen diese Datenschutzrichtlinie von Zeit zu Zeit aktualisieren, um beispielsweise \u00c4nderungen unserer Praktiken oder aus anderen betrieblichen, rechtlichen oder regulatorischen Gr\u00fcnden Rechnung zu tragen.<\/span><\/p>\n<h3><span style=\"color: #000000;\">Kontakt<\/span><\/h3>\n<p><span style=\"color: #000000;\">F\u00fcr weitere Informationen zu unseren Datenschutzpraktiken, wenn Sie Fragen haben oder eine Beschwerde einreichen m\u00f6chten, kontaktieren Sie uns bitte per E-Mail unter support@rehairsystem.com.<\/span><\/p>\n<\/div>\n<\/div>","protected":false},"excerpt":{"rendered":"<p>This Privacy Policy describes how www.rehairsystem.com (the \u201cSite\u201d or \u201cwe\u201d) collects, uses, and discloses your Personal Information when you visit or make a purchase from &#8230; <a title=\"Datenschutz-Bestimmungen\" class=\"read-more\" href=\"https:\/\/blog.rehairsystem.com\/de\/datenschutzrichtlinie\/\" aria-label=\"Mehr zu Privacy Policy\">Weiterlesen \u2026<\/a><\/p>","protected":false},"author":1,"featured_media":0,"parent":0,"menu_order":0,"comment_status":"closed","ping_status":"closed","template":"","meta":[],"_links":{"self":[{"href":"https:\/\/blog.rehairsystem.com\/de\/wp-json\/wp\/v2\/pages\/4562"}],"collection":[{"href":"https:\/\/blog.rehairsystem.com\/de\/wp-json\/wp\/v2\/pages"}],"about":[{"href":"https:\/\/blog.rehairsystem.com\/de\/wp-json\/wp\/v2\/types\/page"}],"author":[{"embeddable":true,"href":"https:\/\/blog.rehairsystem.com\/de\/wp-json\/wp\/v2\/users\/1"}],"replies":[{"embeddable":true,"href":"https:\/\/blog.rehairsystem.com\/de\/wp-json\/wp\/v2\/comments?post=4562"}],"version-history":[{"count":1,"href":"https:\/\/blog.rehairsystem.com\/de\/wp-json\/wp\/v2\/pages\/4562\/revisions"}],"predecessor-version":[{"id":4563,"href":"https:\/\/blog.rehairsystem.com\/de\/wp-json\/wp\/v2\/pages\/4562\/revisions\/4563"}],"wp:attachment":[{"href":"https:\/\/blog.rehairsystem.com\/de\/wp-json\/wp\/v2\/media?parent=4562"}],"curies":[{"name":"wp","href":"https:\/\/api.w.org\/{rel}","templated":true}]}}