{"id":133,"date":"2020-09-28T21:32:38","date_gmt":"2020-09-28T21:32:38","guid":{"rendered":"https:\/\/newsroom.wordifysites.com\/?page_id=133"},"modified":"2023-07-20T03:44:50","modified_gmt":"2023-07-20T03:44:50","slug":"home","status":"publish","type":"page","link":"https:\/\/blog.rehairsystem.com\/es\/","title":{"rendered":"Gu\u00eda de compra y personalizaci\u00f3n de tup\u00e9 para hombres"},"content":{"rendered":"<section class=\"gb-container gb-container-dee0bfee\">\n\n<h2 class=\"gb-headline gb-headline-1bd93e86\"><span class=\"gb-icon\"><svg xmlns=\"http:\/\/www.w3.org\/2000\/svg\" viewbox=\"0 0 48 48\">.st1{pantalla:ninguna}<path d=\"M0 0h48v48H0V0z\"><\/path><path d=\"M7.981 40.019h32.038V7.981H7.981v32.038z\"><\/path><\/svg><\/span><span class=\"gb-headline-text\">celebridad calva<\/span><\/h2>\n\n\n\n<div class=\"gb-grid-wrapper gb-grid-wrapper-c9bd997a gb-query-loop-wrapper\">\n<div class=\"gb-grid-column gb-grid-column-1d00891a gb-query-loop-item post-5475 post type-post status-publish format-standard has-post-thumbnail hentry category-celebrity-toupee tag-dave-chappelle-with-hair resize-featured-image\"><article class=\"gb-container gb-container-1d00891a\">\n<div class=\"gb-container gb-container-de5a9cc3\">\n<div class=\"gb-container gb-container-e49c9a09\">\n<figure class=\"gb-block-image gb-block-image-8224086f\"><a href=\"https:\/\/blog.rehairsystem.com\/es\/did-dave-chappelle-con-pelo-por-que-es-calvo\/\"><img width=\"608\" height=\"437\" src=\"https:\/\/blog.rehairsystem.com\/wp-content\/uploads\/2023\/06\/Dave-Chappelle-With-Hair.jpg\" class=\"gb-image-8224086f\" alt=\"Dave Chappelle con pelo\" decoding=\"async\" loading=\"lazy\" srcset=\"https:\/\/blog.rehairsystem.com\/wp-content\/uploads\/2023\/06\/Dave-Chappelle-With-Hair.jpg 608w, https:\/\/blog.rehairsystem.com\/wp-content\/uploads\/2023\/06\/Dave-Chappelle-With-Hair-300x216.jpg 300w, https:\/\/blog.rehairsystem.com\/wp-content\/uploads\/2023\/06\/Dave-Chappelle-With-Hair-18x12.jpg 18w\" sizes=\"(max-width: 608px) 100vw, 608px\" \/><\/a><\/figure>\n<\/div>\n\n<div class=\"gb-container gb-container-20041c6e\">\n<h3 class=\"gb-headline gb-headline-8c215d81 gb-headline-text\">\u00bfDave Chappelle con cabello alguna vez? \u00bfPor qu\u00e9 es calvo?<\/h3>\n\n<p class=\"gb-headline gb-headline-13f10a89 gb-headline-text\">Dave Chappelle, un comediante de renombre, nos ha estado haciendo re\u00edr durante m\u00e1s de dos d\u00e9cadas. Hay un aspecto de su apariencia que siempre ha...<\/p>\n\n<a class=\"gb-button gb-button-1c4f2dae gb-button-text\" href=\"https:\/\/blog.rehairsystem.com\/es\/did-dave-chappelle-con-pelo-por-que-es-calvo\/\">Leer m\u00e1s<\/a>\n<\/div>\n<\/div>\n<\/article><\/div>\n\n<div class=\"gb-grid-column gb-grid-column-1d00891a gb-query-loop-item post-5256 post type-post status-publish format-standard has-post-thumbnail hentry category-celebrity-toupee tag-tim-mcgraw-balding resize-featured-image\"><article class=\"gb-container gb-container-1d00891a\">\n<div class=\"gb-container gb-container-de5a9cc3\">\n<div class=\"gb-container gb-container-e49c9a09\">\n<figure class=\"gb-block-image gb-block-image-8224086f\"><a href=\"https:\/\/blog.rehairsystem.com\/es\/tim-mcgraws-secreat-calvo\/\"><img width=\"642\" height=\"413\" src=\"https:\/\/blog.rehairsystem.com\/wp-content\/uploads\/2023\/06\/Tim-Mcgraw-balding.jpg\" class=\"gb-image-8224086f\" alt=\"Tim McGraw se est\u00e1 quedando calvo\" decoding=\"async\" loading=\"lazy\" srcset=\"https:\/\/blog.rehairsystem.com\/wp-content\/uploads\/2023\/06\/Tim-Mcgraw-balding.jpg 642w, https:\/\/blog.rehairsystem.com\/wp-content\/uploads\/2023\/06\/Tim-Mcgraw-balding-300x193.jpg 300w, https:\/\/blog.rehairsystem.com\/wp-content\/uploads\/2023\/06\/Tim-Mcgraw-balding-18x12.jpg 18w\" sizes=\"(max-width: 642px) 100vw, 642px\" \/><\/a><\/figure>\n<\/div>\n\n<div class=\"gb-container gb-container-20041c6e\">\n<h3 class=\"gb-headline gb-headline-8c215d81 gb-headline-text\">El secreto sobre la calvicie de Tim McGraw<\/h3>\n\n<p class=\"gb-headline gb-headline-13f10a89 gb-headline-text\">Tim McGraw es uno de los nombres m\u00e1s importantes de la m\u00fasica country, con una carrera que abarca m\u00e1s de tres d\u00e9cadas. \u00bfSab\u00edas que el pa\u00eds...<\/p>\n\n<a class=\"gb-button gb-button-1c4f2dae gb-button-text\" href=\"https:\/\/blog.rehairsystem.com\/es\/tim-mcgraws-secreat-calvo\/\">Leer m\u00e1s<\/a>\n<\/div>\n<\/div>\n<\/article><\/div>\n\n<div class=\"gb-grid-column gb-grid-column-1d00891a gb-query-loop-item post-5098 post type-post status-publish format-standard has-post-thumbnail hentry category-celebrity-toupee tag-chris-hemsworth-hairline resize-featured-image\"><article class=\"gb-container gb-container-1d00891a\">\n<div class=\"gb-container gb-container-de5a9cc3\">\n<div class=\"gb-container gb-container-e49c9a09\">\n<figure class=\"gb-block-image gb-block-image-8224086f\"><a href=\"https:\/\/blog.rehairsystem.com\/es\/misterio-y-evolucion-de-la-rayita-de-chris-hemsworth\/\"><img width=\"656\" height=\"475\" src=\"https:\/\/blog.rehairsystem.com\/wp-content\/uploads\/2023\/06\/Chris-Hemsworth-Hair.jpg\" class=\"gb-image-8224086f\" alt=\"El cabello de Chris Hemsworth\" decoding=\"async\" loading=\"lazy\" srcset=\"https:\/\/blog.rehairsystem.com\/wp-content\/uploads\/2023\/06\/Chris-Hemsworth-Hair.jpg 656w, https:\/\/blog.rehairsystem.com\/wp-content\/uploads\/2023\/06\/Chris-Hemsworth-Hair-300x217.jpg 300w, https:\/\/blog.rehairsystem.com\/wp-content\/uploads\/2023\/06\/Chris-Hemsworth-Hair-18x12.jpg 18w\" sizes=\"(max-width: 656px) 100vw, 656px\" \/><\/a><\/figure>\n<\/div>\n\n<div class=\"gb-container gb-container-20041c6e\">\n<h3 class=\"gb-headline gb-headline-8c215d81 gb-headline-text\">El misterio y la evoluci\u00f3n de la l\u00ednea del cabello de Chris Hemsworth<\/h3>\n\n<p class=\"gb-headline gb-headline-13f10a89 gb-headline-text\">Chris Hemsworth es uno de los actores m\u00e1s populares de Hollywood. Pero, una cosa que ha sido fuente de mucho inter\u00e9s y especulaci\u00f3n es...<\/p>\n\n<a class=\"gb-button gb-button-1c4f2dae gb-button-text\" href=\"https:\/\/blog.rehairsystem.com\/es\/misterio-y-evolucion-de-la-rayita-de-chris-hemsworth\/\">Leer m\u00e1s<\/a>\n<\/div>\n<\/div>\n<\/article><\/div>\n<\/div>\n\n<\/section>\n\n<section class=\"gb-container gb-container-a03c083f\">\n\n<h2 class=\"gb-headline gb-headline-5349345f\"><span class=\"gb-icon\"><svg xmlns=\"http:\/\/www.w3.org\/2000\/svg\" viewbox=\"0 0 48 48\">.st1{pantalla:ninguna}<path d=\"M0 0h48v48H0V0z\"><\/path><path d=\"M7.981 40.019h32.038V7.981H7.981v32.038z\"><\/path><\/svg><\/span><span class=\"gb-headline-text\">peluqu\u00edn de celebridades<\/span><\/h2>\n\n\n\n<div class=\"gb-grid-wrapper gb-grid-wrapper-ad3e3527 gb-query-loop-wrapper\">\n<div class=\"gb-grid-column gb-grid-column-63934c65 gb-query-loop-item post-5843 post type-post status-publish format-standard has-post-thumbnail hentry category-bald-celebrities category-celebrity-toupee tag-john-wayne-bald resize-featured-image\"><article class=\"gb-container gb-container-63934c65\">\n<figure class=\"gb-block-image gb-block-image-2e6660e2\"><a href=\"https:\/\/blog.rehairsystem.com\/wp-content\/uploads\/2023\/06\/John-Wayne-Bald.jpg\"><img width=\"562\" height=\"390\" src=\"https:\/\/blog.rehairsystem.com\/wp-content\/uploads\/2023\/06\/John-Wayne-Bald.jpg\" class=\"gb-image-2e6660e2\" alt=\"Juan Wayne Calvo\" decoding=\"async\" loading=\"lazy\" srcset=\"https:\/\/blog.rehairsystem.com\/wp-content\/uploads\/2023\/06\/John-Wayne-Bald.jpg 562w, https:\/\/blog.rehairsystem.com\/wp-content\/uploads\/2023\/06\/John-Wayne-Bald-300x208.jpg 300w, https:\/\/blog.rehairsystem.com\/wp-content\/uploads\/2023\/06\/John-Wayne-Bald-18x12.jpg 18w\" sizes=\"(max-width: 562px) 100vw, 562px\" \/><\/a><\/figure>\n\n<h3 class=\"gb-headline gb-headline-32d6a52a gb-headline-text\"><a href=\"https:\/\/blog.rehairsystem.com\/es\/john-wayne-calvo-y-tupe-revelacion\/\">Revelan calvicie y peluqu\u00edn de John Wayne<\/a><\/h3>\n<\/article><\/div>\n\n<div class=\"gb-grid-column gb-grid-column-63934c65 gb-query-loop-item post-5260 post type-post status-publish format-standard has-post-thumbnail hentry category-celebrity-toupee tag-ted-danson-bald resize-featured-image\"><article class=\"gb-container gb-container-63934c65\">\n<figure class=\"gb-block-image gb-block-image-2e6660e2\"><a href=\"https:\/\/blog.rehairsystem.com\/wp-content\/uploads\/2023\/06\/Ted-Danson-Bald.jpg\"><img width=\"601\" height=\"352\" src=\"https:\/\/blog.rehairsystem.com\/wp-content\/uploads\/2023\/06\/Ted-Danson-Bald.jpg\" class=\"gb-image-2e6660e2\" alt=\"Ted Danson Calvo\" decoding=\"async\" loading=\"lazy\" srcset=\"https:\/\/blog.rehairsystem.com\/wp-content\/uploads\/2023\/06\/Ted-Danson-Bald.jpg 601w, https:\/\/blog.rehairsystem.com\/wp-content\/uploads\/2023\/06\/Ted-Danson-Bald-300x176.jpg 300w, https:\/\/blog.rehairsystem.com\/wp-content\/uploads\/2023\/06\/Ted-Danson-Bald-18x12.jpg 18w\" sizes=\"(max-width: 601px) 100vw, 601px\" \/><\/a><\/figure>\n\n<h3 class=\"gb-headline gb-headline-32d6a52a gb-headline-text\"><a href=\"https:\/\/blog.rehairsystem.com\/es\/ted-danson-es-calvo-o-usa-tupe\/\">\u00bfTed Danson es calvo y usa peluqu\u00edn?<\/a><\/h3>\n<\/article><\/div>\n\n<div class=\"gb-grid-column gb-grid-column-63934c65 gb-query-loop-item post-5069 post type-post status-publish format-standard has-post-thumbnail hentry category-celebrity-toupee tag-dean-martin-hairpiece resize-featured-image\"><article class=\"gb-container gb-container-63934c65\">\n<figure class=\"gb-block-image gb-block-image-2e6660e2\"><a href=\"https:\/\/blog.rehairsystem.com\/wp-content\/uploads\/2023\/06\/Dean-Martin-Hairpiece.png\"><img width=\"631\" height=\"478\" src=\"https:\/\/blog.rehairsystem.com\/wp-content\/uploads\/2023\/06\/Dean-Martin-Hairpiece.png\" class=\"gb-image-2e6660e2\" alt=\"Postizo Dean Martin\" decoding=\"async\" loading=\"lazy\" srcset=\"https:\/\/blog.rehairsystem.com\/wp-content\/uploads\/2023\/06\/Dean-Martin-Hairpiece.png 631w, https:\/\/blog.rehairsystem.com\/wp-content\/uploads\/2023\/06\/Dean-Martin-Hairpiece-300x227.png 300w, https:\/\/blog.rehairsystem.com\/wp-content\/uploads\/2023\/06\/Dean-Martin-Hairpiece-16x12.png 16w\" sizes=\"(max-width: 631px) 100vw, 631px\" \/><\/a><\/figure>\n\n<h3 class=\"gb-headline gb-headline-32d6a52a gb-headline-text\"><a href=\"https:\/\/blog.rehairsystem.com\/es\/dean-martin-usa-un-peluqueria\/\">Dean Martin usa un postizo: \u00bfes una verdad?<\/a><\/h3>\n<\/article><\/div>\n<\/div>\n\n<\/section>\n\n<section class=\"gb-container gb-container-e784682b\">\n\n<h2 class=\"gb-headline gb-headline-ddaf9f07\"><span class=\"gb-icon\"><svg xmlns=\"http:\/\/www.w3.org\/2000\/svg\" viewbox=\"0 0 48 48\">.st1{pantalla:ninguna}<path d=\"M0 0h48v48H0V0z\"><\/path><path d=\"M7.981 40.019h32.038V7.981H7.981v32.038z\"><\/path><\/svg><\/span><span class=\"gb-headline-text\">Noticias de \u00faltima hora<\/span><\/h2>\n\n\n<div class=\"gb-container gb-container-888934ed\">\n<div class=\"gb-container gb-container-4db19fea\">\n<div class=\"gb-grid-wrapper gb-grid-wrapper-1cda65a9\">\n<div class=\"gb-grid-column gb-grid-column-f509442b\"><div class=\"gb-container gb-container-f509442b\">\n\n<div class=\"gb-grid-wrapper gb-grid-wrapper-0d7b8330 gb-query-loop-wrapper\">\n<div class=\"gb-grid-column gb-grid-column-a0b521fb gb-query-loop-item post-7008 post type-post status-publish format-standard has-post-thumbnail hentry category-bald-celebrities tag-anthony-carrigan-with-hair resize-featured-image\"><div class=\"gb-container gb-container-a0b521fb\">\n<figure class=\"gb-block-image gb-block-image-75ad5fc0\"><a href=\"https:\/\/blog.rehairsystem.com\/es\/desde-el-pelo-hasta-calvo-anthony-carrigan-alopecia-viaje\/\"><img width=\"400\" height=\"293\" src=\"https:\/\/blog.rehairsystem.com\/wp-content\/uploads\/2023\/07\/anthony-carrigan-with-hair.jpg\" class=\"gb-image-75ad5fc0\" alt=\"anthony carrigan con pelo\" decoding=\"async\" loading=\"lazy\" srcset=\"https:\/\/blog.rehairsystem.com\/wp-content\/uploads\/2023\/07\/anthony-carrigan-with-hair.jpg 400w, https:\/\/blog.rehairsystem.com\/wp-content\/uploads\/2023\/07\/anthony-carrigan-with-hair-300x220.jpg 300w, https:\/\/blog.rehairsystem.com\/wp-content\/uploads\/2023\/07\/anthony-carrigan-with-hair-16x12.jpg 16w\" sizes=\"(max-width: 400px) 100vw, 400px\" \/><\/a><\/figure>\n\n<h3 class=\"gb-headline gb-headline-9d2c3c6c gb-headline-text\"><a href=\"https:\/\/blog.rehairsystem.com\/es\/desde-el-pelo-hasta-calvo-anthony-carrigan-alopecia-viaje\/\">De pelo a calvo: el inspirador viaje de Anthony Carrigan sobre la alopecia<\/a><\/h3>\n\n<p class=\"gb-headline gb-headline-b282e25d\"><span class=\"gb-icon\"><svg viewbox=\"0 0 18 20\" xmlns=\"http:\/\/www.w3.org\/2000\/svg\"><path d=\"M18 19a1 1 0 0 1-2 0v-2a3 3 0 0 0-3-3H5a3 3 0 0 0-3 3v2a1 1 0 0 1-2 0v-2a5 5 0 0 1 5-5h8a5 5 0 0 1 5 5v2Zm-9-9A5 5 0 1 1 9 0a5 5 0 0 1 0 10Zm0-2a3 3 0 1 0 0-6 3 3 0 0 0 0 6Z\"><\/path><\/svg><\/span><span class=\"gb-headline-text\"><a href=\"https:\/\/blog.rehairsystem.com\/es\/author\/rehairsystem\/\">Rehairsystem<\/a><\/span><\/p>\n\n<div class=\"gb-headline gb-headline-78f21c87 gb-headline-text\">Un Acotor que no solo ha abrazado su p\u00e9rdida de cabello sino que tambi\u00e9n se ha convertido en una inspiraci\u00f3n para muchos es Anthony Carrigan. Conocido por sus papeles...<\/div>\n<\/div><\/div>\n<\/div>\n\n<\/div><\/div>\n\n<div class=\"gb-grid-column gb-grid-column-9bf1f7e0\"><div class=\"gb-container gb-container-9bf1f7e0\">\n\n<div class=\"gb-grid-wrapper gb-grid-wrapper-901b3190 gb-query-loop-wrapper\">\n<div class=\"gb-grid-column gb-grid-column-84f0de1a gb-query-loop-item post-6952 post type-post status-publish format-standard has-post-thumbnail hentry category-celebrity-toupee tag-alex-eubank-hair resize-featured-image\"><div class=\"gb-container gb-container-84f0de1a\">\n<figure class=\"gb-block-image gb-block-image-a849106f\"><a href=\"https:\/\/blog.rehairsystem.com\/es\/alex-eubank-pelo-como-conseguir-su-peinado-iconico\/\"><img width=\"465\" height=\"342\" src=\"https:\/\/blog.rehairsystem.com\/wp-content\/uploads\/2023\/07\/Alex-Eubank-Hair.jpg\" class=\"gb-image-a849106f\" alt=\"Alex Eubank Cabello\" decoding=\"async\" loading=\"lazy\" srcset=\"https:\/\/blog.rehairsystem.com\/wp-content\/uploads\/2023\/07\/Alex-Eubank-Hair.jpg 465w, https:\/\/blog.rehairsystem.com\/wp-content\/uploads\/2023\/07\/Alex-Eubank-Hair-300x221.jpg 300w, https:\/\/blog.rehairsystem.com\/wp-content\/uploads\/2023\/07\/Alex-Eubank-Hair-16x12.jpg 16w\" sizes=\"(max-width: 465px) 100vw, 465px\" \/><\/a><\/figure>\n\n<h3 class=\"gb-headline gb-headline-501b878d gb-headline-text\"><a href=\"https:\/\/blog.rehairsystem.com\/es\/alex-eubank-pelo-como-conseguir-su-peinado-iconico\/\">Alex Eubank Hair: \u00bfC\u00f3mo conseguir su ic\u00f3nico peinado?<\/a><\/h3>\n\n<p class=\"gb-headline gb-headline-e13eec9e\"><span class=\"gb-icon\"><svg viewbox=\"0 0 18 20\" xmlns=\"http:\/\/www.w3.org\/2000\/svg\"><path d=\"M18 19a1 1 0 0 1-2 0v-2a3 3 0 0 0-3-3H5a3 3 0 0 0-3 3v2a1 1 0 0 1-2 0v-2a5 5 0 0 1 5-5h8a5 5 0 0 1 5 5v2Zm-9-9A5 5 0 1 1 9 0a5 5 0 0 1 0 10Zm0-2a3 3 0 1 0 0-6 3 3 0 0 0 0 6Z\"><\/path><\/svg><\/span><span class=\"gb-headline-text\"><a href=\"https:\/\/blog.rehairsystem.com\/es\/author\/rehairsystem\/\">Rehairsystem<\/a><\/span><\/p>\n\n<div class=\"gb-headline gb-headline-e4c02e03 gb-headline-text\">Si eres fan de Alex Eubank y su ic\u00f3nico peinado, \u00a1est\u00e1s de suerte! A partir de aqu\u00ed, nos adentraremos en el mundo del cabello de Alex Eubank\u2026<\/div>\n<\/div><\/div>\n<\/div>\n\n<\/div><\/div>\n<\/div>\n<\/div>\n<\/div>\n<\/section>","protected":false},"excerpt":{"rendered":"<p>.st1{display:none}Celebridad calva .st1{display:none}Tup\u00e9 de celebridad .st1{display:none}Noticias de \u00faltima hora<\/p>","protected":false},"author":1,"featured_media":0,"parent":0,"menu_order":0,"comment_status":"closed","ping_status":"closed","template":"","meta":[],"_links":{"self":[{"href":"https:\/\/blog.rehairsystem.com\/es\/wp-json\/wp\/v2\/pages\/133"}],"collection":[{"href":"https:\/\/blog.rehairsystem.com\/es\/wp-json\/wp\/v2\/pages"}],"about":[{"href":"https:\/\/blog.rehairsystem.com\/es\/wp-json\/wp\/v2\/types\/page"}],"author":[{"embeddable":true,"href":"https:\/\/blog.rehairsystem.com\/es\/wp-json\/wp\/v2\/users\/1"}],"replies":[{"embeddable":true,"href":"https:\/\/blog.rehairsystem.com\/es\/wp-json\/wp\/v2\/comments?post=133"}],"version-history":[{"count":27,"href":"https:\/\/blog.rehairsystem.com\/es\/wp-json\/wp\/v2\/pages\/133\/revisions"}],"predecessor-version":[{"id":7053,"href":"https:\/\/blog.rehairsystem.com\/es\/wp-json\/wp\/v2\/pages\/133\/revisions\/7053"}],"wp:attachment":[{"href":"https:\/\/blog.rehairsystem.com\/es\/wp-json\/wp\/v2\/media?parent=133"}],"curies":[{"name":"wp","href":"https:\/\/api.w.org\/{rel}","templated":true}]}}