{"id":36,"date":"2018-11-24T18:08:58","date_gmt":"2018-11-24T18:08:58","guid":{"rendered":"https:\/\/gpsites.co\/split\/?page_id=36"},"modified":"2023-06-01T08:59:30","modified_gmt":"2023-06-01T08:59:30","slug":"about","status":"publish","type":"page","link":"https:\/\/blog.rehairsystem.com\/es\/acerca-de\/","title":{"rendered":"Sobre nosotros"},"content":{"rendered":"<h3><span style=\"color: #000000;\">Sobre el Blog de Rehairsystem:<\/span><\/h3>\n<p><span style=\"color: #000000;\">\u00bfEst\u00e1s luchando contra la ca\u00edda del cabello o la calvicie? \u00a1No te preocupes m\u00e1s! En esta completa gu\u00eda, aprender\u00e1 todo lo que necesita saber sobre tup\u00e9s o postizos para hombres y mujeres.<\/span><\/p>\n<p><span style=\"color: #000000;\">Desde la elecci\u00f3n del material, el estilo, el color y la longitud correctos hasta el mantenimiento y cuidado adecuados, lo tenemos cubierto. Descubra c\u00f3mo puede recuperar su confianza y transformar su apariencia con un tup\u00e9 o postizo perfecto. \u00a1Lea ahora y descubra los secretos para un cabello perfecto todos los d\u00edas!<\/span><\/p>\n<h3><span style=\"color: #000000;\">Acerca de Rehairsystem.com:<\/span><\/h3>\n<p><span style=\"color: #000000;\">Bienvenido a <a href=\"https:\/\/rehairsystem.com\/\" target=\"_blank\" rel=\"noopener\"><strong>Tienda Rehairsystem<\/strong><\/a>, su destino favorito para los sistemas de reemplazo de cabello humano de primera calidad. Somos un proveedor directo de f\u00e1brica apasionado por brindarle al mundo hermosos postizos. Nuestra misi\u00f3n es cambiar la vida de las personas a trav\u00e9s de nuestros sistemas capilares de alta calidad, que tienen un precio asequible para todos los presupuestos y estilos de vida.<\/span><\/p>\n<p><span style=\"color: #000000;\">Nuestras f\u00e1bricas est\u00e1n ubicadas en Qingdao, China, donde fabricamos todo tipo de productos de reemplazo de cabello humano real. Con una amplia gama de sistemas para el cabello disponibles, que incluyen sistemas para el cabello con piel, sistemas para el cabello con cordones, sistemas para el cabello mono y sistemas combinados, as\u00ed como la opci\u00f3n de sistemas para el cabello hechos a medida, nos enorgullecemos de impresionar a nuestros clientes con nuestros productos de primera calidad. y nunca dejes de mejorar para superar tus expectativas.<\/span><\/p>\n<p><span style=\"color: #000000;\">Estamos comprometidos a brindar la mejor experiencia de compra posible a nuestros clientes, asegur\u00e1ndonos de que encuentren el producto de sistema capilar perfecto para sus necesidades. Entendemos que pedir soluciones para el cabello en una tienda minorista u otra compa\u00f1\u00eda en l\u00ednea puede ser una experiencia costosa y tediosa. Sin embargo, en el sitio de Rehairsystem, ofrecemos precios asequibles en comparaci\u00f3n con los salones y estudios de reemplazo de cabello o clubes de cabello, con sus grandes m\u00e1rgenes de beneficio, contratos vinculantes y costosas visitas de mantenimiento. Brindamos soporte y defensa sin igual en la industria del cabello en l\u00ednea, asegurando la satisfacci\u00f3n del cliente.<\/span><\/p>\n<p><span style=\"color: #000000;\">Nos esforzamos por alcanzar nuestro objetivo de proporcionar hermosos sistemas capilares a personas de todo el mundo. Ya sea que est\u00e9 luchando contra la p\u00e9rdida de cabello o est\u00e9 buscando un nuevo sistema de reemplazo de cabello, somos su fuente confiable para el reemplazo de cabello de la mejor calidad. \u00a1Con\u00e9ctese con nosotros hoy y perm\u00edtanos ayudarlo a mejorar su calidad de vida a trav\u00e9s de nuestros productos de reemplazo de cabello de primera calidad!<\/span><\/p>","protected":false},"excerpt":{"rendered":"<p>About\u00a0Rehairsystem&#8217;s Blog: Are you struggling with hair loss or baldness? Worry no more! In this comprehensive guide, you\u2019ll learn everything you need to know about &#8230; <a title=\"Sobre nosotros\" class=\"read-more\" href=\"https:\/\/blog.rehairsystem.com\/es\/acerca-de\/\" aria-label=\"M\u00e1s en About Us\">Leer m\u00e1s<\/a><\/p>","protected":false},"author":1,"featured_media":0,"parent":0,"menu_order":0,"comment_status":"closed","ping_status":"closed","template":"","meta":[],"_links":{"self":[{"href":"https:\/\/blog.rehairsystem.com\/es\/wp-json\/wp\/v2\/pages\/36"}],"collection":[{"href":"https:\/\/blog.rehairsystem.com\/es\/wp-json\/wp\/v2\/pages"}],"about":[{"href":"https:\/\/blog.rehairsystem.com\/es\/wp-json\/wp\/v2\/types\/page"}],"author":[{"embeddable":true,"href":"https:\/\/blog.rehairsystem.com\/es\/wp-json\/wp\/v2\/users\/1"}],"replies":[{"embeddable":true,"href":"https:\/\/blog.rehairsystem.com\/es\/wp-json\/wp\/v2\/comments?post=36"}],"version-history":[{"count":6,"href":"https:\/\/blog.rehairsystem.com\/es\/wp-json\/wp\/v2\/pages\/36\/revisions"}],"predecessor-version":[{"id":4765,"href":"https:\/\/blog.rehairsystem.com\/es\/wp-json\/wp\/v2\/pages\/36\/revisions\/4765"}],"wp:attachment":[{"href":"https:\/\/blog.rehairsystem.com\/es\/wp-json\/wp\/v2\/media?parent=36"}],"curies":[{"name":"wp","href":"https:\/\/api.w.org\/{rel}","templated":true}]}}