{"id":4562,"date":"2023-05-30T10:43:31","date_gmt":"2023-05-30T10:43:31","guid":{"rendered":"https:\/\/blog.rehairsystem.com\/?page_id=4562"},"modified":"2023-05-30T10:43:31","modified_gmt":"2023-05-30T10:43:31","slug":"privacy-policy","status":"publish","type":"page","link":"https:\/\/blog.rehairsystem.com\/es\/privacy-policy\/","title":{"rendered":"pol\u00edtica de privacidad"},"content":{"rendered":"<div class=\"heading-divider heading-divider--short animated fadeInDown\" data-scroll-class=\"fadeInDown\"><span style=\"color: #000000;\">Esta Pol\u00edtica de privacidad describe c\u00f3mo www.rehairsystem.com (el &quot;Sitio&quot; o &quot;nosotros&quot;) recopila, usa y divulga su Informaci\u00f3n personal cuando visita o realiza una compra en el Sitio.<\/span><\/div>\n<div class=\"page__content content container  table is-striped is-bordered\">\n<div class=\"one-whole column\">\n<h3><\/h3>\n<h3><span style=\"color: #000000;\">Recopilaci\u00f3n de informaci\u00f3n personal<\/span><\/h3>\n<p><span style=\"color: #000000;\">Cuando visita el Sitio, recopilamos cierta informaci\u00f3n sobre su dispositivo, su interacci\u00f3n con el Sitio y la informaci\u00f3n necesaria para procesar sus compras. Tambi\u00e9n podemos recopilar informaci\u00f3n adicional si se comunica con nosotros para obtener asistencia. En esta Pol\u00edtica de privacidad, nos referimos a cualquier informaci\u00f3n que pueda identificar de manera \u00fanica a una persona (incluida la informaci\u00f3n a continuaci\u00f3n) como &quot;Informaci\u00f3n personal&quot;.\u00a0<\/span><\/p>\n<h3><span style=\"color: #000000;\">menores<\/span><\/h3>\n<p><span style=\"color: #000000;\">El Sitio no est\u00e1 destinado a personas menores de\u00a0<em>15<\/em>. No recopilamos intencionalmente informaci\u00f3n personal de ni\u00f1os. Si usted es el padre o tutor y cree que su hijo nos ha proporcionado informaci\u00f3n personal, comun\u00edquese con nosotros a la direcci\u00f3n que figura a continuaci\u00f3n para solicitar la eliminaci\u00f3n.<\/span><\/p>\n<h3><span style=\"color: #000000;\">Base legal<\/span><\/h3>\n<p><span style=\"color: #000000;\">De conformidad con el Reglamento General de Protecci\u00f3n de Datos (&quot;GDPR&quot;), si usted es residente del Espacio Econ\u00f3mico Europeo (&quot;EEE&quot;), procesamos su informaci\u00f3n personal bajo las siguientes bases legales:<\/span><\/p>\n<ul>\n<li><span style=\"color: #000000;\">Tu consentimiento;<\/span><\/li>\n<li><span style=\"color: #000000;\">La ejecuci\u00f3n del contrato entre usted y el Sitio;<\/span><\/li>\n<li><span style=\"color: #000000;\">Cumplimiento de nuestras obligaciones legales;<\/span><\/li>\n<li><span style=\"color: #000000;\">Para proteger sus intereses vitales;<\/span><\/li>\n<li><span style=\"color: #000000;\">Para realizar una tarea llevada a cabo en el inter\u00e9s p\u00fablico;<\/span><\/li>\n<li><span style=\"color: #000000;\">Para nuestros intereses leg\u00edtimos, que no anulan sus derechos y libertades fundamentales.<\/span><\/li>\n<\/ul>\n<h3><span style=\"color: #000000;\">Retenci\u00f3n<\/span><\/h3>\n<p><span style=\"color: #000000;\">Cuando realiza un pedido a trav\u00e9s del Sitio, conservaremos su Informaci\u00f3n personal para nuestros registros a menos y hasta que nos solicite que borremos esta informaci\u00f3n. Para obtener m\u00e1s informaci\u00f3n sobre su derecho de eliminaci\u00f3n, consulte la secci\u00f3n &quot;Sus derechos&quot; a continuaci\u00f3n.<\/span><\/p>\n<h3><span style=\"color: #000000;\">Galletas<\/span><\/h3>\n<p><span style=\"color: #000000;\">Una cookie es una peque\u00f1a cantidad de informaci\u00f3n que se descarga en su computadora o dispositivo cuando visita nuestro Sitio. Utilizamos una serie de cookies diferentes, incluidas cookies funcionales, de rendimiento, publicitarias y de redes sociales o de contenido. Las cookies mejoran su experiencia de navegaci\u00f3n al permitir que el sitio web recuerde sus acciones y preferencias (como el inicio de sesi\u00f3n y la selecci\u00f3n de regi\u00f3n). Esto significa que no tiene que volver a ingresar esta informaci\u00f3n cada vez que regresa al sitio o navega de una p\u00e1gina a otra. Las cookies tambi\u00e9n brindan informaci\u00f3n sobre c\u00f3mo las personas usan el sitio web, por ejemplo, si es la primera vez que lo visitan o si son visitantes frecuentes.<\/span><\/p>\n<p><span style=\"color: #000000;\">Utilizamos las siguientes cookies para optimizar su experiencia en nuestro Sitio y para proporcionar nuestros servicios.<\/span><\/p>\n<h3><span style=\"color: #000000;\">No rastrear<\/span><\/h3>\n<p><span style=\"color: #000000;\">Tenga en cuenta que debido a que no existe una comprensi\u00f3n constante de la industria sobre c\u00f3mo responder a las se\u00f1ales de &quot;No rastrear&quot;, no alteramos nuestras pr\u00e1cticas de uso y recopilaci\u00f3n de datos cuando detectamos dicha se\u00f1al de su navegador.<\/span><\/p>\n<h3><span style=\"color: #000000;\">Cambios<\/span><\/h3>\n<p><span style=\"color: #000000;\">Podemos actualizar esta Pol\u00edtica de privacidad de vez en cuando para reflejar, por ejemplo, cambios en nuestras pr\u00e1cticas o por otras razones operativas, legales o reglamentarias.<\/span><\/p>\n<h3><span style=\"color: #000000;\">Contacto<\/span><\/h3>\n<p><span style=\"color: #000000;\">Para obtener m\u00e1s informaci\u00f3n sobre nuestras pr\u00e1cticas de privacidad, si tiene preguntas o si desea presentar una queja, comun\u00edquese con nosotros por correo electr\u00f3nico a support@rehairsystem.com.<\/span><\/p>\n<\/div>\n<\/div>","protected":false},"excerpt":{"rendered":"<p>This Privacy Policy describes how www.rehairsystem.com (the \u201cSite\u201d or \u201cwe\u201d) collects, uses, and discloses your Personal Information when you visit or make a purchase from &#8230; <a title=\"pol\u00edtica de privacidad\" class=\"read-more\" href=\"https:\/\/blog.rehairsystem.com\/es\/privacy-policy\/\" aria-label=\"M\u00e1s en Privacy Policy\">Leer m\u00e1s<\/a><\/p>","protected":false},"author":1,"featured_media":0,"parent":0,"menu_order":0,"comment_status":"closed","ping_status":"closed","template":"","meta":[],"_links":{"self":[{"href":"https:\/\/blog.rehairsystem.com\/es\/wp-json\/wp\/v2\/pages\/4562"}],"collection":[{"href":"https:\/\/blog.rehairsystem.com\/es\/wp-json\/wp\/v2\/pages"}],"about":[{"href":"https:\/\/blog.rehairsystem.com\/es\/wp-json\/wp\/v2\/types\/page"}],"author":[{"embeddable":true,"href":"https:\/\/blog.rehairsystem.com\/es\/wp-json\/wp\/v2\/users\/1"}],"replies":[{"embeddable":true,"href":"https:\/\/blog.rehairsystem.com\/es\/wp-json\/wp\/v2\/comments?post=4562"}],"version-history":[{"count":1,"href":"https:\/\/blog.rehairsystem.com\/es\/wp-json\/wp\/v2\/pages\/4562\/revisions"}],"predecessor-version":[{"id":4563,"href":"https:\/\/blog.rehairsystem.com\/es\/wp-json\/wp\/v2\/pages\/4562\/revisions\/4563"}],"wp:attachment":[{"href":"https:\/\/blog.rehairsystem.com\/es\/wp-json\/wp\/v2\/media?parent=4562"}],"curies":[{"name":"wp","href":"https:\/\/api.w.org\/{rel}","templated":true}]}}