{"id":34,"date":"2018-11-24T18:08:53","date_gmt":"2018-11-24T18:08:53","guid":{"rendered":"https:\/\/gpsites.co\/split\/?page_id=34"},"modified":"2023-05-30T11:11:29","modified_gmt":"2023-05-30T11:11:29","slug":"contact","status":"publish","type":"page","link":"https:\/\/blog.rehairsystem.com\/fi\/ottaa-yhteytta\/","title":{"rendered":"Ota meihin yhteytt\u00e4"},"content":{"rendered":"<p><span style=\"color: #000000;\">Kiitos kun k\u00e4vit Rehairsystemin blogissa! Toivomme, ett\u00e4 sis\u00e4lt\u00f6mme on informatiivista ja hy\u00f6dyllist\u00e4 valitessasi oikean hiusnauhan tai hiuslis\u00e4kkeen miehille ja naisille.<\/span><\/p>\n<p><span style=\"color: #000000;\">Jos sinulla on kysytt\u00e4v\u00e4\u00e4, huolenaiheita tai palautetta blogistamme tai haluat tiedustella tuotteistamme ja palveluistamme, \u00e4l\u00e4 ep\u00e4r\u00f6i ottaa meihin yhteytt\u00e4 seuraavilla tavoilla:<\/span><\/p>\n<ul>\n<li><span style=\"color: #000000;\">S\u00e4hk\u00f6posti: support@rehairsystem.com<\/span><\/li>\n<li><span style=\"color: #000000;\">Puhelin: 1-(518) 873-4247 \/ 1-5188-REHAIR<\/span><\/li>\n<li><span style=\"color: #000000;\">WhatsApp: +86 18363906949<\/span><\/li>\n<li><span style=\"color: #000000;\">Shoppailukauppa: <a href=\"https:\/\/rehairsystem.com\/\" target=\"_blank\" rel=\"noopener\">https:\/\/rehairsystem.com<\/a><\/span><\/li>\n<\/ul>\n<p><span style=\"color: #000000;\">Pyrimme vastaamaan kaikkiin tiedusteluihin nopeasti ja tarjoamaan erinomaista palvelua jokaiselle asiakkaallemme. Kiitos, ett\u00e4 valitsit Rehairsystemin resurssiksi kaikkeen Toupeeen ja Hairpieceen liittyviss\u00e4 asioissa. Odotamme kuulevamme sinusta pian!<\/span><\/p>","protected":false},"excerpt":{"rendered":"<p>Thank you for visiting the Rehairsystem&#8217;s blog! We hope that you find our content informative and helpful in choosing the right Toupee or Hairpiece for &#8230; <a title=\"Ota meihin yhteytt\u00e4\" class=\"read-more\" href=\"https:\/\/blog.rehairsystem.com\/fi\/ottaa-yhteytta\/\" aria-label=\"Lis\u00e4\u00e4 Contact Us\">Lue lis\u00e4\u00e4<\/a><\/p>","protected":false},"author":1,"featured_media":0,"parent":0,"menu_order":0,"comment_status":"closed","ping_status":"closed","template":"","meta":[],"_links":{"self":[{"href":"https:\/\/blog.rehairsystem.com\/fi\/wp-json\/wp\/v2\/pages\/34"}],"collection":[{"href":"https:\/\/blog.rehairsystem.com\/fi\/wp-json\/wp\/v2\/pages"}],"about":[{"href":"https:\/\/blog.rehairsystem.com\/fi\/wp-json\/wp\/v2\/types\/page"}],"author":[{"embeddable":true,"href":"https:\/\/blog.rehairsystem.com\/fi\/wp-json\/wp\/v2\/users\/1"}],"replies":[{"embeddable":true,"href":"https:\/\/blog.rehairsystem.com\/fi\/wp-json\/wp\/v2\/comments?post=34"}],"version-history":[{"count":3,"href":"https:\/\/blog.rehairsystem.com\/fi\/wp-json\/wp\/v2\/pages\/34\/revisions"}],"predecessor-version":[{"id":4574,"href":"https:\/\/blog.rehairsystem.com\/fi\/wp-json\/wp\/v2\/pages\/34\/revisions\/4574"}],"wp:attachment":[{"href":"https:\/\/blog.rehairsystem.com\/fi\/wp-json\/wp\/v2\/media?parent=34"}],"curies":[{"name":"wp","href":"https:\/\/api.w.org\/{rel}","templated":true}]}}