{"id":36,"date":"2018-11-24T18:08:58","date_gmt":"2018-11-24T18:08:58","guid":{"rendered":"https:\/\/gpsites.co\/split\/?page_id=36"},"modified":"2023-06-01T08:59:30","modified_gmt":"2023-06-01T08:59:30","slug":"about","status":"publish","type":"page","link":"https:\/\/blog.rehairsystem.com\/fi\/noin\/","title":{"rendered":"Meist\u00e4"},"content":{"rendered":"<h3><span style=\"color: #000000;\">Tietoja Rehairsystemin blogista:<\/span><\/h3>\n<p><span style=\"color: #000000;\">Kamppailetko hiustenl\u00e4ht\u00f6\u00f6n tai kaljuuntumiseen? \u00c4l\u00e4 murehdi en\u00e4\u00e4! T\u00e4ss\u00e4 kattavassa oppaassa opit kaiken, mit\u00e4 sinun tulee tiet\u00e4\u00e4 miesten ja naisten hiuslis\u00e4kkeist\u00e4.<\/span><\/p>\n<p><span style=\"color: #000000;\">Oikean materiaalin, tyylin, v\u00e4rin ja pituuden valinnasta oikeaan yll\u00e4pitoon ja hoitoon asti, me tarjoamme sinulle kattavuuden. Ota selv\u00e4\u00e4, kuinka voit palauttaa itseluottamuksesi ja muuttaa ulkon\u00e4k\u00f6\u00e4si t\u00e4ydellisell\u00e4 hiuslis\u00e4kkeell\u00e4. Lue nyt ja l\u00f6yd\u00e4 t\u00e4ydellisen hiusp\u00e4iv\u00e4n salaisuudet joka p\u00e4iv\u00e4!<\/span><\/p>\n<h3><span style=\"color: #000000;\">Tietoja Rehairsystem.com-sivustosta:<\/span><\/h3>\n<p><span style=\"color: #000000;\">Tervetuloa <a href=\"https:\/\/rehairsystem.com\/\" target=\"_blank\" rel=\"noopener\"><strong>Rehairsystem myym\u00e4l\u00e4<\/strong><\/a>, laadukkaiden hiustenkorvausj\u00e4rjestelmien p\u00e4\u00e4kohde. Olemme tehtaan suora toimittaja, joka on intohimoinen tarjoamaan maailmalle kauniita hiuslis\u00e4kkeit\u00e4. Missiomme on muuttaa ihmisten el\u00e4m\u00e4\u00e4 korkealaatuisten hiusj\u00e4rjestelmiemme avulla, jotka tulevat edulliseen hintaan kaikkiin budjetteihin ja el\u00e4m\u00e4ntapoihin!<\/span><\/p>\n<p><span style=\"color: #000000;\">Tehtaamme sijaitsevat Qingdaossa, Kiinassa, miss\u00e4 valmistamme kaikenlaisia aitoja hiustenkorvaustuotteita. Saatavilla on laaja valikoima hiusj\u00e4rjestelmi\u00e4, mukaan lukien ihokarvaj\u00e4rjestelm\u00e4t, pitsihiusj\u00e4rjestelm\u00e4t, yksiv\u00e4riset hiusj\u00e4rjestelm\u00e4t ja yhdistelm\u00e4j\u00e4rjestelm\u00e4t sek\u00e4 mahdollisuus r\u00e4\u00e4t\u00e4l\u00f6ityihin hiusj\u00e4rjestelmiin, joten olemme ylpeit\u00e4 siit\u00e4, ett\u00e4 voimme tehd\u00e4 vaikutuksen asiakkaisiimme korkealaatuisilla tuotteillamme. \u00e4l\u00e4k\u00e4 koskaan lopeta parantamista ylitt\u00e4\u00e4ksesi odotuksesi.<\/span><\/p>\n<p><span style=\"color: #000000;\">Olemme sitoutuneet tarjoamaan asiakkaillemme parhaan mahdollisen ostokokemuksen ja varmistamaan, ett\u00e4 he l\u00f6yt\u00e4v\u00e4t t\u00e4ydellisen hiusj\u00e4rjestelm\u00e4tuotteen tarpeisiinsa. Ymm\u00e4rr\u00e4mme, ett\u00e4 hiusratkaisujen tilaaminen j\u00e4lleenmyyj\u00e4lt\u00e4 tai muulta verkkoyritykselt\u00e4 voi olla kallis ja ty\u00f6l\u00e4s kokemus. Rehairsystem-sivustolla tarjoamme kuitenkin edulliset hinnat kampaamoihin ja hiustenvaihtostudioihin tai hiuskerhoihin verrattuna suurilla lis\u00e4hinnalla, sitovilla sopimuksilla ja kalliilla huoltok\u00e4ynneill\u00e4. Tarjoamme tukea ja edunvalvontaa verratonta online-hiusteollisuudessa ja varmistamme asiakastyytyv\u00e4isyyden.<\/span><\/p>\n<p><span style=\"color: #000000;\">Pyrimme kohti tavoitettamme tarjota kauniita hiusj\u00e4rjestelmi\u00e4 ihmisille ymp\u00e4ri maailmaa. Kamppailetpa hiustenl\u00e4hd\u00f6n kanssa tai etsit uutta hiustenkorvausj\u00e4rjestelm\u00e4\u00e4, olemme luotettava l\u00e4hde laadukkaimpien hiustenkorvaushoitojen hankkimiseen. Ota yhteytt\u00e4 meihin jo t\u00e4n\u00e4\u00e4n ja anna meid\u00e4n auttaa sinua parantamaan el\u00e4m\u00e4nlaatuasi ensiluokkaisten hiustenkorvaustuotteidemme avulla!<\/span><\/p>","protected":false},"excerpt":{"rendered":"<p>About\u00a0Rehairsystem&#8217;s Blog: Are you struggling with hair loss or baldness? Worry no more! In this comprehensive guide, you\u2019ll learn everything you need to know about &#8230; <a title=\"Meist\u00e4\" class=\"read-more\" href=\"https:\/\/blog.rehairsystem.com\/fi\/noin\/\" aria-label=\"Lis\u00e4\u00e4 About Us\">Lue lis\u00e4\u00e4<\/a><\/p>","protected":false},"author":1,"featured_media":0,"parent":0,"menu_order":0,"comment_status":"closed","ping_status":"closed","template":"","meta":[],"_links":{"self":[{"href":"https:\/\/blog.rehairsystem.com\/fi\/wp-json\/wp\/v2\/pages\/36"}],"collection":[{"href":"https:\/\/blog.rehairsystem.com\/fi\/wp-json\/wp\/v2\/pages"}],"about":[{"href":"https:\/\/blog.rehairsystem.com\/fi\/wp-json\/wp\/v2\/types\/page"}],"author":[{"embeddable":true,"href":"https:\/\/blog.rehairsystem.com\/fi\/wp-json\/wp\/v2\/users\/1"}],"replies":[{"embeddable":true,"href":"https:\/\/blog.rehairsystem.com\/fi\/wp-json\/wp\/v2\/comments?post=36"}],"version-history":[{"count":6,"href":"https:\/\/blog.rehairsystem.com\/fi\/wp-json\/wp\/v2\/pages\/36\/revisions"}],"predecessor-version":[{"id":4765,"href":"https:\/\/blog.rehairsystem.com\/fi\/wp-json\/wp\/v2\/pages\/36\/revisions\/4765"}],"wp:attachment":[{"href":"https:\/\/blog.rehairsystem.com\/fi\/wp-json\/wp\/v2\/media?parent=36"}],"curies":[{"name":"wp","href":"https:\/\/api.w.org\/{rel}","templated":true}]}}