{"id":4562,"date":"2023-05-30T10:43:31","date_gmt":"2023-05-30T10:43:31","guid":{"rendered":"https:\/\/blog.rehairsystem.com\/?page_id=4562"},"modified":"2023-05-30T10:43:31","modified_gmt":"2023-05-30T10:43:31","slug":"privacy-policy","status":"publish","type":"page","link":"https:\/\/blog.rehairsystem.com\/fi\/tietosuojakaytanto\/","title":{"rendered":"Tietosuojak\u00e4yt\u00e4nt\u00f6"},"content":{"rendered":"<div class=\"heading-divider heading-divider--short animated fadeInDown\" data-scroll-class=\"fadeInDown\"><span style=\"color: #000000;\">T\u00e4m\u00e4 tietosuojak\u00e4yt\u00e4nt\u00f6 kuvaa, kuinka www.rehairsystem.com (&quot;Sivusto&quot; tai &quot;me&quot;) ker\u00e4\u00e4, k\u00e4ytt\u00e4\u00e4 ja paljastaa henkil\u00f6tietojasi, kun vierailet Sivustolla tai teet ostoksia.<\/span><\/div>\n<div class=\"page__content content container  table is-striped is-bordered\">\n<div class=\"one-whole column\">\n<h3><\/h3>\n<h3><span style=\"color: #000000;\">Henkil\u00f6tietojen ker\u00e4\u00e4minen<\/span><\/h3>\n<p><span style=\"color: #000000;\">Kun vierailet Sivustolla, ker\u00e4\u00e4mme tiettyj\u00e4 tietoja laitteestasi, vuorovaikutuksestasi Sivuston kanssa sek\u00e4 tietoja, joita tarvitaan ostojesi k\u00e4sittelyyn. Saatamme my\u00f6s ker\u00e4t\u00e4 lis\u00e4tietoja, jos otat meihin yhteytt\u00e4 tukeaksesi. T\u00e4ss\u00e4 tietosuojak\u00e4yt\u00e4nn\u00f6ss\u00e4 viittaamme kaikkiin tietoihin, jotka voivat yksil\u00f6id\u00e4 yksil\u00f6n (mukaan lukien alla olevat tiedot), &quot;henkil\u00f6tiedoilla&quot;.\u00a0<\/span><\/p>\n<h3><span style=\"color: #000000;\">Alaik\u00e4iset<\/span><\/h3>\n<p><span style=\"color: #000000;\">Sivustoa ei ole tarkoitettu alle vuoden ik\u00e4isille henkil\u00f6ille\u00a0<em>15<\/em>. Emme tarkoituksella ker\u00e4\u00e4 henkil\u00f6tietoja lapsilta. Jos olet vanhempi tai huoltaja ja uskot, ett\u00e4 lapsesi on antanut meille henkil\u00f6tietoja, ota meihin yhteytt\u00e4 alla olevaan osoitteeseen pyyt\u00e4\u00e4ksesi poistamista.<\/span><\/p>\n<h3><span style=\"color: #000000;\">Laillinen peruste<\/span><\/h3>\n<p><span style=\"color: #000000;\">Yleisen tietosuoja-asetuksen (&quot;GDPR&quot;) mukaisesti, jos asut Euroopan talousalueella (&quot;ETA&quot;), k\u00e4sittelemme henkil\u00f6tietojasi seuraavilla laillisilla perusteilla:<\/span><\/p>\n<ul>\n<li><span style=\"color: #000000;\">Sinun suostumuksesi;<\/span><\/li>\n<li><span style=\"color: #000000;\">Sinun ja Sivuston v\u00e4lisen sopimuksen t\u00e4yt\u00e4nt\u00f6\u00f6npano;<\/span><\/li>\n<li><span style=\"color: #000000;\">Lakis\u00e4\u00e4teisten velvoitteidemme noudattaminen;<\/span><\/li>\n<li><span style=\"color: #000000;\">Suojella elint\u00e4rkeit\u00e4 etujasi;<\/span><\/li>\n<li><span style=\"color: #000000;\">Suorittaa yleisen edun mukaisen teht\u00e4v\u00e4n;<\/span><\/li>\n<li><span style=\"color: #000000;\">Oikeutettujen etujemme vuoksi, jotka eiv\u00e4t syrj\u00e4yt\u00e4 perusoikeuksiasi ja -vapauksiasi.<\/span><\/li>\n<\/ul>\n<h3><span style=\"color: #000000;\">S\u00e4ilytys<\/span><\/h3>\n<p><span style=\"color: #000000;\">Kun teet tilauksen Sivuston kautta, s\u00e4ilyt\u00e4mme henkil\u00f6tietosi rekisteri\u00e4 varten, ellet ja kunnes pyyd\u00e4t meit\u00e4 poistamaan n\u00e4m\u00e4 tiedot. Lis\u00e4tietoja poistooikeudesta on alla olevassa &quot;Oikeutesi&quot; -osiossa.<\/span><\/p>\n<h3><span style=\"color: #000000;\">Keksit<\/span><\/h3>\n<p><span style=\"color: #000000;\">Ev\u00e4ste on pieni m\u00e4\u00e4r\u00e4 tietoa, joka ladataan tietokoneellesi tai laitteellesi, kun vierailet sivustollamme. K\u00e4yt\u00e4mme useita erilaisia ev\u00e4steit\u00e4, mukaan lukien toiminnalliset, suorituskyky-, mainonta- ja sosiaalisen median ev\u00e4steet tai sis\u00e4lt\u00f6ev\u00e4steet. Ev\u00e4steet parantavat selauskokemustasi antamalla verkkosivuston muistaa toimintasi ja asetuksesi (kuten sis\u00e4\u00e4nkirjautumisen ja alueen valinnan). T\u00e4m\u00e4 tarkoittaa, ett\u00e4 sinun ei tarvitse sy\u00f6tt\u00e4\u00e4 n\u00e4it\u00e4 tietoja uudelleen aina, kun palaat sivustolle tai selaat sivulta toiselle. Ev\u00e4steet tarjoavat my\u00f6s tietoa siit\u00e4, kuinka ihmiset k\u00e4ytt\u00e4v\u00e4t verkkosivustoa, esimerkiksi k\u00e4yv\u00e4tk\u00f6 he ensimm\u00e4ist\u00e4 kertaa vai k\u00e4yv\u00e4tk\u00f6 he usein.<\/span><\/p>\n<p><span style=\"color: #000000;\">K\u00e4yt\u00e4mme seuraavia ev\u00e4steit\u00e4 optimoidaksemme kokemuksesi sivustollamme ja tarjotaksemme palveluitamme.<\/span><\/p>\n<h3><span style=\"color: #000000;\">\u00c4l\u00e4 j\u00e4ljit\u00e4<\/span><\/h3>\n<p><span style=\"color: #000000;\">Huomaa, ett\u00e4 koska alalla ei ole johdonmukaista ymm\u00e4rryst\u00e4 siit\u00e4, kuinka vastata &quot;\u00c4l\u00e4 seuraa&quot; -signaaleihin, emme muuta tiedonkeruu- ja k\u00e4ytt\u00f6k\u00e4yt\u00e4nt\u00f6j\u00e4mme, kun havaitsemme t\u00e4llaisen signaalin selaimestasi.<\/span><\/p>\n<h3><span style=\"color: #000000;\">Muutokset<\/span><\/h3>\n<p><span style=\"color: #000000;\">Saatamme p\u00e4ivitt\u00e4\u00e4 t\u00e4t\u00e4 tietosuojak\u00e4yt\u00e4nt\u00f6\u00e4 ajoittain esimerkiksi k\u00e4yt\u00e4nt\u00f6jemme muutosten huomioon ottamiseksi tai muista toiminnallisista, oikeudellisista tai lains\u00e4\u00e4d\u00e4nn\u00f6llisist\u00e4 syist\u00e4.<\/span><\/p>\n<h3><span style=\"color: #000000;\">Ottaa yhteytt\u00e4<\/span><\/h3>\n<p><span style=\"color: #000000;\">Jos haluat lis\u00e4tietoja tietosuojak\u00e4yt\u00e4nn\u00f6ist\u00e4mme, jos sinulla on kysytt\u00e4v\u00e4\u00e4 tai haluat tehd\u00e4 valituksen, ota meihin yhteytt\u00e4 s\u00e4hk\u00f6postitse osoitteeseen support@rehairsystem.com.<\/span><\/p>\n<\/div>\n<\/div>","protected":false},"excerpt":{"rendered":"<p>This Privacy Policy describes how www.rehairsystem.com (the \u201cSite\u201d or \u201cwe\u201d) collects, uses, and discloses your Personal Information when you visit or make a purchase from &#8230; <a title=\"Tietosuojak\u00e4yt\u00e4nt\u00f6\" class=\"read-more\" href=\"https:\/\/blog.rehairsystem.com\/fi\/tietosuojakaytanto\/\" aria-label=\"Lis\u00e4\u00e4 Privacy Policy\">Lue lis\u00e4\u00e4<\/a><\/p>","protected":false},"author":1,"featured_media":0,"parent":0,"menu_order":0,"comment_status":"closed","ping_status":"closed","template":"","meta":[],"_links":{"self":[{"href":"https:\/\/blog.rehairsystem.com\/fi\/wp-json\/wp\/v2\/pages\/4562"}],"collection":[{"href":"https:\/\/blog.rehairsystem.com\/fi\/wp-json\/wp\/v2\/pages"}],"about":[{"href":"https:\/\/blog.rehairsystem.com\/fi\/wp-json\/wp\/v2\/types\/page"}],"author":[{"embeddable":true,"href":"https:\/\/blog.rehairsystem.com\/fi\/wp-json\/wp\/v2\/users\/1"}],"replies":[{"embeddable":true,"href":"https:\/\/blog.rehairsystem.com\/fi\/wp-json\/wp\/v2\/comments?post=4562"}],"version-history":[{"count":1,"href":"https:\/\/blog.rehairsystem.com\/fi\/wp-json\/wp\/v2\/pages\/4562\/revisions"}],"predecessor-version":[{"id":4563,"href":"https:\/\/blog.rehairsystem.com\/fi\/wp-json\/wp\/v2\/pages\/4562\/revisions\/4563"}],"wp:attachment":[{"href":"https:\/\/blog.rehairsystem.com\/fi\/wp-json\/wp\/v2\/media?parent=4562"}],"curies":[{"name":"wp","href":"https:\/\/api.w.org\/{rel}","templated":true}]}}