{"id":34,"date":"2018-11-24T18:08:53","date_gmt":"2018-11-24T18:08:53","guid":{"rendered":"https:\/\/gpsites.co\/split\/?page_id=34"},"modified":"2023-05-30T11:11:29","modified_gmt":"2023-05-30T11:11:29","slug":"contact","status":"publish","type":"page","link":"https:\/\/blog.rehairsystem.com\/fr\/contact\/","title":{"rendered":"Contactez-nous"},"content":{"rendered":"<p><span style=\"color: #000000;\">Merci d&#039;avoir visit\u00e9 le blog de Rehairsystem ! Nous esp\u00e9rons que vous trouverez notre contenu informatif et utile pour choisir le bon toupet ou postiche pour hommes et femmes.<\/span><\/p>\n<p><span style=\"color: #000000;\">Si vous avez des questions, des pr\u00e9occupations ou des commentaires sur notre blog, ou si vous souhaitez vous renseigner sur nos produits et services, n&#039;h\u00e9sitez pas \u00e0 nous contacter par les m\u00e9thodes suivantes :<\/span><\/p>\n<ul>\n<li><span style=\"color: #000000;\">Courriel : support@rehairsystem.com<\/span><\/li>\n<li><span style=\"color: #000000;\">T\u00e9l\u00e9phone : 1-(518) 873-4247 \/ 1-5188-REHAIR<\/span><\/li>\n<li><span style=\"color: #000000;\">Whatsapp : +86 18363906949<\/span><\/li>\n<li><span style=\"color: #000000;\">Magasin d&#039;achat\u00a0: <a href=\"https:\/\/rehairsystem.com\/\" target=\"_blank\" rel=\"noopener\">https:\/\/rehairsystem.com<\/a><\/span><\/li>\n<\/ul>\n<p><span style=\"color: #000000;\">Nous nous effor\u00e7ons de r\u00e9pondre rapidement \u00e0 toutes les demandes et de fournir un excellent service \u00e0 chacun de nos clients. Merci d&#039;avoir choisi Rehairsystem&#039;s comme ressource pour tout ce qui concerne Toupee et Hairpiece. Nous esp\u00e9rons avoir de vos nouvelles bient\u00f4t!<\/span><\/p>","protected":false},"excerpt":{"rendered":"<p>Thank you for visiting the Rehairsystem&#8217;s blog! We hope that you find our content informative and helpful in choosing the right Toupee or Hairpiece for &#8230; <a title=\"Contactez-nous\" class=\"read-more\" href=\"https:\/\/blog.rehairsystem.com\/fr\/contact\/\" aria-label=\"Plus sur Contact Us\">Lire plus<\/a><\/p>","protected":false},"author":1,"featured_media":0,"parent":0,"menu_order":0,"comment_status":"closed","ping_status":"closed","template":"","meta":[],"_links":{"self":[{"href":"https:\/\/blog.rehairsystem.com\/fr\/wp-json\/wp\/v2\/pages\/34"}],"collection":[{"href":"https:\/\/blog.rehairsystem.com\/fr\/wp-json\/wp\/v2\/pages"}],"about":[{"href":"https:\/\/blog.rehairsystem.com\/fr\/wp-json\/wp\/v2\/types\/page"}],"author":[{"embeddable":true,"href":"https:\/\/blog.rehairsystem.com\/fr\/wp-json\/wp\/v2\/users\/1"}],"replies":[{"embeddable":true,"href":"https:\/\/blog.rehairsystem.com\/fr\/wp-json\/wp\/v2\/comments?post=34"}],"version-history":[{"count":3,"href":"https:\/\/blog.rehairsystem.com\/fr\/wp-json\/wp\/v2\/pages\/34\/revisions"}],"predecessor-version":[{"id":4574,"href":"https:\/\/blog.rehairsystem.com\/fr\/wp-json\/wp\/v2\/pages\/34\/revisions\/4574"}],"wp:attachment":[{"href":"https:\/\/blog.rehairsystem.com\/fr\/wp-json\/wp\/v2\/media?parent=34"}],"curies":[{"name":"wp","href":"https:\/\/api.w.org\/{rel}","templated":true}]}}