{"id":36,"date":"2018-11-24T18:08:58","date_gmt":"2018-11-24T18:08:58","guid":{"rendered":"https:\/\/gpsites.co\/split\/?page_id=36"},"modified":"2023-06-01T08:59:30","modified_gmt":"2023-06-01T08:59:30","slug":"about","status":"publish","type":"page","link":"https:\/\/blog.rehairsystem.com\/fr\/a-propos\/","title":{"rendered":"\u00c0 propos de nous"},"content":{"rendered":"<h3><span style=\"color: #000000;\">\u00c0 propos du blog de Rehairsystem\u00a0:<\/span><\/h3>\n<p><span style=\"color: #000000;\">\u00cates-vous aux prises avec la perte de cheveux ou la calvitie? Ne vous inqui\u00e9tez plus ! Dans ce guide complet, vous apprendrez tout ce que vous devez savoir sur les postiches ou postiches pour hommes et femmes.<\/span><\/p>\n<p><span style=\"color: #000000;\">Du choix du bon mat\u00e9riau, du style, de la couleur et de la longueur \u00e0 l&#039;entretien et aux soins appropri\u00e9s, nous avons ce qu&#039;il vous faut. D\u00e9couvrez comment vous pouvez retrouver votre confiance et transformer votre apparence avec un toupet ou un postiche parfait. Lisez maintenant et d\u00e9couvrez les secrets d&#039;une journ\u00e9e de coiffure parfaite tous les jours\u00a0!<\/span><\/p>\n<h3><span style=\"color: #000000;\">\u00c0 propos de Rehairsystem.com\u00a0:<\/span><\/h3>\n<p><span style=\"color: #000000;\">Bienvenue \u00e0 <a href=\"https:\/\/rehairsystem.com\/\" target=\"_blank\" rel=\"noopener\"><strong>Magasin Rehairsystem<\/strong><\/a>, votre destination incontournable pour les syst\u00e8mes de remplacement de cheveux humains haut de gamme. Nous sommes un fournisseur direct d&#039;usine passionn\u00e9 par la fourniture au monde de magnifiques postiches. Notre mission est de changer la vie des gens gr\u00e2ce \u00e0 nos syst\u00e8mes capillaires de haute qualit\u00e9, qui sont propos\u00e9s \u00e0 un prix abordable pour tous les budgets et tous les styles de vie\u00a0!<\/span><\/p>\n<p><span style=\"color: #000000;\">Nos usines sont situ\u00e9es \u00e0 Qingdao, en Chine, o\u00f9 nous fabriquons tous les types de vrais produits de remplacement de cheveux humains. Avec une large gamme de syst\u00e8mes capillaires disponibles, y compris des syst\u00e8mes capillaires pour la peau, des syst\u00e8mes capillaires en dentelle, des syst\u00e8mes capillaires mono et des syst\u00e8mes combin\u00e9s, ainsi que l&#039;option de syst\u00e8mes capillaires sur mesure, nous sommes fiers d&#039;impressionner nos clients avec nos produits de qualit\u00e9 sup\u00e9rieure. et ne cessez jamais de vous am\u00e9liorer pour d\u00e9passer vos attentes.<\/span><\/p>\n<p><span style=\"color: #000000;\">Nous nous engageons \u00e0 fournir la meilleure exp\u00e9rience d&#039;achat possible \u00e0 nos clients, en veillant \u00e0 ce qu&#039;ils trouvent le produit capillaire parfait pour leurs besoins. Nous comprenons que commander des solutions capillaires aupr\u00e8s d&#039;un point de vente au d\u00e9tail ou d&#039;une autre entreprise en ligne peut \u00eatre une exp\u00e9rience co\u00fbteuse et fastidieuse. Cependant, sur le site Rehairsystem, nous proposons des prix abordables par rapport aux salons et studios de remplacement capillaire ou clubs de coiffure, avec leurs marges importantes, leurs contrats contraignants et leurs visites d&#039;entretien co\u00fbteuses. Nous fournissons un soutien et un plaidoyer in\u00e9gal\u00e9s dans l&#039;industrie de la coiffure en ligne, garantissant la satisfaction de nos clients.<\/span><\/p>\n<p><span style=\"color: #000000;\">Nous nous effor\u00e7ons d&#039;atteindre notre objectif de fournir de beaux syst\u00e8mes capillaires aux personnes du monde entier. Que vous luttiez contre la perte de cheveux ou que vous recherchiez un nouveau syst\u00e8me de remplacement capillaire, nous sommes votre source de confiance pour le remplacement capillaire de la meilleure qualit\u00e9. Contactez-nous d\u00e8s aujourd&#039;hui et laissez-nous vous aider \u00e0 am\u00e9liorer votre qualit\u00e9 de vie gr\u00e2ce \u00e0 nos produits de remplacement capillaire haut de gamme\u00a0!<\/span><\/p>","protected":false},"excerpt":{"rendered":"<p>About\u00a0Rehairsystem&#8217;s Blog: Are you struggling with hair loss or baldness? Worry no more! In this comprehensive guide, you\u2019ll learn everything you need to know about &#8230; <a title=\"\u00c0 propos de nous\" class=\"read-more\" href=\"https:\/\/blog.rehairsystem.com\/fr\/a-propos\/\" aria-label=\"Plus sur About Us\">Lire plus<\/a><\/p>","protected":false},"author":1,"featured_media":0,"parent":0,"menu_order":0,"comment_status":"closed","ping_status":"closed","template":"","meta":[],"_links":{"self":[{"href":"https:\/\/blog.rehairsystem.com\/fr\/wp-json\/wp\/v2\/pages\/36"}],"collection":[{"href":"https:\/\/blog.rehairsystem.com\/fr\/wp-json\/wp\/v2\/pages"}],"about":[{"href":"https:\/\/blog.rehairsystem.com\/fr\/wp-json\/wp\/v2\/types\/page"}],"author":[{"embeddable":true,"href":"https:\/\/blog.rehairsystem.com\/fr\/wp-json\/wp\/v2\/users\/1"}],"replies":[{"embeddable":true,"href":"https:\/\/blog.rehairsystem.com\/fr\/wp-json\/wp\/v2\/comments?post=36"}],"version-history":[{"count":6,"href":"https:\/\/blog.rehairsystem.com\/fr\/wp-json\/wp\/v2\/pages\/36\/revisions"}],"predecessor-version":[{"id":4765,"href":"https:\/\/blog.rehairsystem.com\/fr\/wp-json\/wp\/v2\/pages\/36\/revisions\/4765"}],"wp:attachment":[{"href":"https:\/\/blog.rehairsystem.com\/fr\/wp-json\/wp\/v2\/media?parent=36"}],"curies":[{"name":"wp","href":"https:\/\/api.w.org\/{rel}","templated":true}]}}