{"id":4562,"date":"2023-05-30T10:43:31","date_gmt":"2023-05-30T10:43:31","guid":{"rendered":"https:\/\/blog.rehairsystem.com\/?page_id=4562"},"modified":"2023-05-30T10:43:31","modified_gmt":"2023-05-30T10:43:31","slug":"privacy-policy","status":"publish","type":"page","link":"https:\/\/blog.rehairsystem.com\/fr\/privacy-policy\/","title":{"rendered":"politique de confidentialit\u00e9"},"content":{"rendered":"<div class=\"heading-divider heading-divider--short animated fadeInDown\" data-scroll-class=\"fadeInDown\"><span style=\"color: #000000;\">Cette politique de confidentialit\u00e9 d\u00e9crit comment www.rehairsystem.com (le \u00ab site \u00bb ou \u00ab nous \u00bb) recueille, utilise et divulgue vos informations personnelles lorsque vous visitez ou effectuez un achat sur le site.<\/span><\/div>\n<div class=\"page__content content container  table is-striped is-bordered\">\n<div class=\"one-whole column\">\n<h3><\/h3>\n<h3><span style=\"color: #000000;\">Collecte d&#039;informations personnelles<\/span><\/h3>\n<p><span style=\"color: #000000;\">Lorsque vous visitez le Site, nous recueillons certaines informations sur votre appareil, votre interaction avec le Site et les informations n\u00e9cessaires au traitement de vos achats. Nous pouvons \u00e9galement collecter des informations suppl\u00e9mentaires si vous nous contactez pour obtenir de l&#039;aide. Dans cette politique de confidentialit\u00e9, nous nous r\u00e9f\u00e9rons \u00e0 toute information qui peut identifier de mani\u00e8re unique un individu (y compris les informations ci-dessous) comme &quot;Informations personnelles&quot;.\u00a0<\/span><\/p>\n<h3><span style=\"color: #000000;\">Mineurs<\/span><\/h3>\n<p><span style=\"color: #000000;\">Le Site n&#039;est pas destin\u00e9 aux personnes de moins de\u00a0<em>15<\/em>. Nous ne collectons pas intentionnellement des informations personnelles aupr\u00e8s d&#039;enfants. Si vous \u00eates le parent ou le tuteur et pensez que votre enfant nous a fourni des informations personnelles, veuillez nous contacter \u00e0 l&#039;adresse ci-dessous pour demander la suppression.<\/span><\/p>\n<h3><span style=\"color: #000000;\">Base l\u00e9gale<\/span><\/h3>\n<p><span style=\"color: #000000;\">Conform\u00e9ment au R\u00e8glement g\u00e9n\u00e9ral sur la protection des donn\u00e9es (\u00ab\u00a0RGPD\u00a0\u00bb), si vous \u00eates un r\u00e9sident de l&#039;Espace \u00e9conomique europ\u00e9en (\u00ab\u00a0EEE\u00a0\u00bb), nous traitons vos informations personnelles selon les bases l\u00e9gales suivantes\u00a0:<\/span><\/p>\n<ul>\n<li><span style=\"color: #000000;\">Votre consentement;<\/span><\/li>\n<li><span style=\"color: #000000;\">L&#039;ex\u00e9cution du contrat entre vous et le Site ;<\/span><\/li>\n<li><span style=\"color: #000000;\">Respect de nos obligations l\u00e9gales\u00a0;<\/span><\/li>\n<li><span style=\"color: #000000;\">Pour prot\u00e9ger vos int\u00e9r\u00eats vitaux ;<\/span><\/li>\n<li><span style=\"color: #000000;\">Ex\u00e9cuter une t\u00e2che effectu\u00e9e dans l&#039;int\u00e9r\u00eat public\u00a0;<\/span><\/li>\n<li><span style=\"color: #000000;\">Pour nos int\u00e9r\u00eats l\u00e9gitimes, qui ne pr\u00e9valent pas sur vos libert\u00e9s et droits fondamentaux.<\/span><\/li>\n<\/ul>\n<h3><span style=\"color: #000000;\">R\u00e9tention<\/span><\/h3>\n<p><span style=\"color: #000000;\">Lorsque vous passez une commande via le site, nous conserverons vos informations personnelles pour nos dossiers \u00e0 moins que et jusqu&#039;\u00e0 ce que vous nous demandiez d&#039;effacer ces informations. Pour plus d&#039;informations sur votre droit d&#039;effacement, veuillez consulter la section &quot;Vos droits&quot; ci-dessous.<\/span><\/p>\n<h3><span style=\"color: #000000;\">Biscuits<\/span><\/h3>\n<p><span style=\"color: #000000;\">Un cookie est une petite quantit\u00e9 d&#039;informations qui est t\u00e9l\u00e9charg\u00e9e sur votre ordinateur ou appareil lorsque vous visitez notre site. Nous utilisons un certain nombre de cookies diff\u00e9rents, y compris des cookies fonctionnels, de performance, publicitaires et de m\u00e9dias sociaux ou de contenu. Les cookies am\u00e9liorent votre exp\u00e9rience de navigation en permettant au site Web de se souvenir de vos actions et de vos pr\u00e9f\u00e9rences (telles que la connexion et la s\u00e9lection de la r\u00e9gion). Cela signifie que vous n&#039;avez pas \u00e0 ressaisir ces informations \u00e0 chaque fois que vous revenez sur le site ou naviguez d&#039;une page \u00e0 l&#039;autre. Les cookies fournissent \u00e9galement des informations sur la fa\u00e7on dont les gens utilisent le site Web, par exemple s&#039;il s&#039;agit de leur premi\u00e8re visite ou s&#039;ils sont des visiteurs fr\u00e9quents.<\/span><\/p>\n<p><span style=\"color: #000000;\">Nous utilisons les cookies suivants pour optimiser votre exp\u00e9rience sur notre Site et pour fournir nos services.<\/span><\/p>\n<h3><span style=\"color: #000000;\">Ne pas suivre<\/span><\/h3>\n<p><span style=\"color: #000000;\">Veuillez noter que parce qu&#039;il n&#039;y a pas de compr\u00e9hension coh\u00e9rente de l&#039;industrie sur la fa\u00e7on de r\u00e9pondre aux signaux &quot;Ne pas suivre&quot;, nous ne modifions pas nos pratiques de collecte et d&#039;utilisation des donn\u00e9es lorsque nous d\u00e9tectons un tel signal de votre navigateur.<\/span><\/p>\n<h3><span style=\"color: #000000;\">Changements<\/span><\/h3>\n<p><span style=\"color: #000000;\">Nous pouvons mettre \u00e0 jour cette politique de confidentialit\u00e9 de temps \u00e0 autre afin de refl\u00e9ter, par exemple, des modifications de nos pratiques ou pour d&#039;autres raisons op\u00e9rationnelles, l\u00e9gales ou r\u00e9glementaires.<\/span><\/p>\n<h3><span style=\"color: #000000;\">Contact<\/span><\/h3>\n<p><span style=\"color: #000000;\">Pour plus d&#039;informations sur nos pratiques de confidentialit\u00e9, si vous avez des questions ou si vous souhaitez d\u00e9poser une plainte, veuillez nous contacter par e-mail \u00e0 support@rehairsystem.com.<\/span><\/p>\n<\/div>\n<\/div>","protected":false},"excerpt":{"rendered":"<p>This Privacy Policy describes how www.rehairsystem.com (the \u201cSite\u201d or \u201cwe\u201d) collects, uses, and discloses your Personal Information when you visit or make a purchase from &#8230; <a title=\"politique de confidentialit\u00e9\" class=\"read-more\" href=\"https:\/\/blog.rehairsystem.com\/fr\/privacy-policy\/\" aria-label=\"Plus sur Privacy Policy\">Lire plus<\/a><\/p>","protected":false},"author":1,"featured_media":0,"parent":0,"menu_order":0,"comment_status":"closed","ping_status":"closed","template":"","meta":[],"_links":{"self":[{"href":"https:\/\/blog.rehairsystem.com\/fr\/wp-json\/wp\/v2\/pages\/4562"}],"collection":[{"href":"https:\/\/blog.rehairsystem.com\/fr\/wp-json\/wp\/v2\/pages"}],"about":[{"href":"https:\/\/blog.rehairsystem.com\/fr\/wp-json\/wp\/v2\/types\/page"}],"author":[{"embeddable":true,"href":"https:\/\/blog.rehairsystem.com\/fr\/wp-json\/wp\/v2\/users\/1"}],"replies":[{"embeddable":true,"href":"https:\/\/blog.rehairsystem.com\/fr\/wp-json\/wp\/v2\/comments?post=4562"}],"version-history":[{"count":1,"href":"https:\/\/blog.rehairsystem.com\/fr\/wp-json\/wp\/v2\/pages\/4562\/revisions"}],"predecessor-version":[{"id":4563,"href":"https:\/\/blog.rehairsystem.com\/fr\/wp-json\/wp\/v2\/pages\/4562\/revisions\/4563"}],"wp:attachment":[{"href":"https:\/\/blog.rehairsystem.com\/fr\/wp-json\/wp\/v2\/media?parent=4562"}],"curies":[{"name":"wp","href":"https:\/\/api.w.org\/{rel}","templated":true}]}}