{"id":34,"date":"2018-11-24T18:08:53","date_gmt":"2018-11-24T18:08:53","guid":{"rendered":"https:\/\/gpsites.co\/split\/?page_id=34"},"modified":"2023-05-30T11:11:29","modified_gmt":"2023-05-30T11:11:29","slug":"contact","status":"publish","type":"page","link":"https:\/\/blog.rehairsystem.com\/hu\/kapcsolatba-lepni\/","title":{"rendered":"L\u00e9pjen kapcsolatba vel\u00fcnk"},"content":{"rendered":"<p><span style=\"color: #000000;\">K\u00f6sz\u00f6nj\u00fck, hogy megl\u00e1togatta a Rehairsystem blogj\u00e1t! Rem\u00e9lj\u00fck, hogy tartalmainkat informat\u00edvnak \u00e9s hasznosnak tal\u00e1lja a megfelel\u0151 f\u00e9rfi \u00e9s n\u0151i smink vagy hajd\u00edsz kiv\u00e1laszt\u00e1s\u00e1ban.<\/span><\/p>\n<p><span style=\"color: #000000;\">Ha b\u00e1rmilyen k\u00e9rd\u00e9se, agg\u00e1lya vagy visszajelz\u00e9se van blogunkkal kapcsolatban, vagy \u00e9rdekl\u0151dni szeretne term\u00e9keinkr\u0151l \u00e9s szolg\u00e1ltat\u00e1sainkr\u00f3l, k\u00e9rj\u00fck, forduljon hozz\u00e1nk bizalommal az al\u00e1bbi m\u00f3dokon:<\/span><\/p>\n<ul>\n<li><span style=\"color: #000000;\">E-mail: support@rehairsystem.com<\/span><\/li>\n<li><span style=\"color: #000000;\">Telefon: 1-(518) 873-4247 \/ 1-5188-REHAIR<\/span><\/li>\n<li><span style=\"color: #000000;\">WhatsApp: +86 18363906949<\/span><\/li>\n<li><span style=\"color: #000000;\">Shoping \u00fczlet: <a href=\"https:\/\/rehairsystem.com\/\" target=\"_blank\" rel=\"noopener\">https:\/\/rehairsystem.com<\/a><\/span><\/li>\n<\/ul>\n<p><span style=\"color: #000000;\">Arra t\u00f6reksz\u00fcnk, hogy minden k\u00e9rd\u00e9sre azonnal v\u00e1laszoljunk, \u00e9s minden \u00fcgyfel\u00fcnk sz\u00e1m\u00e1ra kiv\u00e1l\u00f3 szolg\u00e1ltat\u00e1st ny\u00fajtsunk. K\u00f6sz\u00f6nj\u00fck, hogy a Rehairsystem-t v\u00e1lasztotta forr\u00e1sk\u00e9nt mindenhez, ami a Toupee-val \u00e9s a Hairpiece-vel kapcsolatos. V\u00e1runk szeretettel hamarosan!<\/span><\/p>","protected":false},"excerpt":{"rendered":"<p>Thank you for visiting the Rehairsystem&#8217;s blog! We hope that you find our content informative and helpful in choosing the right Toupee or Hairpiece for &#8230; <a title=\"L\u00e9pjen kapcsolatba vel\u00fcnk\" class=\"read-more\" href=\"https:\/\/blog.rehairsystem.com\/hu\/kapcsolatba-lepni\/\" aria-label=\"Tov\u00e1bb Contact Us\">Olvass tov\u00e1bb<\/a><\/p>","protected":false},"author":1,"featured_media":0,"parent":0,"menu_order":0,"comment_status":"closed","ping_status":"closed","template":"","meta":[],"_links":{"self":[{"href":"https:\/\/blog.rehairsystem.com\/hu\/wp-json\/wp\/v2\/pages\/34"}],"collection":[{"href":"https:\/\/blog.rehairsystem.com\/hu\/wp-json\/wp\/v2\/pages"}],"about":[{"href":"https:\/\/blog.rehairsystem.com\/hu\/wp-json\/wp\/v2\/types\/page"}],"author":[{"embeddable":true,"href":"https:\/\/blog.rehairsystem.com\/hu\/wp-json\/wp\/v2\/users\/1"}],"replies":[{"embeddable":true,"href":"https:\/\/blog.rehairsystem.com\/hu\/wp-json\/wp\/v2\/comments?post=34"}],"version-history":[{"count":3,"href":"https:\/\/blog.rehairsystem.com\/hu\/wp-json\/wp\/v2\/pages\/34\/revisions"}],"predecessor-version":[{"id":4574,"href":"https:\/\/blog.rehairsystem.com\/hu\/wp-json\/wp\/v2\/pages\/34\/revisions\/4574"}],"wp:attachment":[{"href":"https:\/\/blog.rehairsystem.com\/hu\/wp-json\/wp\/v2\/media?parent=34"}],"curies":[{"name":"wp","href":"https:\/\/api.w.org\/{rel}","templated":true}]}}