{"id":36,"date":"2018-11-24T18:08:58","date_gmt":"2018-11-24T18:08:58","guid":{"rendered":"https:\/\/gpsites.co\/split\/?page_id=36"},"modified":"2023-06-01T08:59:30","modified_gmt":"2023-06-01T08:59:30","slug":"about","status":"publish","type":"page","link":"https:\/\/blog.rehairsystem.com\/hu\/rol-rol\/","title":{"rendered":"R\u00f3lunk"},"content":{"rendered":"<h3><span style=\"color: #000000;\">A Rehairsystem blogj\u00e1r\u00f3l:<\/span><\/h3>\n<p><span style=\"color: #000000;\">Hajhull\u00e1ssal vagy kopaszs\u00e1ggal k\u00fczdesz? Ne agg\u00f3dj t\u00f6bb\u00e9! Ebben az \u00e1tfog\u00f3 \u00fatmutat\u00f3ban mindent megtudhat, amit a f\u00e9rfi \u00e9s n\u0151i frizur\u00e1kr\u00f3l vagy hajd\u00edszekr\u0151l tudnia kell.<\/span><\/p>\n<p><span style=\"color: #000000;\">A megfelel\u0151 anyag, st\u00edlus, sz\u00edn \u00e9s hossz kiv\u00e1laszt\u00e1s\u00e1t\u00f3l kezdve a megfelel\u0151 karbantart\u00e1sig \u00e9s gondoz\u00e1sig mindent megtal\u00e1lsz. Tudja meg, hogyan nyerheti vissza \u00f6nbizalm\u00e1t, \u00e9s hogyan v\u00e1ltoztathatja meg megjelen\u00e9s\u00e9t egy t\u00f6k\u00e9letes tupe vagy hajd\u00edsz seg\u00edts\u00e9g\u00e9vel. Olvassa el most, \u00e9s fedezze fel a t\u00f6k\u00e9letes hajnap titkait minden nap!<\/span><\/p>\n<h3><span style=\"color: #000000;\">A Rehairsystem.com-r\u00f3l:<\/span><\/h3>\n<p><span style=\"color: #000000;\">Isten hozott a <a href=\"https:\/\/rehairsystem.com\/\" target=\"_blank\" rel=\"noopener\"><strong>Rehairsystem bolt<\/strong><\/a>, a pr\u00e9mium min\u0151s\u00e9g\u0171 emberi hajp\u00f3tl\u00f3 rendszerek \u00fati c\u00e9lja. Gy\u00e1ri k\u00f6zvetlen besz\u00e1ll\u00edt\u00f3 vagyunk, amely szenved\u00e9lyesen t\u00f6rekszik arra, hogy gy\u00f6ny\u00f6r\u0171 hajd\u00edszekkel l\u00e1ssa el a vil\u00e1got. K\u00fcldet\u00e9s\u00fcnk, hogy megv\u00e1ltoztassuk az emberek \u00e9let\u00e9t a kiv\u00e1l\u00f3 min\u0151s\u00e9g\u0171 hajrendszereinken kereszt\u00fcl, amelyek megfizethet\u0151 \u00e1ron kaphat\u00f3k minden p\u00e9nzt\u00e1rc\u00e1hoz \u00e9s \u00e9letst\u00edlushoz!<\/span><\/p>\n<p><span style=\"color: #000000;\">Gy\u00e1raink a k\u00ednai Qingdao-ban tal\u00e1lhat\u00f3k, ahol minden t\u00edpus\u00fa val\u00f3di emberi hajp\u00f3tl\u00f3 term\u00e9ket gy\u00e1rtunk. A rendelkez\u00e9sre \u00e1ll\u00f3 hajrendszerek sz\u00e9les sk\u00e1l\u00e1j\u00e1val, bele\u00e9rtve a b\u0151rsz\u0151rrendszereket, csipkesz\u0151rrendszereket, egysz\u00edn\u0171 hajrendszereket \u00e9s kombin\u00e1lt rendszereket, valamint az egyedi hajrendszerek lehet\u0151s\u00e9g\u00e9t, b\u00fcszk\u00e9k vagyunk arra, hogy pr\u00e9mium min\u0151s\u00e9g\u0171 term\u00e9keinkkel ny\u0171g\u00f6zz\u00fck le v\u00e1s\u00e1rl\u00f3inkat. \u00e9s soha ne hagyja abba a fejleszt\u00e9st, hogy meghaladja az elv\u00e1r\u00e1sait.<\/span><\/p>\n<p><span style=\"color: #000000;\">Elk\u00f6telezettek vagyunk amellett, hogy a lehet\u0151 legjobb v\u00e1s\u00e1rl\u00e1si \u00e9lm\u00e9nyt biztos\u00edtsuk \u00fcgyfeleink sz\u00e1m\u00e1ra, biztos\u00edtva, hogy megtal\u00e1lj\u00e1k az ig\u00e9nyeiknek megfelel\u0151 hajrendszeri term\u00e9ket. Tiszt\u00e1ban vagyunk vele, hogy a haj\u00e1pol\u00e1si megold\u00e1sok kiskereskedelmi helyr\u0151l vagy m\u00e1s online c\u00e9gt\u0151l val\u00f3 rendel\u00e9se k\u00f6lts\u00e9ges \u00e9s f\u00e1raszt\u00f3 \u00e9lm\u00e9ny lehet. A Rehairsystem telephely\u00e9n azonban megfizethet\u0151 \u00e1rakat k\u00edn\u00e1lunk a szalonokhoz, hajp\u00f3tl\u00e1si st\u00fadi\u00f3khoz vagy fodr\u00e1szklubokhoz k\u00e9pest, nagy fel\u00e1rakkal, k\u00f6telez\u0151 szerz\u0151d\u00e9sekkel \u00e9s k\u00f6lts\u00e9ges karbantart\u00e1si l\u00e1togat\u00e1sokkal. Az online fodr\u00e1sziparban p\u00e1ratlan t\u00e1mogat\u00e1st \u00e9s \u00e9rdekk\u00e9pviseletet ny\u00fajtunk, biztos\u00edtva \u00fcgyfeleink el\u00e9gedetts\u00e9g\u00e9t.<\/span><\/p>\n<p><span style=\"color: #000000;\">C\u00e9lunk fel\u00e9 t\u00f6reksz\u00fcnk, hogy gy\u00f6ny\u00f6r\u0171 hajrendszereket biztos\u00edtsunk az embereknek vil\u00e1gszerte. Ak\u00e1r hajhull\u00e1ssal k\u00fczd, ak\u00e1r \u00faj hajp\u00f3tl\u00f3 rendszert keres, mi vagyunk az \u00d6n megb\u00edzhat\u00f3 forr\u00e1sa a legjobb min\u0151s\u00e9g\u0171 hajp\u00f3tl\u00e1shoz. L\u00e9pjen kapcsolatba vel\u00fcnk m\u00e9g ma, \u00e9s engedje meg, hogy pr\u00e9mium hajp\u00f3tl\u00f3 term\u00e9keinkkel seg\u00edts\u00fcnk \u00e9letmin\u0151s\u00e9g\u00e9nek jav\u00edt\u00e1s\u00e1ban!<\/span><\/p>","protected":false},"excerpt":{"rendered":"<p>About\u00a0Rehairsystem&#8217;s Blog: Are you struggling with hair loss or baldness? Worry no more! In this comprehensive guide, you\u2019ll learn everything you need to know about &#8230; <a title=\"R\u00f3lunk\" class=\"read-more\" href=\"https:\/\/blog.rehairsystem.com\/hu\/rol-rol\/\" aria-label=\"Tov\u00e1bb About Us\">Olvass tov\u00e1bb<\/a><\/p>","protected":false},"author":1,"featured_media":0,"parent":0,"menu_order":0,"comment_status":"closed","ping_status":"closed","template":"","meta":[],"_links":{"self":[{"href":"https:\/\/blog.rehairsystem.com\/hu\/wp-json\/wp\/v2\/pages\/36"}],"collection":[{"href":"https:\/\/blog.rehairsystem.com\/hu\/wp-json\/wp\/v2\/pages"}],"about":[{"href":"https:\/\/blog.rehairsystem.com\/hu\/wp-json\/wp\/v2\/types\/page"}],"author":[{"embeddable":true,"href":"https:\/\/blog.rehairsystem.com\/hu\/wp-json\/wp\/v2\/users\/1"}],"replies":[{"embeddable":true,"href":"https:\/\/blog.rehairsystem.com\/hu\/wp-json\/wp\/v2\/comments?post=36"}],"version-history":[{"count":6,"href":"https:\/\/blog.rehairsystem.com\/hu\/wp-json\/wp\/v2\/pages\/36\/revisions"}],"predecessor-version":[{"id":4765,"href":"https:\/\/blog.rehairsystem.com\/hu\/wp-json\/wp\/v2\/pages\/36\/revisions\/4765"}],"wp:attachment":[{"href":"https:\/\/blog.rehairsystem.com\/hu\/wp-json\/wp\/v2\/media?parent=36"}],"curies":[{"name":"wp","href":"https:\/\/api.w.org\/{rel}","templated":true}]}}