{"id":4562,"date":"2023-05-30T10:43:31","date_gmt":"2023-05-30T10:43:31","guid":{"rendered":"https:\/\/blog.rehairsystem.com\/?page_id=4562"},"modified":"2023-05-30T10:43:31","modified_gmt":"2023-05-30T10:43:31","slug":"privacy-policy","status":"publish","type":"page","link":"https:\/\/blog.rehairsystem.com\/hu\/adatvedelmi-iranyelvek\/","title":{"rendered":"Adatv\u00e9delmi ir\u00e1nyelvek"},"content":{"rendered":"<div class=\"heading-divider heading-divider--short animated fadeInDown\" data-scroll-class=\"fadeInDown\"><span style=\"color: #000000;\">Ez az adatv\u00e9delmi szab\u00e1lyzat le\u00edrja, hogy a www.rehairsystem.com (a \u201eWebhely\u201d vagy \u201emi\u201d) hogyan gy\u0171jti, haszn\u00e1lja \u00e9s adja ki az \u00d6n szem\u00e9lyes adatait, amikor \u00d6n megl\u00e1togatja vagy v\u00e1s\u00e1rol a webhelyr\u0151l.<\/span><\/div>\n<div class=\"page__content content container  table is-striped is-bordered\">\n<div class=\"one-whole column\">\n<h3><\/h3>\n<h3><span style=\"color: #000000;\">Szem\u00e9lyes adatok gy\u0171jt\u00e9se<\/span><\/h3>\n<p><span style=\"color: #000000;\">Amikor megl\u00e1togatja a Webhelyet, bizonyos inform\u00e1ci\u00f3kat gy\u0171jt\u00fcnk az \u00d6n k\u00e9sz\u00fcl\u00e9k\u00e9r\u0151l, a Webhellyel val\u00f3 interakci\u00f3j\u00e1r\u00f3l, valamint a v\u00e1s\u00e1rl\u00e1sok feldolgoz\u00e1s\u00e1hoz sz\u00fcks\u00e9ges inform\u00e1ci\u00f3kat. Tov\u00e1bbi inform\u00e1ci\u00f3kat is gy\u0171jthet\u00fcnk, ha felveszi vel\u00fcnk a kapcsolatot t\u00e1mogat\u00e1s\u00e9rt. Ebben az adatv\u00e9delmi szab\u00e1lyzatban minden olyan inform\u00e1ci\u00f3t, amely egyedileg azonos\u00edtani lehet egy egy\u00e9nt (bele\u00e9rtve az al\u00e1bbi inform\u00e1ci\u00f3kat is), \u201eSzem\u00e9lyes inform\u00e1ci\u00f3nak\u201d nevezz\u00fck.\u00a0<\/span><\/p>\n<h3><span style=\"color: #000000;\">Kiskor\u00faak<\/span><\/h3>\n<p><span style=\"color: #000000;\">Az oldal nem \u00e9v alatti szem\u00e9lyek sz\u00e1m\u00e1ra k\u00e9sz\u00fclt\u00a0<em>15<\/em>. Sz\u00e1nd\u00e9kosan nem gy\u0171jt\u00fcnk szem\u00e9lyes adatokat gyermekekt\u0151l. Ha \u00d6n a sz\u00fcl\u0151 vagy gy\u00e1m, \u00e9s \u00fagy gondolja, hogy gyermeke szem\u00e9lyes adatokat bocs\u00e1tott rendelkez\u00e9s\u00fcnkre, k\u00e9rj\u00fck, vegye fel vel\u00fcnk a kapcsolatot az al\u00e1bbi c\u00edmen, \u00e9s k\u00e9rje a t\u00f6rl\u00e9st.<\/span><\/p>\n<h3><span style=\"color: #000000;\">T\u00f6rv\u00e9nyes alap<\/span><\/h3>\n<p><span style=\"color: #000000;\">Az \u00c1ltal\u00e1nos Adatv\u00e9delmi Rendelet (\u201eGDPR\u201d) \u00e9rtelm\u00e9ben, ha \u00d6n az Eur\u00f3pai Gazdas\u00e1gi T\u00e9rs\u00e9g (\u201eEGT\u201d) lak\u00f3ja, szem\u00e9lyes adatait az al\u00e1bbi t\u00f6rv\u00e9nyes alapokon kezelj\u00fck:<\/span><\/p>\n<ul>\n<li><span style=\"color: #000000;\">Az \u00d6n beleegyez\u00e9se;<\/span><\/li>\n<li><span style=\"color: #000000;\">Az \u00d6n \u00e9s a Webhely k\u00f6z\u00f6tti szerz\u0151d\u00e9s teljes\u00edt\u00e9se;<\/span><\/li>\n<li><span style=\"color: #000000;\">Jogi k\u00f6telezetts\u00e9geink betart\u00e1sa;<\/span><\/li>\n<li><span style=\"color: #000000;\">l\u00e9tfontoss\u00e1g\u00fa \u00e9rdekeinek v\u00e9delme \u00e9rdek\u00e9ben;<\/span><\/li>\n<li><span style=\"color: #000000;\">K\u00f6z\u00e9rdekb\u0151l v\u00e9gzett feladat ell\u00e1t\u00e1s\u00e1ra;<\/span><\/li>\n<li><span style=\"color: #000000;\">Jogos \u00e9rdekeink\u00e9rt, amelyek nem \u00edrj\u00e1k fel\u00fcl az \u00d6n alapvet\u0151 jogait \u00e9s szabads\u00e1gait.<\/span><\/li>\n<\/ul>\n<h3><span style=\"color: #000000;\">Visszatart\u00e1s<\/span><\/h3>\n<p><span style=\"color: #000000;\">Amikor megrendel\u00e9st ad le a Webhelyen kereszt\u00fcl, szem\u00e9lyes adatait meg\u0151rizz\u00fck nyilv\u00e1ntart\u00e1sunk c\u00e9lj\u00e1b\u00f3l, hacsak nem k\u00e9ri t\u0151l\u00fcnk ezen adatok t\u00f6rl\u00e9s\u00e9t. A t\u00f6rl\u00e9si jog\u00e1val kapcsolatos tov\u00e1bbi inform\u00e1ci\u00f3k\u00e9rt tekintse meg az al\u00e1bbi \u201eAz \u00d6n jogai\u201d r\u00e9szt.<\/span><\/p>\n<h3><span style=\"color: #000000;\">Cookie-k<\/span><\/h3>\n<p><span style=\"color: #000000;\">A cookie egy kis mennyis\u00e9g\u0171 inform\u00e1ci\u00f3, amely let\u00f6lt\u0151dik az \u00d6n sz\u00e1m\u00edt\u00f3g\u00e9p\u00e9re vagy eszk\u00f6z\u00e9re, amikor megl\u00e1togatja webhely\u00fcnket. Sz\u00e1mos k\u00fcl\u00f6nb\u00f6z\u0151 cookie-t haszn\u00e1lunk, bele\u00e9rtve a funkcion\u00e1lis, teljes\u00edtm\u00e9ny-, rekl\u00e1m- \u00e9s k\u00f6z\u00f6ss\u00e9gi m\u00e9dia vagy tartalom cookie-kat. A s\u00fctik jav\u00edtj\u00e1k a b\u00f6ng\u00e9sz\u00e9si \u00e9lm\u00e9nyt az\u00e1ltal, hogy lehet\u0151v\u00e9 teszik a webhely sz\u00e1m\u00e1ra, hogy eml\u00e9kezzen az \u00d6n m\u0171veleteire \u00e9s preferenci\u00e1ira (p\u00e9ld\u00e1ul bejelentkez\u00e9s \u00e9s r\u00e9gi\u00f3v\u00e1laszt\u00e1s). Ez azt jelenti, hogy nem kell minden alkalommal \u00fajra megadnia ezeket az inform\u00e1ci\u00f3kat, amikor visszat\u00e9r a webhelyre, vagy egyik oldalr\u00f3l a m\u00e1sikra b\u00f6ng\u00e9szik. A s\u00fctik arr\u00f3l is t\u00e1j\u00e9koztat\u00e1st adnak, hogy az emberek hogyan haszn\u00e1lj\u00e1k a weboldalt, p\u00e9ld\u00e1ul arr\u00f3l, hogy el\u0151sz\u00f6r l\u00e1togatj\u00e1k-e, vagy gyakran l\u00e1togatj\u00e1k-e.<\/span><\/p>\n<p><span style=\"color: #000000;\">Az al\u00e1bbi s\u00fctiket haszn\u00e1ljuk, hogy optimaliz\u00e1ljuk az oldalunkon tapasztalt \u00e9lm\u00e9nyt \u00e9s biztos\u00edtsuk szolg\u00e1ltat\u00e1sainkat.<\/span><\/p>\n<h3><span style=\"color: #000000;\">Ne k\u00f6vesse nyomon<\/span><\/h3>\n<p><span style=\"color: #000000;\">K\u00e9rj\u00fck, vegye figyelembe, hogy mivel nincs egys\u00e9ges ipar\u00e1gi felfog\u00e1s arr\u00f3l, hogyan kell reag\u00e1lni a \u201eNe nyomon k\u00f6vetni\u201d jelz\u00e9sekre, nem v\u00e1ltoztatjuk meg adatgy\u0171jt\u00e9si \u00e9s -felhaszn\u00e1l\u00e1si gyakorlatunkat, ha ilyen jelz\u00e9st \u00e9szlel\u00fcnk a b\u00f6ng\u00e9sz\u0151b\u0151l.<\/span><\/p>\n<h3><span style=\"color: #000000;\">V\u00e1ltoztat\u00e1sok<\/span><\/h3>\n<p><span style=\"color: #000000;\">Id\u0151r\u0151l id\u0151re friss\u00edthetj\u00fck ezt az Adatv\u00e9delmi szab\u00e1lyzatot, hogy t\u00fckr\u00f6zze p\u00e9ld\u00e1ul a gyakorlatunkban bek\u00f6vetkezett v\u00e1ltoz\u00e1sokat, vagy egy\u00e9b m\u0171k\u00f6d\u00e9si, jogi vagy szab\u00e1lyoz\u00e1si okokb\u00f3l.<\/span><\/p>\n<h3><span style=\"color: #000000;\">Kapcsolatba l\u00e9pni<\/span><\/h3>\n<p><span style=\"color: #000000;\">Ha t\u00f6bbet szeretne megtudni adatv\u00e9delmi gyakorlatunkr\u00f3l, ha k\u00e9rd\u00e9se van, vagy panaszt szeretne tenni, k\u00e9rj\u00fck, vegye fel vel\u00fcnk a kapcsolatot a support@rehairsystem.com e-mail c\u00edmen.<\/span><\/p>\n<\/div>\n<\/div>","protected":false},"excerpt":{"rendered":"<p>This Privacy Policy describes how www.rehairsystem.com (the \u201cSite\u201d or \u201cwe\u201d) collects, uses, and discloses your Personal Information when you visit or make a purchase from &#8230; <a title=\"Adatv\u00e9delmi ir\u00e1nyelvek\" class=\"read-more\" href=\"https:\/\/blog.rehairsystem.com\/hu\/adatvedelmi-iranyelvek\/\" aria-label=\"Tov\u00e1bb Privacy Policy\">Olvass tov\u00e1bb<\/a><\/p>","protected":false},"author":1,"featured_media":0,"parent":0,"menu_order":0,"comment_status":"closed","ping_status":"closed","template":"","meta":[],"_links":{"self":[{"href":"https:\/\/blog.rehairsystem.com\/hu\/wp-json\/wp\/v2\/pages\/4562"}],"collection":[{"href":"https:\/\/blog.rehairsystem.com\/hu\/wp-json\/wp\/v2\/pages"}],"about":[{"href":"https:\/\/blog.rehairsystem.com\/hu\/wp-json\/wp\/v2\/types\/page"}],"author":[{"embeddable":true,"href":"https:\/\/blog.rehairsystem.com\/hu\/wp-json\/wp\/v2\/users\/1"}],"replies":[{"embeddable":true,"href":"https:\/\/blog.rehairsystem.com\/hu\/wp-json\/wp\/v2\/comments?post=4562"}],"version-history":[{"count":1,"href":"https:\/\/blog.rehairsystem.com\/hu\/wp-json\/wp\/v2\/pages\/4562\/revisions"}],"predecessor-version":[{"id":4563,"href":"https:\/\/blog.rehairsystem.com\/hu\/wp-json\/wp\/v2\/pages\/4562\/revisions\/4563"}],"wp:attachment":[{"href":"https:\/\/blog.rehairsystem.com\/hu\/wp-json\/wp\/v2\/media?parent=4562"}],"curies":[{"name":"wp","href":"https:\/\/api.w.org\/{rel}","templated":true}]}}