{"id":36,"date":"2018-11-24T18:08:58","date_gmt":"2018-11-24T18:08:58","guid":{"rendered":"https:\/\/gpsites.co\/split\/?page_id=36"},"modified":"2023-06-01T08:59:30","modified_gmt":"2023-06-01T08:59:30","slug":"about","status":"publish","type":"page","link":"https:\/\/blog.rehairsystem.com\/it\/di\/","title":{"rendered":"Chi siamo"},"content":{"rendered":"<h3><span style=\"color: #000000;\">Informazioni sul blog di Rehairsystem:<\/span><\/h3>\n<p><span style=\"color: #000000;\">Stai lottando con la caduta dei capelli o la calvizie? Non preoccuparti pi\u00f9! In questa guida completa imparerai tutto ci\u00f2 che devi sapere sul parrucchino o posticci per uomo e donna.<\/span><\/p>\n<p><span style=\"color: #000000;\">Dalla scelta del materiale, dello stile, del colore e della lunghezza giusti, alla corretta manutenzione e cura, ti abbiamo coperto. Scopri come riconquistare la tua sicurezza e trasformare il tuo aspetto con un parrucchino o un parrucchino perfetto. Leggi ora e scopri i segreti per una perfetta giornata dei capelli ogni giorno!<\/span><\/p>\n<h3><span style=\"color: #000000;\">Informazioni su Rehairsystem.com:<\/span><\/h3>\n<p><span style=\"color: #000000;\">Benvenuto a <a href=\"https:\/\/rehairsystem.com\/\" target=\"_blank\" rel=\"noopener\"><strong>Negozio Rehairsystem<\/strong><\/a>, la tua destinazione di riferimento per i sistemi premium di sostituzione dei capelli umani. Siamo un fornitore diretto in fabbrica che \u00e8 appassionato di fornire al mondo bellissimi posticci. La nostra missione \u00e8 cambiare la vita delle persone attraverso i nostri sistemi di capelli di alta qualit\u00e0, che hanno un prezzo accessibile per tutti i budget e stili di vita!<\/span><\/p>\n<p><span style=\"color: #000000;\">Le nostre fabbriche si trovano a Qingdao, in Cina, dove produciamo tutti i tipi di veri prodotti per la sostituzione dei capelli umani. Con un&#039;ampia gamma di sistemi di capelli disponibili, inclusi sistemi di capelli in pelle, sistemi di capelli in pizzo, sistemi di capelli singoli e sistemi combinati, nonch\u00e9 l&#039;opzione per sistemi di capelli su misura, siamo orgogliosi di stupire i nostri clienti con i nostri prodotti di alta qualit\u00e0 e non smettere mai di migliorare per superare le tue aspettative.<\/span><\/p>\n<p><span style=\"color: #000000;\">Ci impegniamo a fornire la migliore esperienza di acquisto possibile ai nostri clienti, assicurandoci che trovino il prodotto perfetto per le loro esigenze. Comprendiamo che ordinare soluzioni per capelli da un punto vendita o da un&#039;altra azienda online pu\u00f2 essere un&#039;esperienza costosa e noiosa. Tuttavia, presso il sito di Rehairsystem, offriamo prezzi convenienti rispetto ai saloni e agli studi di sostituzione dei capelli o ai club per capelli, con i loro grandi ricarichi, i contratti vincolanti e le costose visite di manutenzione. Forniamo supporto e difesa impareggiabili nel settore dei capelli online, garantendo la soddisfazione del cliente.<\/span><\/p>\n<p><span style=\"color: #000000;\">Ci impegniamo per raggiungere il nostro obiettivo di fornire splendidi sistemi di capelli alle persone di tutto il mondo. Che tu stia lottando contro la caduta dei capelli o che tu stia cercando un nuovo sistema di sostituzione dei capelli, noi siamo la tua fonte affidabile per la sostituzione dei capelli della migliore qualit\u00e0. Connettiti con noi oggi e lascia che ti aiutiamo a migliorare la qualit\u00e0 della tua vita attraverso i nostri prodotti premium per la sostituzione dei capelli!<\/span><\/p>","protected":false},"excerpt":{"rendered":"<p>About\u00a0Rehairsystem&#8217;s Blog: Are you struggling with hair loss or baldness? Worry no more! In this comprehensive guide, you\u2019ll learn everything you need to know about &#8230; <a title=\"Chi siamo\" class=\"read-more\" href=\"https:\/\/blog.rehairsystem.com\/it\/di\/\" aria-label=\"More on About Us\">Leggi tutto<\/a><\/p>","protected":false},"author":1,"featured_media":0,"parent":0,"menu_order":0,"comment_status":"closed","ping_status":"closed","template":"","meta":[],"_links":{"self":[{"href":"https:\/\/blog.rehairsystem.com\/it\/wp-json\/wp\/v2\/pages\/36"}],"collection":[{"href":"https:\/\/blog.rehairsystem.com\/it\/wp-json\/wp\/v2\/pages"}],"about":[{"href":"https:\/\/blog.rehairsystem.com\/it\/wp-json\/wp\/v2\/types\/page"}],"author":[{"embeddable":true,"href":"https:\/\/blog.rehairsystem.com\/it\/wp-json\/wp\/v2\/users\/1"}],"replies":[{"embeddable":true,"href":"https:\/\/blog.rehairsystem.com\/it\/wp-json\/wp\/v2\/comments?post=36"}],"version-history":[{"count":6,"href":"https:\/\/blog.rehairsystem.com\/it\/wp-json\/wp\/v2\/pages\/36\/revisions"}],"predecessor-version":[{"id":4765,"href":"https:\/\/blog.rehairsystem.com\/it\/wp-json\/wp\/v2\/pages\/36\/revisions\/4765"}],"wp:attachment":[{"href":"https:\/\/blog.rehairsystem.com\/it\/wp-json\/wp\/v2\/media?parent=36"}],"curies":[{"name":"wp","href":"https:\/\/api.w.org\/{rel}","templated":true}]}}