{"id":34,"date":"2018-11-24T18:08:53","date_gmt":"2018-11-24T18:08:53","guid":{"rendered":"https:\/\/gpsites.co\/split\/?page_id=34"},"modified":"2023-05-30T11:11:29","modified_gmt":"2023-05-30T11:11:29","slug":"contact","status":"publish","type":"page","link":"https:\/\/blog.rehairsystem.com\/pl\/kontakt\/","title":{"rendered":"Skontaktuj si\u0119 z nami"},"content":{"rendered":"<p><span style=\"color: #000000;\">Dzi\u0119kujemy za odwiedzenie bloga Rehairsystem! Mamy nadziej\u0119, \u017ce nasze tre\u015bci oka\u017c\u0105 si\u0119 dla Pa\u0144stwa pouczaj\u0105ce i pomocne w wyborze w\u0142a\u015bciwej peruki lub treski dla kobiet i m\u0119\u017cczyzn.<\/span><\/p>\n<p><span style=\"color: #000000;\">Je\u015bli masz jakie\u015b pytania, w\u0105tpliwo\u015bci lub opinie na temat naszego bloga lub chcesz zapyta\u0107 o nasze produkty i us\u0142ugi, nie wahaj si\u0119 z nami skontaktowa\u0107, korzystaj\u0105c z nast\u0119puj\u0105cych metod:<\/span><\/p>\n<ul>\n<li><span style=\"color: #000000;\">E-mail: support@rehairsystem.com<\/span><\/li>\n<li><span style=\"color: #000000;\">Telefon: 1-(518) 873-4247 \/ 1-5188-REHAIR<\/span><\/li>\n<li><span style=\"color: #000000;\">WhatsApp: +86 18363906949<\/span><\/li>\n<li><span style=\"color: #000000;\">Sklep zakupowy: <a href=\"https:\/\/rehairsystem.com\/\" target=\"_blank\" rel=\"noopener\">https:\/\/rehairsystem.com<\/a><\/span><\/li>\n<\/ul>\n<p><span style=\"color: #000000;\">Staramy si\u0119 szybko odpowiada\u0107 na wszystkie zapytania i zapewnia\u0107 doskona\u0142\u0105 obs\u0142ug\u0119 ka\u017cdemu z naszych klient\u00f3w. Dzi\u0119kujemy za wybranie firmy Rehairsystem jako \u017ar\u00f3d\u0142a wszelkich informacji zwi\u0105zanych z perukami i treskami. Czekamy na wiadomo\u015b\u0107 od Ciebie ju\u017c wkr\u00f3tce!<\/span><\/p>","protected":false},"excerpt":{"rendered":"<p>Thank you for visiting the Rehairsystem&#8217;s blog! We hope that you find our content informative and helpful in choosing the right Toupee or Hairpiece for &#8230; <a title=\"Skontaktuj si\u0119 z nami\" class=\"read-more\" href=\"https:\/\/blog.rehairsystem.com\/pl\/kontakt\/\" aria-label=\"More on Contact Us\">Czytaj dalej<\/a><\/p>","protected":false},"author":1,"featured_media":0,"parent":0,"menu_order":0,"comment_status":"closed","ping_status":"closed","template":"","meta":[],"_links":{"self":[{"href":"https:\/\/blog.rehairsystem.com\/pl\/wp-json\/wp\/v2\/pages\/34"}],"collection":[{"href":"https:\/\/blog.rehairsystem.com\/pl\/wp-json\/wp\/v2\/pages"}],"about":[{"href":"https:\/\/blog.rehairsystem.com\/pl\/wp-json\/wp\/v2\/types\/page"}],"author":[{"embeddable":true,"href":"https:\/\/blog.rehairsystem.com\/pl\/wp-json\/wp\/v2\/users\/1"}],"replies":[{"embeddable":true,"href":"https:\/\/blog.rehairsystem.com\/pl\/wp-json\/wp\/v2\/comments?post=34"}],"version-history":[{"count":3,"href":"https:\/\/blog.rehairsystem.com\/pl\/wp-json\/wp\/v2\/pages\/34\/revisions"}],"predecessor-version":[{"id":4574,"href":"https:\/\/blog.rehairsystem.com\/pl\/wp-json\/wp\/v2\/pages\/34\/revisions\/4574"}],"wp:attachment":[{"href":"https:\/\/blog.rehairsystem.com\/pl\/wp-json\/wp\/v2\/media?parent=34"}],"curies":[{"name":"wp","href":"https:\/\/api.w.org\/{rel}","templated":true}]}}