{"id":36,"date":"2018-11-24T18:08:58","date_gmt":"2018-11-24T18:08:58","guid":{"rendered":"https:\/\/gpsites.co\/split\/?page_id=36"},"modified":"2023-06-01T08:59:30","modified_gmt":"2023-06-01T08:59:30","slug":"about","status":"publish","type":"page","link":"https:\/\/blog.rehairsystem.com\/pl\/o\/","title":{"rendered":"O nas"},"content":{"rendered":"<h3><span style=\"color: #000000;\">O blogu Rehairsystem:<\/span><\/h3>\n<p><span style=\"color: #000000;\">Borykasz si\u0119 z wypadaniem w\u0142os\u00f3w lub \u0142ysieniem? Nie martw si\u0119 wi\u0119cej! W tym obszernym przewodniku dowiesz si\u0119 wszystkiego, co musisz wiedzie\u0107 o peruce i treskach dla kobiet i m\u0119\u017cczyzn.<\/span><\/p>\n<p><span style=\"color: #000000;\">Od wyboru odpowiedniego materia\u0142u, stylu, koloru i d\u0142ugo\u015bci, po w\u0142a\u015bciw\u0105 konserwacj\u0119 i piel\u0119gnacj\u0119 \u2013 mamy wszystko, czego potrzebujesz. Dowiedz si\u0119, jak odzyska\u0107 pewno\u015b\u0107 siebie i zmieni\u0107 sw\u00f3j wygl\u0105d za pomoc\u0105 idealnej peruki lub treski. Przeczytaj teraz i odkryj sekrety idealnej fryzury ka\u017cdego dnia!<\/span><\/p>\n<h3><span style=\"color: #000000;\">O Rehairsystem.com:<\/span><\/h3>\n<p><span style=\"color: #000000;\">Witamy w <a href=\"https:\/\/rehairsystem.com\/\" target=\"_blank\" rel=\"noopener\"><strong>Sklep Rehairsystem<\/strong><\/a>, Twoje ulubione miejsce, je\u015bli chodzi o najwy\u017cszej jako\u015bci systemy uzupe\u0142niania ludzkich w\u0142os\u00f3w. Jeste\u015bmy bezpo\u015brednim dostawc\u0105 fabrycznym, kt\u00f3rego pasj\u0105 jest dostarczanie \u015bwiatu pi\u0119knych tresek. Nasz\u0105 misj\u0105 jest zmienianie \u017cycia ludzi dzi\u0119ki naszym wysokiej jako\u015bci systemom do piel\u0119gnacji w\u0142os\u00f3w, kt\u00f3re s\u0105 dost\u0119pne w przyst\u0119pnej cenie na ka\u017cd\u0105 kiesze\u0144 i styl \u017cycia!<\/span><\/p>\n<p><span style=\"color: #000000;\">Nasze fabryki znajduj\u0105 si\u0119 w Qingdao w Chinach, gdzie produkujemy wszelkiego rodzaju produkty zast\u0119puj\u0105ce prawdziwe ludzkie w\u0142osy. Dzi\u0119ki szerokiej gamie dost\u0119pnych system\u00f3w w\u0142os\u00f3w, w tym systemom w\u0142os\u00f3w na sk\u00f3rze, systemom koronek, systemom mono i systemom kombinowanym, a tak\u017ce opcji system\u00f3w w\u0142os\u00f3w na zam\u00f3wienie, jeste\u015bmy dumni, \u017ce mo\u017cemy imponowa\u0107 naszym klientom naszymi produktami najwy\u017cszej jako\u015bci i nigdy nie przestawaj si\u0119 doskonali\u0107, aby przekroczy\u0107 Twoje oczekiwania.<\/span><\/p>\n<p><span style=\"color: #000000;\">Dok\u0142adamy wszelkich stara\u0144, aby zapewni\u0107 naszym klientom jak najlepsze do\u015bwiadczenia zakupowe, upewniaj\u0105c si\u0119, \u017ce znajd\u0105 idealny produkt do piel\u0119gnacji w\u0142os\u00f3w odpowiadaj\u0105cy ich potrzebom. Rozumiemy, \u017ce zamawianie rozwi\u0105za\u0144 do w\u0142os\u00f3w w sklepie detalicznym lub innej firmie internetowej mo\u017ce by\u0107 kosztownym i \u017cmudnym do\u015bwiadczeniem. Jednak\u017ce na stronie Rehairsystem oferujemy przyst\u0119pne ceny w por\u00f3wnaniu do salon\u00f3w i studi\u00f3w fryzjerskich czy klub\u00f3w fryzjerskich, z ich du\u017cymi mar\u017cami, wi\u0105\u017c\u0105cymi umowami i kosztownymi wizytami konserwacyjnymi. Zapewniamy wsparcie i doradztwo niezr\u00f3wnane w bran\u017cy fryzjerskiej online, zapewniaj\u0105c satysfakcj\u0119 klient\u00f3w.<\/span><\/p>\n<p><span style=\"color: #000000;\">D\u0105\u017cymy do osi\u0105gni\u0119cia naszego celu, jakim jest dostarczanie pi\u0119knych system\u00f3w do w\u0142os\u00f3w ludziom na ca\u0142ym \u015bwiecie. Niezale\u017cnie od tego, czy zmagasz si\u0119 z wypadaniem w\u0142os\u00f3w, czy szukasz nowego systemu uzupe\u0142niania w\u0142os\u00f3w, jeste\u015bmy zaufanym \u017ar\u00f3d\u0142em najlepszej jako\u015bci uzupe\u0142nie\u0144 w\u0142os\u00f3w. Po\u0142\u0105cz si\u0119 z nami ju\u017c dzi\u015b i pozw\u00f3l nam pom\u00f3c Ci poprawi\u0107 jako\u015b\u0107 Twojego \u017cycia dzi\u0119ki naszym najwy\u017cszej jako\u015bci produktom do uzupe\u0142niania w\u0142os\u00f3w!<\/span><\/p>","protected":false},"excerpt":{"rendered":"<p>About\u00a0Rehairsystem&#8217;s Blog: Are you struggling with hair loss or baldness? Worry no more! In this comprehensive guide, you\u2019ll learn everything you need to know about &#8230; <a title=\"O nas\" class=\"read-more\" href=\"https:\/\/blog.rehairsystem.com\/pl\/o\/\" aria-label=\"More on About Us\">Czytaj dalej<\/a><\/p>","protected":false},"author":1,"featured_media":0,"parent":0,"menu_order":0,"comment_status":"closed","ping_status":"closed","template":"","meta":[],"_links":{"self":[{"href":"https:\/\/blog.rehairsystem.com\/pl\/wp-json\/wp\/v2\/pages\/36"}],"collection":[{"href":"https:\/\/blog.rehairsystem.com\/pl\/wp-json\/wp\/v2\/pages"}],"about":[{"href":"https:\/\/blog.rehairsystem.com\/pl\/wp-json\/wp\/v2\/types\/page"}],"author":[{"embeddable":true,"href":"https:\/\/blog.rehairsystem.com\/pl\/wp-json\/wp\/v2\/users\/1"}],"replies":[{"embeddable":true,"href":"https:\/\/blog.rehairsystem.com\/pl\/wp-json\/wp\/v2\/comments?post=36"}],"version-history":[{"count":6,"href":"https:\/\/blog.rehairsystem.com\/pl\/wp-json\/wp\/v2\/pages\/36\/revisions"}],"predecessor-version":[{"id":4765,"href":"https:\/\/blog.rehairsystem.com\/pl\/wp-json\/wp\/v2\/pages\/36\/revisions\/4765"}],"wp:attachment":[{"href":"https:\/\/blog.rehairsystem.com\/pl\/wp-json\/wp\/v2\/media?parent=36"}],"curies":[{"name":"wp","href":"https:\/\/api.w.org\/{rel}","templated":true}]}}