{"id":4562,"date":"2023-05-30T10:43:31","date_gmt":"2023-05-30T10:43:31","guid":{"rendered":"https:\/\/blog.rehairsystem.com\/?page_id=4562"},"modified":"2023-05-30T10:43:31","modified_gmt":"2023-05-30T10:43:31","slug":"privacy-policy","status":"publish","type":"page","link":"https:\/\/blog.rehairsystem.com\/pl\/polityka-prywatnosci\/","title":{"rendered":"Polityka prywatno\u015bci"},"content":{"rendered":"<div class=\"heading-divider heading-divider--short animated fadeInDown\" data-scroll-class=\"fadeInDown\"><span style=\"color: #000000;\">Niniejsza Polityka prywatno\u015bci opisuje, w jaki spos\u00f3b www.rehairsystem.com (\u201eWitryna\u201d lub \u201emy\u201d) gromadzi, wykorzystuje i ujawnia Twoje dane osobowe podczas odwiedzania Witryny lub dokonywania zakup\u00f3w w Witrynie.<\/span><\/div>\n<div class=\"page__content content container  table is-striped is-bordered\">\n<div class=\"one-whole column\">\n<h3><\/h3>\n<h3><span style=\"color: #000000;\">Gromadzenie danych osobowych<\/span><\/h3>\n<p><span style=\"color: #000000;\">Kiedy odwiedzasz Stron\u0119, zbieramy pewne informacje o Twoim urz\u0105dzeniu, Twojej interakcji z Witryn\u0105 oraz informacje niezb\u0119dne do przetwarzania Twoich zakup\u00f3w. Mo\u017cemy r\u00f3wnie\u017c zbiera\u0107 dodatkowe informacje, je\u015bli skontaktujesz si\u0119 z nami w celu uzyskania wsparcia. W niniejszej Polityce prywatno\u015bci wszelkie informacje, kt\u00f3re mog\u0105 jednoznacznie zidentyfikowa\u0107 dan\u0105 osob\u0119 (w tym informacje poni\u017cej) nazywamy \u201eDanymi osobowymi\u201d.\u00a0<\/span><\/p>\n<h3><span style=\"color: #000000;\">Nieletni<\/span><\/h3>\n<p><span style=\"color: #000000;\">Strona nie jest przeznaczona dla os\u00f3b poni\u017cej wieku\u00a0<em>15<\/em>. Nie zbieramy celowo danych osobowych od dzieci. Je\u015bli jeste\u015b rodzicem lub opiekunem i uwa\u017casz, \u017ce Twoje dziecko przekaza\u0142o nam Dane osobowe, skontaktuj si\u0119 z nami pod poni\u017cszym adresem, aby poprosi\u0107 o ich usuni\u0119cie.<\/span><\/p>\n<h3><span style=\"color: #000000;\">Podstawa prawna<\/span><\/h3>\n<p><span style=\"color: #000000;\">Zgodnie z og\u00f3lnym rozporz\u0105dzeniem o ochronie danych (\u201eRODO\u201d), je\u015bli jeste\u015b mieszka\u0144cem Europejskiego Obszaru Gospodarczego (\u201eEOG\u201d), przetwarzamy Twoje dane osobowe w oparciu o nast\u0119puj\u0105ce podstawy prawne:<\/span><\/p>\n<ul>\n<li><span style=\"color: #000000;\">Twoja zgoda;<\/span><\/li>\n<li><span style=\"color: #000000;\">Wykonanie umowy pomi\u0119dzy Tob\u0105 a Stron\u0105;<\/span><\/li>\n<li><span style=\"color: #000000;\">Przestrzeganie naszych zobowi\u0105za\u0144 prawnych;<\/span><\/li>\n<li><span style=\"color: #000000;\">Aby chroni\u0107 Twoje \u017cywotne interesy;<\/span><\/li>\n<li><span style=\"color: #000000;\">Aby wykona\u0107 zadanie realizowane w interesie publicznym;<\/span><\/li>\n<li><span style=\"color: #000000;\">Dla naszych prawnie uzasadnionych interes\u00f3w, kt\u00f3re nie s\u0105 nadrz\u0119dne w stosunku do Twoich podstawowych praw i wolno\u015bci.<\/span><\/li>\n<\/ul>\n<h3><span style=\"color: #000000;\">Zatrzymanie<\/span><\/h3>\n<p><span style=\"color: #000000;\">Kiedy sk\u0142adasz zam\u00f3wienie za po\u015brednictwem Witryny, przechowujemy Twoje dane osobowe w naszej dokumentacji, chyba \u017ce poprosisz nas o usuni\u0119cie tych informacji. Wi\u0119cej informacji na temat Twojego prawa do usuni\u0119cia danych znajdziesz w sekcji \u201eTwoje prawa\u201d poni\u017cej.<\/span><\/p>\n<h3><span style=\"color: #000000;\">Ciasteczka<\/span><\/h3>\n<p><span style=\"color: #000000;\">Plik cookie to niewielka ilo\u015b\u0107 informacji pobierana na Tw\u00f3j komputer lub urz\u0105dzenie podczas odwiedzania naszej Strony. U\u017cywamy wielu r\u00f3\u017cnych plik\u00f3w cookie, w tym funkcjonalnych, wydajno\u015bciowych, reklamowych i medi\u00f3w spo\u0142eczno\u015bciowych lub plik\u00f3w cookie dotycz\u0105cych tre\u015bci. Pliki cookie poprawiaj\u0105 komfort przegl\u0105dania, umo\u017cliwiaj\u0105c witrynie zapami\u0119tanie Twoich dzia\u0142a\u0144 i preferencji (takich jak login i wyb\u00f3r regionu). Oznacza to, \u017ce nie musisz ponownie wprowadza\u0107 tych informacji za ka\u017cdym razem, gdy wracasz do witryny lub przegl\u0105dasz z jednej strony na drug\u0105. Pliki cookies dostarczaj\u0105 r\u00f3wnie\u017c informacji o tym, w jaki spos\u00f3b ludzie korzystaj\u0105 ze strony internetowej, np. czy odwiedzaj\u0105 j\u0105 po raz pierwszy lub czy odwiedzaj\u0105 j\u0105 cz\u0119sto.<\/span><\/p>\n<p><span style=\"color: #000000;\">U\u017cywamy nast\u0119puj\u0105cych plik\u00f3w cookie, aby zoptymalizowa\u0107 korzystanie z naszej Witryny i \u015bwiadczy\u0107 nasze us\u0142ugi.<\/span><\/p>\n<h3><span style=\"color: #000000;\">Nie \u015bledzi\u0107<\/span><\/h3>\n<p><span style=\"color: #000000;\">Nale\u017cy pami\u0119ta\u0107, \u017ce ze wzgl\u0119du na brak sp\u00f3jnej wiedzy bran\u017cowej na temat reagowania na sygna\u0142y \u201eNie \u015bled\u017a\u201d, nie zmieniamy naszych praktyk w zakresie gromadzenia i wykorzystywania danych, gdy wykryjemy taki sygna\u0142 z Twojej przegl\u0105darki.<\/span><\/p>\n<h3><span style=\"color: #000000;\">Zmiany<\/span><\/h3>\n<p><span style=\"color: #000000;\">Mo\u017cemy od czasu do czasu aktualizowa\u0107 niniejsz\u0105 Polityk\u0119 prywatno\u015bci, aby odzwierciedli\u0107 na przyk\u0142ad zmiany w naszych praktykach lub z innych powod\u00f3w operacyjnych, prawnych lub regulacyjnych.<\/span><\/p>\n<h3><span style=\"color: #000000;\">Kontakt<\/span><\/h3>\n<p><span style=\"color: #000000;\">Aby uzyska\u0107 wi\u0119cej informacji na temat naszych praktyk dotycz\u0105cych prywatno\u015bci, je\u015bli masz pytania lub chcesz z\u0142o\u017cy\u0107 skarg\u0119, skontaktuj si\u0119 z nami, wysy\u0142aj\u0105c e-mail na adres support@rehairsystem.com.<\/span><\/p>\n<\/div>\n<\/div>","protected":false},"excerpt":{"rendered":"<p>This Privacy Policy describes how www.rehairsystem.com (the \u201cSite\u201d or \u201cwe\u201d) collects, uses, and discloses your Personal Information when you visit or make a purchase from &#8230; <a title=\"Polityka prywatno\u015bci\" class=\"read-more\" href=\"https:\/\/blog.rehairsystem.com\/pl\/polityka-prywatnosci\/\" aria-label=\"More on Privacy Policy\">Czytaj dalej<\/a><\/p>","protected":false},"author":1,"featured_media":0,"parent":0,"menu_order":0,"comment_status":"closed","ping_status":"closed","template":"","meta":[],"_links":{"self":[{"href":"https:\/\/blog.rehairsystem.com\/pl\/wp-json\/wp\/v2\/pages\/4562"}],"collection":[{"href":"https:\/\/blog.rehairsystem.com\/pl\/wp-json\/wp\/v2\/pages"}],"about":[{"href":"https:\/\/blog.rehairsystem.com\/pl\/wp-json\/wp\/v2\/types\/page"}],"author":[{"embeddable":true,"href":"https:\/\/blog.rehairsystem.com\/pl\/wp-json\/wp\/v2\/users\/1"}],"replies":[{"embeddable":true,"href":"https:\/\/blog.rehairsystem.com\/pl\/wp-json\/wp\/v2\/comments?post=4562"}],"version-history":[{"count":1,"href":"https:\/\/blog.rehairsystem.com\/pl\/wp-json\/wp\/v2\/pages\/4562\/revisions"}],"predecessor-version":[{"id":4563,"href":"https:\/\/blog.rehairsystem.com\/pl\/wp-json\/wp\/v2\/pages\/4562\/revisions\/4563"}],"wp:attachment":[{"href":"https:\/\/blog.rehairsystem.com\/pl\/wp-json\/wp\/v2\/media?parent=4562"}],"curies":[{"name":"wp","href":"https:\/\/api.w.org\/{rel}","templated":true}]}}