{"id":133,"date":"2020-09-28T21:32:38","date_gmt":"2020-09-28T21:32:38","guid":{"rendered":"https:\/\/newsroom.wordifysites.com\/?page_id=133"},"modified":"2023-07-20T03:44:50","modified_gmt":"2023-07-20T03:44:50","slug":"home","status":"publish","type":"page","link":"https:\/\/blog.rehairsystem.com\/pt\/","title":{"rendered":"Peruca masculina personalizada e guia de compra"},"content":{"rendered":"<section class=\"gb-container gb-container-dee0bfee\">\n\n<h2 class=\"gb-headline gb-headline-1bd93e86\"><span class=\"gb-icon\"><svg xmlns=\"http:\/\/www.w3.org\/2000\/svg\" viewbox=\"0 0 48 48\">.st1{display:nenhum}<path d=\"M0 0h48v48H0V0z\"><\/path><path d=\"M7.981 40.019h32.038V7.981H7.981v32.038z\"><\/path><\/svg><\/span><span class=\"gb-headline-text\">Celebridade careca<\/span><\/h2>\n\n\n\n<div class=\"gb-grid-wrapper gb-grid-wrapper-c9bd997a gb-query-loop-wrapper\">\n<div class=\"gb-grid-column gb-grid-column-1d00891a gb-query-loop-item post-5475 post type-post status-publish format-standard has-post-thumbnail hentry category-celebrity-toupee tag-dave-chappelle-with-hair resize-featured-image\"><article class=\"gb-container gb-container-1d00891a\">\n<div class=\"gb-container gb-container-de5a9cc3\">\n<div class=\"gb-container gb-container-e49c9a09\">\n<figure class=\"gb-block-image gb-block-image-8224086f\"><a href=\"https:\/\/blog.rehairsystem.com\/pt\/fez-dave-chapelle-com-cabelo-por-que-ele-esta-careca\/\"><img width=\"608\" height=\"437\" src=\"https:\/\/blog.rehairsystem.com\/wp-content\/uploads\/2023\/06\/Dave-Chappelle-With-Hair.jpg\" class=\"gb-image-8224086f\" alt=\"Dave Chappelle com cabelo\" decoding=\"async\" loading=\"lazy\" srcset=\"https:\/\/blog.rehairsystem.com\/wp-content\/uploads\/2023\/06\/Dave-Chappelle-With-Hair.jpg 608w, https:\/\/blog.rehairsystem.com\/wp-content\/uploads\/2023\/06\/Dave-Chappelle-With-Hair-300x216.jpg 300w, https:\/\/blog.rehairsystem.com\/wp-content\/uploads\/2023\/06\/Dave-Chappelle-With-Hair-18x12.jpg 18w\" sizes=\"(max-width: 608px) 100vw, 608px\" \/><\/a><\/figure>\n<\/div>\n\n<div class=\"gb-container gb-container-20041c6e\">\n<h3 class=\"gb-headline gb-headline-8c215d81 gb-headline-text\">Dave Chappelle j\u00e1 teve cabelo? Por que ele \u00e9 careca?<\/h3>\n\n<p class=\"gb-headline gb-headline-13f10a89 gb-headline-text\">Dave Chappelle, um renomado comediante, nos faz rir h\u00e1 mais de duas d\u00e9cadas. H\u00e1 um aspecto de sua apar\u00eancia que sempre...<\/p>\n\n<a class=\"gb-button gb-button-1c4f2dae gb-button-text\" href=\"https:\/\/blog.rehairsystem.com\/pt\/fez-dave-chapelle-com-cabelo-por-que-ele-esta-careca\/\">Consulte Mais informa\u00e7\u00e3o<\/a>\n<\/div>\n<\/div>\n<\/article><\/div>\n\n<div class=\"gb-grid-column gb-grid-column-1d00891a gb-query-loop-item post-5256 post type-post status-publish format-standard has-post-thumbnail hentry category-celebrity-toupee tag-tim-mcgraw-balding resize-featured-image\"><article class=\"gb-container gb-container-1d00891a\">\n<div class=\"gb-container gb-container-de5a9cc3\">\n<div class=\"gb-container gb-container-e49c9a09\">\n<figure class=\"gb-block-image gb-block-image-8224086f\"><a href=\"https:\/\/blog.rehairsystem.com\/pt\/tim-mcgraws-careca-secreat\/\"><img width=\"642\" height=\"413\" src=\"https:\/\/blog.rehairsystem.com\/wp-content\/uploads\/2023\/06\/Tim-Mcgraw-balding.jpg\" class=\"gb-image-8224086f\" alt=\"Tim Mcgraw careca\" decoding=\"async\" loading=\"lazy\" srcset=\"https:\/\/blog.rehairsystem.com\/wp-content\/uploads\/2023\/06\/Tim-Mcgraw-balding.jpg 642w, https:\/\/blog.rehairsystem.com\/wp-content\/uploads\/2023\/06\/Tim-Mcgraw-balding-300x193.jpg 300w, https:\/\/blog.rehairsystem.com\/wp-content\/uploads\/2023\/06\/Tim-Mcgraw-balding-18x12.jpg 18w\" sizes=\"(max-width: 642px) 100vw, 642px\" \/><\/a><\/figure>\n<\/div>\n\n<div class=\"gb-container gb-container-20041c6e\">\n<h3 class=\"gb-headline gb-headline-8c215d81 gb-headline-text\">O segredo sobre a calv\u00edcie de Tim McGraw<\/h3>\n\n<p class=\"gb-headline gb-headline-13f10a89 gb-headline-text\">Tim McGraw \u00e9 um dos maiores nomes da m\u00fasica country, com uma carreira de mais de tr\u00eas d\u00e9cadas. Voc\u00ea sabia que o pa\u00eds\u2026<\/p>\n\n<a class=\"gb-button gb-button-1c4f2dae gb-button-text\" href=\"https:\/\/blog.rehairsystem.com\/pt\/tim-mcgraws-careca-secreat\/\">Consulte Mais informa\u00e7\u00e3o<\/a>\n<\/div>\n<\/div>\n<\/article><\/div>\n\n<div class=\"gb-grid-column gb-grid-column-1d00891a gb-query-loop-item post-5098 post type-post status-publish format-standard has-post-thumbnail hentry category-celebrity-toupee tag-chris-hemsworth-hairline resize-featured-image\"><article class=\"gb-container gb-container-1d00891a\">\n<div class=\"gb-container gb-container-de5a9cc3\">\n<div class=\"gb-container gb-container-e49c9a09\">\n<figure class=\"gb-block-image gb-block-image-8224086f\"><a href=\"https:\/\/blog.rehairsystem.com\/pt\/misterio-e-evolucao-da-crise-hemsworth-cabelo\/\"><img width=\"656\" height=\"475\" src=\"https:\/\/blog.rehairsystem.com\/wp-content\/uploads\/2023\/06\/Chris-Hemsworth-Hair.jpg\" class=\"gb-image-8224086f\" alt=\"Cabelo de Chris Hemsworth\" decoding=\"async\" loading=\"lazy\" srcset=\"https:\/\/blog.rehairsystem.com\/wp-content\/uploads\/2023\/06\/Chris-Hemsworth-Hair.jpg 656w, https:\/\/blog.rehairsystem.com\/wp-content\/uploads\/2023\/06\/Chris-Hemsworth-Hair-300x217.jpg 300w, https:\/\/blog.rehairsystem.com\/wp-content\/uploads\/2023\/06\/Chris-Hemsworth-Hair-18x12.jpg 18w\" sizes=\"(max-width: 656px) 100vw, 656px\" \/><\/a><\/figure>\n<\/div>\n\n<div class=\"gb-container gb-container-20041c6e\">\n<h3 class=\"gb-headline gb-headline-8c215d81 gb-headline-text\">O mist\u00e9rio e a evolu\u00e7\u00e3o da linha do cabelo de Chris Hemsworth<\/h3>\n\n<p class=\"gb-headline gb-headline-13f10a89 gb-headline-text\">Chris Hemsworth \u00e9 um dos atores mais populares de Hollywood. Mas, uma coisa que tem sido fonte de muito interesse e especula\u00e7\u00e3o \u00e9\u2026<\/p>\n\n<a class=\"gb-button gb-button-1c4f2dae gb-button-text\" href=\"https:\/\/blog.rehairsystem.com\/pt\/misterio-e-evolucao-da-crise-hemsworth-cabelo\/\">Consulte Mais informa\u00e7\u00e3o<\/a>\n<\/div>\n<\/div>\n<\/article><\/div>\n<\/div>\n\n<\/section>\n\n<section class=\"gb-container gb-container-a03c083f\">\n\n<h2 class=\"gb-headline gb-headline-5349345f\"><span class=\"gb-icon\"><svg xmlns=\"http:\/\/www.w3.org\/2000\/svg\" viewbox=\"0 0 48 48\">.st1{display:nenhum}<path d=\"M0 0h48v48H0V0z\"><\/path><path d=\"M7.981 40.019h32.038V7.981H7.981v32.038z\"><\/path><\/svg><\/span><span class=\"gb-headline-text\">peruca de celebridade<\/span><\/h2>\n\n\n\n<div class=\"gb-grid-wrapper gb-grid-wrapper-ad3e3527 gb-query-loop-wrapper\">\n<div class=\"gb-grid-column gb-grid-column-63934c65 gb-query-loop-item post-5843 post type-post status-publish format-standard has-post-thumbnail hentry category-bald-celebrities category-celebrity-toupee tag-john-wayne-bald resize-featured-image\"><article class=\"gb-container gb-container-63934c65\">\n<figure class=\"gb-block-image gb-block-image-2e6660e2\"><a href=\"https:\/\/blog.rehairsystem.com\/wp-content\/uploads\/2023\/06\/John-Wayne-Bald.jpg\"><img width=\"562\" height=\"390\" src=\"https:\/\/blog.rehairsystem.com\/wp-content\/uploads\/2023\/06\/John-Wayne-Bald.jpg\" class=\"gb-image-2e6660e2\" alt=\"John Wayne careca\" decoding=\"async\" loading=\"lazy\" srcset=\"https:\/\/blog.rehairsystem.com\/wp-content\/uploads\/2023\/06\/John-Wayne-Bald.jpg 562w, https:\/\/blog.rehairsystem.com\/wp-content\/uploads\/2023\/06\/John-Wayne-Bald-300x208.jpg 300w, https:\/\/blog.rehairsystem.com\/wp-content\/uploads\/2023\/06\/John-Wayne-Bald-18x12.jpg 18w\" sizes=\"(max-width: 562px) 100vw, 562px\" \/><\/a><\/figure>\n\n<h3 class=\"gb-headline gb-headline-32d6a52a gb-headline-text\"><a href=\"https:\/\/blog.rehairsystem.com\/pt\/john-wayne-careca-e-peruca-revelado\/\">Revela\u00e7\u00e3o da calv\u00edcie e da peruca de John Wayne<\/a><\/h3>\n<\/article><\/div>\n\n<div class=\"gb-grid-column gb-grid-column-63934c65 gb-query-loop-item post-5260 post type-post status-publish format-standard has-post-thumbnail hentry category-celebrity-toupee tag-ted-danson-bald resize-featured-image\"><article class=\"gb-container gb-container-63934c65\">\n<figure class=\"gb-block-image gb-block-image-2e6660e2\"><a href=\"https:\/\/blog.rehairsystem.com\/wp-content\/uploads\/2023\/06\/Ted-Danson-Bald.jpg\"><img width=\"601\" height=\"352\" src=\"https:\/\/blog.rehairsystem.com\/wp-content\/uploads\/2023\/06\/Ted-Danson-Bald.jpg\" class=\"gb-image-2e6660e2\" alt=\"Ted Danson Careca\" decoding=\"async\" loading=\"lazy\" srcset=\"https:\/\/blog.rehairsystem.com\/wp-content\/uploads\/2023\/06\/Ted-Danson-Bald.jpg 601w, https:\/\/blog.rehairsystem.com\/wp-content\/uploads\/2023\/06\/Ted-Danson-Bald-300x176.jpg 300w, https:\/\/blog.rehairsystem.com\/wp-content\/uploads\/2023\/06\/Ted-Danson-Bald-18x12.jpg 18w\" sizes=\"(max-width: 601px) 100vw, 601px\" \/><\/a><\/figure>\n\n<h3 class=\"gb-headline gb-headline-32d6a52a gb-headline-text\"><a href=\"https:\/\/blog.rehairsystem.com\/pt\/e-ted-danson-careca-ou-usa-uma-peruca\/\">Ted Danson \u00e9 careca e usa peruca?<\/a><\/h3>\n<\/article><\/div>\n\n<div class=\"gb-grid-column gb-grid-column-63934c65 gb-query-loop-item post-5069 post type-post status-publish format-standard has-post-thumbnail hentry category-celebrity-toupee tag-dean-martin-hairpiece resize-featured-image\"><article class=\"gb-container gb-container-63934c65\">\n<figure class=\"gb-block-image gb-block-image-2e6660e2\"><a href=\"https:\/\/blog.rehairsystem.com\/wp-content\/uploads\/2023\/06\/Dean-Martin-Hairpiece.png\"><img width=\"631\" height=\"478\" src=\"https:\/\/blog.rehairsystem.com\/wp-content\/uploads\/2023\/06\/Dean-Martin-Hairpiece.png\" class=\"gb-image-2e6660e2\" alt=\"Cabeleira Dean Martin\" decoding=\"async\" loading=\"lazy\" srcset=\"https:\/\/blog.rehairsystem.com\/wp-content\/uploads\/2023\/06\/Dean-Martin-Hairpiece.png 631w, https:\/\/blog.rehairsystem.com\/wp-content\/uploads\/2023\/06\/Dean-Martin-Hairpiece-300x227.png 300w, https:\/\/blog.rehairsystem.com\/wp-content\/uploads\/2023\/06\/Dean-Martin-Hairpiece-16x12.png 16w\" sizes=\"(max-width: 631px) 100vw, 631px\" \/><\/a><\/figure>\n\n<h3 class=\"gb-headline gb-headline-32d6a52a gb-headline-text\"><a href=\"https:\/\/blog.rehairsystem.com\/pt\/dean-martin-usa-uma-peruca\/\">Dean Martin usa peruca: \u00e9 uma verdade?<\/a><\/h3>\n<\/article><\/div>\n<\/div>\n\n<\/section>\n\n<section class=\"gb-container gb-container-e784682b\">\n\n<h2 class=\"gb-headline gb-headline-ddaf9f07\"><span class=\"gb-icon\"><svg xmlns=\"http:\/\/www.w3.org\/2000\/svg\" viewbox=\"0 0 48 48\">.st1{display:nenhum}<path d=\"M0 0h48v48H0V0z\"><\/path><path d=\"M7.981 40.019h32.038V7.981H7.981v32.038z\"><\/path><\/svg><\/span><span class=\"gb-headline-text\">\u00daltimas not\u00edcias<\/span><\/h2>\n\n\n<div class=\"gb-container gb-container-888934ed\">\n<div class=\"gb-container gb-container-4db19fea\">\n<div class=\"gb-grid-wrapper gb-grid-wrapper-1cda65a9\">\n<div class=\"gb-grid-column gb-grid-column-f509442b\"><div class=\"gb-container gb-container-f509442b\">\n\n<div class=\"gb-grid-wrapper gb-grid-wrapper-0d7b8330 gb-query-loop-wrapper\">\n<div class=\"gb-grid-column gb-grid-column-a0b521fb gb-query-loop-item post-7008 post type-post status-publish format-standard has-post-thumbnail hentry category-bald-celebrities tag-anthony-carrigan-with-hair resize-featured-image\"><div class=\"gb-container gb-container-a0b521fb\">\n<figure class=\"gb-block-image gb-block-image-75ad5fc0\"><a href=\"https:\/\/blog.rehairsystem.com\/pt\/jornada-de-cabelo-para-careca-de-antony-carrigan-alopecia\/\"><img width=\"400\" height=\"293\" src=\"https:\/\/blog.rehairsystem.com\/wp-content\/uploads\/2023\/07\/anthony-carrigan-with-hair.jpg\" class=\"gb-image-75ad5fc0\" alt=\"Anthony Carrigan com cabelo\" decoding=\"async\" loading=\"lazy\" srcset=\"https:\/\/blog.rehairsystem.com\/wp-content\/uploads\/2023\/07\/anthony-carrigan-with-hair.jpg 400w, https:\/\/blog.rehairsystem.com\/wp-content\/uploads\/2023\/07\/anthony-carrigan-with-hair-300x220.jpg 300w, https:\/\/blog.rehairsystem.com\/wp-content\/uploads\/2023\/07\/anthony-carrigan-with-hair-16x12.jpg 16w\" sizes=\"(max-width: 400px) 100vw, 400px\" \/><\/a><\/figure>\n\n<h3 class=\"gb-headline gb-headline-9d2c3c6c gb-headline-text\"><a href=\"https:\/\/blog.rehairsystem.com\/pt\/jornada-de-cabelo-para-careca-de-antony-carrigan-alopecia\/\">De cabelo a careca: a jornada inspiradora da alopecia de Anthony Carrigan<\/a><\/h3>\n\n<p class=\"gb-headline gb-headline-b282e25d\"><span class=\"gb-icon\"><svg viewbox=\"0 0 18 20\" xmlns=\"http:\/\/www.w3.org\/2000\/svg\"><path d=\"M18 19a1 1 0 0 1-2 0v-2a3 3 0 0 0-3-3H5a3 3 0 0 0-3 3v2a1 1 0 0 1-2 0v-2a5 5 0 0 1 5-5h8a5 5 0 0 1 5 5v2Zm-9-9A5 5 0 1 1 9 0a5 5 0 0 1 0 10Zm0-2a3 3 0 1 0 0-6 3 3 0 0 0 0 6Z\"><\/path><\/svg><\/span><span class=\"gb-headline-text\"><a href=\"https:\/\/blog.rehairsystem.com\/pt\/author\/rehairsystem\/\">Rehairsystem<\/a><\/span><\/p>\n\n<div class=\"gb-headline gb-headline-78f21c87 gb-headline-text\">Um Acotor que n\u00e3o apenas abra\u00e7ou sua perda de cabelo, mas tamb\u00e9m se tornou uma inspira\u00e7\u00e3o para muitos \u00e9 Anthony Carrigan. Conhecido por seus pap\u00e9is\u2026<\/div>\n<\/div><\/div>\n<\/div>\n\n<\/div><\/div>\n\n<div class=\"gb-grid-column gb-grid-column-9bf1f7e0\"><div class=\"gb-container gb-container-9bf1f7e0\">\n\n<div class=\"gb-grid-wrapper gb-grid-wrapper-901b3190 gb-query-loop-wrapper\">\n<div class=\"gb-grid-column gb-grid-column-84f0de1a gb-query-loop-item post-6952 post type-post status-publish format-standard has-post-thumbnail hentry category-celebrity-toupee tag-alex-eubank-hair resize-featured-image\"><div class=\"gb-container gb-container-84f0de1a\">\n<figure class=\"gb-block-image gb-block-image-a849106f\"><a href=\"https:\/\/blog.rehairsystem.com\/pt\/alex-eubank-hair-como-obter-seu-penteado-iconico\/\"><img width=\"465\" height=\"342\" src=\"https:\/\/blog.rehairsystem.com\/wp-content\/uploads\/2023\/07\/Alex-Eubank-Hair.jpg\" class=\"gb-image-a849106f\" alt=\"Cabelo de Alex Eubank\" decoding=\"async\" loading=\"lazy\" srcset=\"https:\/\/blog.rehairsystem.com\/wp-content\/uploads\/2023\/07\/Alex-Eubank-Hair.jpg 465w, https:\/\/blog.rehairsystem.com\/wp-content\/uploads\/2023\/07\/Alex-Eubank-Hair-300x221.jpg 300w, https:\/\/blog.rehairsystem.com\/wp-content\/uploads\/2023\/07\/Alex-Eubank-Hair-16x12.jpg 16w\" sizes=\"(max-width: 465px) 100vw, 465px\" \/><\/a><\/figure>\n\n<h3 class=\"gb-headline gb-headline-501b878d gb-headline-text\"><a href=\"https:\/\/blog.rehairsystem.com\/pt\/alex-eubank-hair-como-obter-seu-penteado-iconico\/\">Alex Eubank Hair: Como obter seu penteado ic\u00f4nico?<\/a><\/h3>\n\n<p class=\"gb-headline gb-headline-e13eec9e\"><span class=\"gb-icon\"><svg viewbox=\"0 0 18 20\" xmlns=\"http:\/\/www.w3.org\/2000\/svg\"><path d=\"M18 19a1 1 0 0 1-2 0v-2a3 3 0 0 0-3-3H5a3 3 0 0 0-3 3v2a1 1 0 0 1-2 0v-2a5 5 0 0 1 5-5h8a5 5 0 0 1 5 5v2Zm-9-9A5 5 0 1 1 9 0a5 5 0 0 1 0 10Zm0-2a3 3 0 1 0 0-6 3 3 0 0 0 0 6Z\"><\/path><\/svg><\/span><span class=\"gb-headline-text\"><a href=\"https:\/\/blog.rehairsystem.com\/pt\/author\/rehairsystem\/\">Rehairsystem<\/a><\/span><\/p>\n\n<div class=\"gb-headline gb-headline-e4c02e03 gb-headline-text\">Se voc\u00ea \u00e9 f\u00e3 de Alex Eubank e seu penteado ic\u00f4nico, est\u00e1 com sorte! A partir daqui, vamos mergulhar no mundo do cabelo de Alex Eubank\u2026<\/div>\n<\/div><\/div>\n<\/div>\n\n<\/div><\/div>\n<\/div>\n<\/div>\n<\/div>\n<\/section>","protected":false},"excerpt":{"rendered":"<p>.st1{display:none}Celebridade careca .st1{display:none}Peruca de celebridade .st1{display:none}\u00daltimas not\u00edcias<\/p>","protected":false},"author":1,"featured_media":0,"parent":0,"menu_order":0,"comment_status":"closed","ping_status":"closed","template":"","meta":[],"_links":{"self":[{"href":"https:\/\/blog.rehairsystem.com\/pt\/wp-json\/wp\/v2\/pages\/133"}],"collection":[{"href":"https:\/\/blog.rehairsystem.com\/pt\/wp-json\/wp\/v2\/pages"}],"about":[{"href":"https:\/\/blog.rehairsystem.com\/pt\/wp-json\/wp\/v2\/types\/page"}],"author":[{"embeddable":true,"href":"https:\/\/blog.rehairsystem.com\/pt\/wp-json\/wp\/v2\/users\/1"}],"replies":[{"embeddable":true,"href":"https:\/\/blog.rehairsystem.com\/pt\/wp-json\/wp\/v2\/comments?post=133"}],"version-history":[{"count":27,"href":"https:\/\/blog.rehairsystem.com\/pt\/wp-json\/wp\/v2\/pages\/133\/revisions"}],"predecessor-version":[{"id":7053,"href":"https:\/\/blog.rehairsystem.com\/pt\/wp-json\/wp\/v2\/pages\/133\/revisions\/7053"}],"wp:attachment":[{"href":"https:\/\/blog.rehairsystem.com\/pt\/wp-json\/wp\/v2\/media?parent=133"}],"curies":[{"name":"wp","href":"https:\/\/api.w.org\/{rel}","templated":true}]}}