{"id":34,"date":"2018-11-24T18:08:53","date_gmt":"2018-11-24T18:08:53","guid":{"rendered":"https:\/\/gpsites.co\/split\/?page_id=34"},"modified":"2023-05-30T11:11:29","modified_gmt":"2023-05-30T11:11:29","slug":"contact","status":"publish","type":"page","link":"https:\/\/blog.rehairsystem.com\/pt\/contato\/","title":{"rendered":"Contate-nos"},"content":{"rendered":"<p><span style=\"color: #000000;\">Obrigado por visitar o blog da Rehairsystem! Esperamos que voc\u00ea ache nosso conte\u00fado informativo e \u00fatil na escolha da peruca ou peruca certa para homens e mulheres.<\/span><\/p>\n<p><span style=\"color: #000000;\">Se voc\u00ea tiver alguma d\u00favida, preocupa\u00e7\u00e3o ou feedback sobre nosso blog, ou quiser saber mais sobre nossos produtos e servi\u00e7os, n\u00e3o hesite em nos contatar atrav\u00e9s dos seguintes m\u00e9todos:<\/span><\/p>\n<ul>\n<li><span style=\"color: #000000;\">E-mail: support@rehairsystem.com<\/span><\/li>\n<li><span style=\"color: #000000;\">Telefone: 1-(518) 873-4247 \/ 1-5188-REHAIR<\/span><\/li>\n<li><span style=\"color: #000000;\">WhatsApp: +86 18363906949<\/span><\/li>\n<li><span style=\"color: #000000;\">Shooping Store: <a href=\"https:\/\/rehairsystem.com\/\" target=\"_blank\" rel=\"noopener\">https:\/\/rehairsystem.com<\/a><\/span><\/li>\n<\/ul>\n<p><span style=\"color: #000000;\">N\u00f3s nos esfor\u00e7amos para responder a todas as perguntas prontamente e fornecer um servi\u00e7o excelente a cada um de nossos clientes. Obrigado por escolher o Rehairsystem como seu recurso para tudo relacionado a perucas e perucas. Estamos ansiosos para ouvir de voc\u00ea em breve!<\/span><\/p>","protected":false},"excerpt":{"rendered":"<p>Thank you for visiting the Rehairsystem&#8217;s blog! We hope that you find our content informative and helpful in choosing the right Toupee or Hairpiece for &#8230; <a title=\"Contate-nos\" class=\"read-more\" href=\"https:\/\/blog.rehairsystem.com\/pt\/contato\/\" aria-label=\"Mais em Contact Us\">Ler mais<\/a><\/p>","protected":false},"author":1,"featured_media":0,"parent":0,"menu_order":0,"comment_status":"closed","ping_status":"closed","template":"","meta":[],"_links":{"self":[{"href":"https:\/\/blog.rehairsystem.com\/pt\/wp-json\/wp\/v2\/pages\/34"}],"collection":[{"href":"https:\/\/blog.rehairsystem.com\/pt\/wp-json\/wp\/v2\/pages"}],"about":[{"href":"https:\/\/blog.rehairsystem.com\/pt\/wp-json\/wp\/v2\/types\/page"}],"author":[{"embeddable":true,"href":"https:\/\/blog.rehairsystem.com\/pt\/wp-json\/wp\/v2\/users\/1"}],"replies":[{"embeddable":true,"href":"https:\/\/blog.rehairsystem.com\/pt\/wp-json\/wp\/v2\/comments?post=34"}],"version-history":[{"count":3,"href":"https:\/\/blog.rehairsystem.com\/pt\/wp-json\/wp\/v2\/pages\/34\/revisions"}],"predecessor-version":[{"id":4574,"href":"https:\/\/blog.rehairsystem.com\/pt\/wp-json\/wp\/v2\/pages\/34\/revisions\/4574"}],"wp:attachment":[{"href":"https:\/\/blog.rehairsystem.com\/pt\/wp-json\/wp\/v2\/media?parent=34"}],"curies":[{"name":"wp","href":"https:\/\/api.w.org\/{rel}","templated":true}]}}