{"id":36,"date":"2018-11-24T18:08:58","date_gmt":"2018-11-24T18:08:58","guid":{"rendered":"https:\/\/gpsites.co\/split\/?page_id=36"},"modified":"2023-06-01T08:59:30","modified_gmt":"2023-06-01T08:59:30","slug":"about","status":"publish","type":"page","link":"https:\/\/blog.rehairsystem.com\/pt\/sobre\/","title":{"rendered":"Sobre n\u00f3s"},"content":{"rendered":"<h3><span style=\"color: #000000;\">Sobre o Blog da Rehairsystem:<\/span><\/h3>\n<p><span style=\"color: #000000;\">Voc\u00ea est\u00e1 lutando contra a queda de cabelo ou calv\u00edcie? N\u00e3o se preocupe mais! Neste guia completo, voc\u00ea aprender\u00e1 tudo o que precisa saber sobre perucas ou perucas para homens e mulheres.<\/span><\/p>\n<p><span style=\"color: #000000;\">Desde a escolha do material, estilo, cor e comprimento certos at\u00e9 a manuten\u00e7\u00e3o e cuidados adequados, temos tudo o que voc\u00ea precisa. Descubra como voc\u00ea pode recuperar sua confian\u00e7a e transformar sua apar\u00eancia com uma peruca ou peruca perfeita. Leia agora e descubra os segredos para um dia de cabelo perfeito todos os dias!<\/span><\/p>\n<h3><span style=\"color: #000000;\">Sobre Rehairsystem.com:<\/span><\/h3>\n<p><span style=\"color: #000000;\">Bem-vindo ao <a href=\"https:\/\/rehairsystem.com\/\" target=\"_blank\" rel=\"noopener\"><strong>loja Rehairsystem<\/strong><\/a>, o destino certo para sistemas premium de substitui\u00e7\u00e3o de cabelo humano. Somos um fornecedor direto da f\u00e1brica apaixonado por fornecer ao mundo lindas perucas. Nossa miss\u00e3o \u00e9 mudar a vida das pessoas por meio de nossos sistemas capilares de alta qualidade, que t\u00eam um pre\u00e7o acess\u00edvel para todos os or\u00e7amentos e estilos de vida!<\/span><\/p>\n<p><span style=\"color: #000000;\">Nossas f\u00e1bricas est\u00e3o localizadas em Qingdao, China, onde fabricamos todos os tipos de produtos de reposi\u00e7\u00e3o de cabelo humano. Com uma ampla gama de sistemas de cabelo dispon\u00edveis, incluindo sistemas de cabelo de pele, sistemas de cabelo de renda, sistemas de cabelo mono e sistemas de combina\u00e7\u00e3o, bem como a op\u00e7\u00e3o de sistemas de cabelo personalizados, nos orgulhamos de impressionar nossos clientes com nossos produtos de qualidade premium e nunca pare de melhorar para superar suas expectativas.<\/span><\/p>\n<p><span style=\"color: #000000;\">Estamos comprometidos em fornecer a melhor experi\u00eancia de compra poss\u00edvel para nossos clientes, garantindo que eles encontrem o produto de sistema capilar perfeito para suas necessidades. Entendemos que encomendar solu\u00e7\u00f5es capilares de um local de varejo ou outra empresa on-line pode ser uma experi\u00eancia cara e tediosa. No entanto, no site da Rehairsystem, oferecemos pre\u00e7os acess\u00edveis em compara\u00e7\u00e3o com sal\u00f5es e est\u00fadios de substitui\u00e7\u00e3o de cabelo ou clubes de cabelo, com suas grandes marca\u00e7\u00f5es, contratos vinculativos e visitas de manuten\u00e7\u00e3o caras. Oferecemos suporte e defesa incompar\u00e1veis na ind\u00fastria de cabelos online, garantindo a satisfa\u00e7\u00e3o do cliente.<\/span><\/p>\n<p><span style=\"color: #000000;\">N\u00f3s nos esfor\u00e7amos para atingir nosso objetivo de fornecer belos sistemas capilares para pessoas em todo o mundo. Esteja voc\u00ea lutando contra a queda de cabelo ou procurando um novo sistema de substitui\u00e7\u00e3o de cabelo, somos sua fonte confi\u00e1vel para a substitui\u00e7\u00e3o de cabelo da melhor qualidade. Conecte-se conosco hoje e deixe-nos ajud\u00e1-lo a melhorar sua qualidade de vida por meio de nossos produtos premium de reposi\u00e7\u00e3o capilar!<\/span><\/p>","protected":false},"excerpt":{"rendered":"<p>About\u00a0Rehairsystem&#8217;s Blog: Are you struggling with hair loss or baldness? Worry no more! In this comprehensive guide, you\u2019ll learn everything you need to know about &#8230; <a title=\"Sobre n\u00f3s\" class=\"read-more\" href=\"https:\/\/blog.rehairsystem.com\/pt\/sobre\/\" aria-label=\"Mais em About Us\">Ler mais<\/a><\/p>","protected":false},"author":1,"featured_media":0,"parent":0,"menu_order":0,"comment_status":"closed","ping_status":"closed","template":"","meta":[],"_links":{"self":[{"href":"https:\/\/blog.rehairsystem.com\/pt\/wp-json\/wp\/v2\/pages\/36"}],"collection":[{"href":"https:\/\/blog.rehairsystem.com\/pt\/wp-json\/wp\/v2\/pages"}],"about":[{"href":"https:\/\/blog.rehairsystem.com\/pt\/wp-json\/wp\/v2\/types\/page"}],"author":[{"embeddable":true,"href":"https:\/\/blog.rehairsystem.com\/pt\/wp-json\/wp\/v2\/users\/1"}],"replies":[{"embeddable":true,"href":"https:\/\/blog.rehairsystem.com\/pt\/wp-json\/wp\/v2\/comments?post=36"}],"version-history":[{"count":6,"href":"https:\/\/blog.rehairsystem.com\/pt\/wp-json\/wp\/v2\/pages\/36\/revisions"}],"predecessor-version":[{"id":4765,"href":"https:\/\/blog.rehairsystem.com\/pt\/wp-json\/wp\/v2\/pages\/36\/revisions\/4765"}],"wp:attachment":[{"href":"https:\/\/blog.rehairsystem.com\/pt\/wp-json\/wp\/v2\/media?parent=36"}],"curies":[{"name":"wp","href":"https:\/\/api.w.org\/{rel}","templated":true}]}}