{"id":4562,"date":"2023-05-30T10:43:31","date_gmt":"2023-05-30T10:43:31","guid":{"rendered":"https:\/\/blog.rehairsystem.com\/?page_id=4562"},"modified":"2023-05-30T10:43:31","modified_gmt":"2023-05-30T10:43:31","slug":"privacy-policy","status":"publish","type":"page","link":"https:\/\/blog.rehairsystem.com\/pt\/politica-de-privacidade\/","title":{"rendered":"pol\u00edtica de Privacidade"},"content":{"rendered":"<div class=\"heading-divider heading-divider--short animated fadeInDown\" data-scroll-class=\"fadeInDown\"><span style=\"color: #000000;\">Esta Pol\u00edtica de Privacidade descreve como www.rehairsystem.com (o \u201cSite\u201d ou \u201cn\u00f3s\u201d) coleta, usa e divulga suas informa\u00e7\u00f5es pessoais quando voc\u00ea visita ou faz uma compra no Site.<\/span><\/div>\n<div class=\"page__content content container  table is-striped is-bordered\">\n<div class=\"one-whole column\">\n<h3><\/h3>\n<h3><span style=\"color: #000000;\">Coletando informa\u00e7\u00f5es pessoais<\/span><\/h3>\n<p><span style=\"color: #000000;\">Quando voc\u00ea visita o Site, coletamos algumas informa\u00e7\u00f5es sobre seu dispositivo, sua intera\u00e7\u00e3o com o Site e as informa\u00e7\u00f5es necess\u00e1rias para processar suas compras. Tamb\u00e9m podemos coletar informa\u00e7\u00f5es adicionais se voc\u00ea entrar em contato conosco para obter suporte. Nesta Pol\u00edtica de Privacidade, nos referimos a qualquer informa\u00e7\u00e3o que possa identificar exclusivamente um indiv\u00edduo (incluindo as informa\u00e7\u00f5es abaixo) como \u201cInforma\u00e7\u00f5es Pessoais\u201d.\u00a0<\/span><\/p>\n<h3><span style=\"color: #000000;\">menores<\/span><\/h3>\n<p><span style=\"color: #000000;\">O Site n\u00e3o se destina a indiv\u00edduos com idade inferior a\u00a0<em>15<\/em>. N\u00e3o coletamos intencionalmente informa\u00e7\u00f5es pessoais de crian\u00e7as. Se voc\u00ea \u00e9 o pai ou respons\u00e1vel e acredita que seu filho nos forneceu informa\u00e7\u00f5es pessoais, entre em contato conosco no endere\u00e7o abaixo para solicitar a exclus\u00e3o.<\/span><\/p>\n<h3><span style=\"color: #000000;\">Base legal<\/span><\/h3>\n<p><span style=\"color: #000000;\">De acordo com o Regulamento Geral de Prote\u00e7\u00e3o de Dados (\u201cGDPR\u201d), se voc\u00ea residir no Espa\u00e7o Econ\u00f4mico Europeu (\u201cEEA\u201d), processamos suas informa\u00e7\u00f5es pessoais sob as seguintes bases legais:<\/span><\/p>\n<ul>\n<li><span style=\"color: #000000;\">Sua permiss\u00e3o;<\/span><\/li>\n<li><span style=\"color: #000000;\">A execu\u00e7\u00e3o do contrato entre voc\u00ea e o Site;<\/span><\/li>\n<li><span style=\"color: #000000;\">Cumprimento das nossas obriga\u00e7\u00f5es legais;<\/span><\/li>\n<li><span style=\"color: #000000;\">Para proteger seus interesses vitais;<\/span><\/li>\n<li><span style=\"color: #000000;\">Desempenhar uma miss\u00e3o de interesse p\u00fablico;<\/span><\/li>\n<li><span style=\"color: #000000;\">Para os nossos interesses leg\u00edtimos, que n\u00e3o se sobrep\u00f5em aos seus direitos e liberdades fundamentais.<\/span><\/li>\n<\/ul>\n<h3><span style=\"color: #000000;\">Reten\u00e7\u00e3o<\/span><\/h3>\n<p><span style=\"color: #000000;\">Quando voc\u00ea fizer um pedido atrav\u00e9s do Site, manteremos suas Informa\u00e7\u00f5es Pessoais para nossos registros, a menos e at\u00e9 que voc\u00ea nos pe\u00e7a para apagar essas informa\u00e7\u00f5es. Para obter mais informa\u00e7\u00f5es sobre o seu direito de apagar, consulte a se\u00e7\u00e3o &#039;Seus direitos&#039; abaixo.<\/span><\/p>\n<h3><span style=\"color: #000000;\">Biscoitos<\/span><\/h3>\n<p><span style=\"color: #000000;\">Um cookie \u00e9 uma pequena quantidade de informa\u00e7\u00e3o baixada em seu computador ou dispositivo quando voc\u00ea visita nosso Site. Usamos v\u00e1rios cookies diferentes, incluindo cookies funcionais, de desempenho, de publicidade e de m\u00eddia social ou de conte\u00fado. Os cookies tornam sua experi\u00eancia de navega\u00e7\u00e3o melhor, permitindo que o site se lembre de suas a\u00e7\u00f5es e prefer\u00eancias (como login e sele\u00e7\u00e3o de regi\u00e3o). Isso significa que voc\u00ea n\u00e3o precisa inserir novamente essas informa\u00e7\u00f5es sempre que retornar ao site ou navegar de uma p\u00e1gina para outra. Os cookies tamb\u00e9m fornecem informa\u00e7\u00f5es sobre como as pessoas usam o site, por exemplo, se \u00e9 a primeira vez que visitam ou se s\u00e3o visitantes frequentes.<\/span><\/p>\n<p><span style=\"color: #000000;\">Usamos os seguintes cookies para otimizar sua experi\u00eancia em nosso Site e para fornecer nossos servi\u00e7os.<\/span><\/p>\n<h3><span style=\"color: #000000;\">N\u00e3o rastreie<\/span><\/h3>\n<p><span style=\"color: #000000;\">Observe que, como n\u00e3o h\u00e1 um entendimento consistente do setor sobre como responder aos sinais de \u201cN\u00e3o rastrear\u201d, n\u00e3o alteramos nossas pr\u00e1ticas de coleta e uso de dados quando detectamos esse sinal em seu navegador.<\/span><\/p>\n<h3><span style=\"color: #000000;\">Mudan\u00e7as<\/span><\/h3>\n<p><span style=\"color: #000000;\">Podemos atualizar esta Pol\u00edtica de Privacidade de tempos em tempos para refletir, por exemplo, mudan\u00e7as em nossas pr\u00e1ticas ou por outros motivos operacionais, legais ou regulat\u00f3rios.<\/span><\/p>\n<h3><span style=\"color: #000000;\">Contato<\/span><\/h3>\n<p><span style=\"color: #000000;\">Para obter mais informa\u00e7\u00f5es sobre nossas pr\u00e1ticas de privacidade, se voc\u00ea tiver d\u00favidas ou quiser fazer uma reclama\u00e7\u00e3o, entre em contato conosco pelo e-mail support@rehairsystem.com.<\/span><\/p>\n<\/div>\n<\/div>","protected":false},"excerpt":{"rendered":"<p>This Privacy Policy describes how www.rehairsystem.com (the \u201cSite\u201d or \u201cwe\u201d) collects, uses, and discloses your Personal Information when you visit or make a purchase from &#8230; <a title=\"pol\u00edtica de Privacidade\" class=\"read-more\" href=\"https:\/\/blog.rehairsystem.com\/pt\/politica-de-privacidade\/\" aria-label=\"Mais em Privacy Policy\">Ler mais<\/a><\/p>","protected":false},"author":1,"featured_media":0,"parent":0,"menu_order":0,"comment_status":"closed","ping_status":"closed","template":"","meta":[],"_links":{"self":[{"href":"https:\/\/blog.rehairsystem.com\/pt\/wp-json\/wp\/v2\/pages\/4562"}],"collection":[{"href":"https:\/\/blog.rehairsystem.com\/pt\/wp-json\/wp\/v2\/pages"}],"about":[{"href":"https:\/\/blog.rehairsystem.com\/pt\/wp-json\/wp\/v2\/types\/page"}],"author":[{"embeddable":true,"href":"https:\/\/blog.rehairsystem.com\/pt\/wp-json\/wp\/v2\/users\/1"}],"replies":[{"embeddable":true,"href":"https:\/\/blog.rehairsystem.com\/pt\/wp-json\/wp\/v2\/comments?post=4562"}],"version-history":[{"count":1,"href":"https:\/\/blog.rehairsystem.com\/pt\/wp-json\/wp\/v2\/pages\/4562\/revisions"}],"predecessor-version":[{"id":4563,"href":"https:\/\/blog.rehairsystem.com\/pt\/wp-json\/wp\/v2\/pages\/4562\/revisions\/4563"}],"wp:attachment":[{"href":"https:\/\/blog.rehairsystem.com\/pt\/wp-json\/wp\/v2\/media?parent=4562"}],"curies":[{"name":"wp","href":"https:\/\/api.w.org\/{rel}","templated":true}]}}