{"id":34,"date":"2018-11-24T18:08:53","date_gmt":"2018-11-24T18:08:53","guid":{"rendered":"https:\/\/gpsites.co\/split\/?page_id=34"},"modified":"2023-05-30T11:11:29","modified_gmt":"2023-05-30T11:11:29","slug":"contact","status":"publish","type":"page","link":"https:\/\/blog.rehairsystem.com\/sv\/kontakt\/","title":{"rendered":"Kontakta oss"},"content":{"rendered":"<p><span style=\"color: #000000;\">Tack f\u00f6r att du bes\u00f6ker Rehairsystems blogg! Vi hoppas att du tycker att v\u00e5rt inneh\u00e5ll \u00e4r informativt och till hj\u00e4lp f\u00f6r att v\u00e4lja r\u00e4tt tup\u00e9 eller frisyr f\u00f6r m\u00e4n och kvinnor.<\/span><\/p>\n<p><span style=\"color: #000000;\">Om du har n\u00e5gra fr\u00e5gor, funderingar eller feedback om v\u00e5r blogg, eller vill fr\u00e5ga om v\u00e5ra produkter och tj\u00e4nster, tveka inte att kontakta oss genom f\u00f6ljande metoder:<\/span><\/p>\n<ul>\n<li><span style=\"color: #000000;\">E-post: support@rehairsystem.com<\/span><\/li>\n<li><span style=\"color: #000000;\">Telefon: 1-(518) 873-4247 \/ 1-5188-REHAIR<\/span><\/li>\n<li><span style=\"color: #000000;\">WhatsApp: +86 18363906949<\/span><\/li>\n<li><span style=\"color: #000000;\">Shooping Store: <a href=\"https:\/\/rehairsystem.com\/\" target=\"_blank\" rel=\"noopener\">https:\/\/rehairsystem.com<\/a><\/span><\/li>\n<\/ul>\n<p><span style=\"color: #000000;\">Vi str\u00e4var efter att svara p\u00e5 alla f\u00f6rfr\u00e5gningar snabbt och att ge utm\u00e4rkt service till var och en av v\u00e5ra kunder. Tack f\u00f6r att du valde Rehairsystem&#039;s som din resurs f\u00f6r allt som har med Toupee och Hairpiece att g\u00f6ra. Vi ser fram emot att h\u00f6ra fr\u00e5n dig snart!<\/span><\/p>","protected":false},"excerpt":{"rendered":"<p>Thank you for visiting the Rehairsystem&#8217;s blog! We hope that you find our content informative and helpful in choosing the right Toupee or Hairpiece for &#8230; <a title=\"Kontakta oss\" class=\"read-more\" href=\"https:\/\/blog.rehairsystem.com\/sv\/kontakt\/\" aria-label=\"Mer p\u00e5 Contact Us\">L\u00e4s mer<\/a><\/p>","protected":false},"author":1,"featured_media":0,"parent":0,"menu_order":0,"comment_status":"closed","ping_status":"closed","template":"","meta":[],"_links":{"self":[{"href":"https:\/\/blog.rehairsystem.com\/sv\/wp-json\/wp\/v2\/pages\/34"}],"collection":[{"href":"https:\/\/blog.rehairsystem.com\/sv\/wp-json\/wp\/v2\/pages"}],"about":[{"href":"https:\/\/blog.rehairsystem.com\/sv\/wp-json\/wp\/v2\/types\/page"}],"author":[{"embeddable":true,"href":"https:\/\/blog.rehairsystem.com\/sv\/wp-json\/wp\/v2\/users\/1"}],"replies":[{"embeddable":true,"href":"https:\/\/blog.rehairsystem.com\/sv\/wp-json\/wp\/v2\/comments?post=34"}],"version-history":[{"count":3,"href":"https:\/\/blog.rehairsystem.com\/sv\/wp-json\/wp\/v2\/pages\/34\/revisions"}],"predecessor-version":[{"id":4574,"href":"https:\/\/blog.rehairsystem.com\/sv\/wp-json\/wp\/v2\/pages\/34\/revisions\/4574"}],"wp:attachment":[{"href":"https:\/\/blog.rehairsystem.com\/sv\/wp-json\/wp\/v2\/media?parent=34"}],"curies":[{"name":"wp","href":"https:\/\/api.w.org\/{rel}","templated":true}]}}