{"id":36,"date":"2018-11-24T18:08:58","date_gmt":"2018-11-24T18:08:58","guid":{"rendered":"https:\/\/gpsites.co\/split\/?page_id=36"},"modified":"2023-06-01T08:59:30","modified_gmt":"2023-06-01T08:59:30","slug":"about","status":"publish","type":"page","link":"https:\/\/blog.rehairsystem.com\/sv\/handla-om\/","title":{"rendered":"Om oss"},"content":{"rendered":"<h3><span style=\"color: #000000;\">Om Rehairsystems blogg:<\/span><\/h3>\n<p><span style=\"color: #000000;\">K\u00e4mpar du med h\u00e5ravfall eller skallighet? Oroa dig inte mer! I den h\u00e4r omfattande guiden f\u00e5r du l\u00e4ra dig allt du beh\u00f6ver veta om tup\u00e9 eller h\u00e5rstycken f\u00f6r m\u00e4n och kvinnor.<\/span><\/p>\n<p><span style=\"color: #000000;\">Fr\u00e5n att v\u00e4lja r\u00e4tt material, stil, f\u00e4rg och l\u00e4ngd, till korrekt underh\u00e5ll och sk\u00f6tsel, vi har dig t\u00e4ckt. Ta reda p\u00e5 hur du kan \u00e5terf\u00e5 ditt sj\u00e4lvf\u00f6rtroende och f\u00f6rvandla ditt utseende med en perfekt tup\u00e9 eller frisyr. L\u00e4s nu och uppt\u00e4ck hemligheterna bakom en perfekt h\u00e5rdag varje dag!<\/span><\/p>\n<h3><span style=\"color: #000000;\">Om Rehairsystem.com:<\/span><\/h3>\n<p><span style=\"color: #000000;\">V\u00e4lkommen till <a href=\"https:\/\/rehairsystem.com\/\" target=\"_blank\" rel=\"noopener\"><strong>Rehairsystem butik<\/strong><\/a>, din favoritdestination f\u00f6r premium-ers\u00e4ttningssystem f\u00f6r m\u00e4nniskoh\u00e5r. Vi \u00e4r en fabriksleverant\u00f6r som brinner f\u00f6r att f\u00f6rse v\u00e4rlden med vackra h\u00e5rstycken. V\u00e5rt uppdrag \u00e4r att f\u00f6r\u00e4ndra m\u00e4nniskors liv genom v\u00e5ra h\u00f6gkvalitativa h\u00e5rsystem, som kommer till ett \u00f6verkomligt pris f\u00f6r alla pl\u00e5nb\u00f6cker och livsstilar!<\/span><\/p>\n<p><span style=\"color: #000000;\">V\u00e5ra fabriker ligger i Qingdao, Kina, d\u00e4r vi tillverkar alla typer av ers\u00e4ttningsprodukter f\u00f6r \u00e4kta m\u00e4nniskoh\u00e5r. Med ett brett utbud av h\u00e5rsystem tillg\u00e4ngliga, inklusive hudh\u00e5rsystem, spetsh\u00e5rsystem, mono-h\u00e5rsystem och kombinationssystem, samt m\u00f6jligheten till skr\u00e4ddarsydda h\u00e5rsystem, \u00e4r vi stolta \u00f6ver att imponera p\u00e5 v\u00e5ra kunder med v\u00e5ra premiumkvalitetsprodukter och sluta aldrig f\u00f6rb\u00e4ttra dig f\u00f6r att \u00f6vertr\u00e4ffa dina f\u00f6rv\u00e4ntningar.<\/span><\/p>\n<p><span style=\"color: #000000;\">Vi \u00e4r fast beslutna att tillhandah\u00e5lla den b\u00e4sta m\u00f6jliga shoppingupplevelsen f\u00f6r v\u00e5ra kunder, f\u00f6r att s\u00e4kerst\u00e4lla att de hittar den perfekta h\u00e5rsystemprodukten f\u00f6r deras behov. Vi f\u00f6rst\u00e5r att det kan vara en kostsam och tr\u00e5kig upplevelse att best\u00e4lla h\u00e5rl\u00f6sningar fr\u00e5n en butik eller ett annat onlinef\u00f6retag. P\u00e5 Rehairsystems webbplats erbjuder vi dock \u00f6verkomliga priser j\u00e4mf\u00f6rt med salonger och h\u00e5rers\u00e4ttningsstudior eller h\u00e5rklubbar, med deras stora p\u00e5slag, bindande kontrakt och dyra underh\u00e5llsbes\u00f6k. Vi tillhandah\u00e5ller support och opinionsbildning o\u00f6vertr\u00e4ffad i h\u00e5rbranschen online, vilket s\u00e4kerst\u00e4ller kundn\u00f6jdhet.<\/span><\/p>\n<p><span style=\"color: #000000;\">Vi str\u00e4var mot v\u00e5rt m\u00e5l att tillhandah\u00e5lla vackra h\u00e5rsystem till m\u00e4nniskor \u00f6ver hela v\u00e4rlden. Oavsett om du k\u00e4mpar med h\u00e5ravfall eller letar efter ett nytt h\u00e5rers\u00e4ttningssystem, \u00e4r vi din p\u00e5litliga k\u00e4lla f\u00f6r h\u00e5rers\u00e4ttning av b\u00e4sta kvalitet. Kontakta oss idag och l\u00e5t oss hj\u00e4lpa dig att f\u00f6rb\u00e4ttra din livskvalitet genom v\u00e5ra premium h\u00e5rers\u00e4ttningsprodukter!<\/span><\/p>","protected":false},"excerpt":{"rendered":"<p>About\u00a0Rehairsystem&#8217;s Blog: Are you struggling with hair loss or baldness? Worry no more! In this comprehensive guide, you\u2019ll learn everything you need to know about &#8230; <a title=\"Om oss\" class=\"read-more\" href=\"https:\/\/blog.rehairsystem.com\/sv\/handla-om\/\" aria-label=\"Mer p\u00e5 About Us\">L\u00e4s mer<\/a><\/p>","protected":false},"author":1,"featured_media":0,"parent":0,"menu_order":0,"comment_status":"closed","ping_status":"closed","template":"","meta":[],"_links":{"self":[{"href":"https:\/\/blog.rehairsystem.com\/sv\/wp-json\/wp\/v2\/pages\/36"}],"collection":[{"href":"https:\/\/blog.rehairsystem.com\/sv\/wp-json\/wp\/v2\/pages"}],"about":[{"href":"https:\/\/blog.rehairsystem.com\/sv\/wp-json\/wp\/v2\/types\/page"}],"author":[{"embeddable":true,"href":"https:\/\/blog.rehairsystem.com\/sv\/wp-json\/wp\/v2\/users\/1"}],"replies":[{"embeddable":true,"href":"https:\/\/blog.rehairsystem.com\/sv\/wp-json\/wp\/v2\/comments?post=36"}],"version-history":[{"count":6,"href":"https:\/\/blog.rehairsystem.com\/sv\/wp-json\/wp\/v2\/pages\/36\/revisions"}],"predecessor-version":[{"id":4765,"href":"https:\/\/blog.rehairsystem.com\/sv\/wp-json\/wp\/v2\/pages\/36\/revisions\/4765"}],"wp:attachment":[{"href":"https:\/\/blog.rehairsystem.com\/sv\/wp-json\/wp\/v2\/media?parent=36"}],"curies":[{"name":"wp","href":"https:\/\/api.w.org\/{rel}","templated":true}]}}