{"id":4562,"date":"2023-05-30T10:43:31","date_gmt":"2023-05-30T10:43:31","guid":{"rendered":"https:\/\/blog.rehairsystem.com\/?page_id=4562"},"modified":"2023-05-30T10:43:31","modified_gmt":"2023-05-30T10:43:31","slug":"privacy-policy","status":"publish","type":"page","link":"https:\/\/blog.rehairsystem.com\/sv\/integritetspolicy\/","title":{"rendered":"Integritetspolicy"},"content":{"rendered":"<div class=\"heading-divider heading-divider--short animated fadeInDown\" data-scroll-class=\"fadeInDown\"><span style=\"color: #000000;\">Denna integritetspolicy beskriver hur www.rehairsystem.com (&quot;Webbplatsen&quot; eller &quot;vi&quot;) samlar in, anv\u00e4nder och avsl\u00f6jar din personliga information n\u00e4r du bes\u00f6ker eller g\u00f6r ett k\u00f6p fr\u00e5n webbplatsen.<\/span><\/div>\n<div class=\"page__content content container  table is-striped is-bordered\">\n<div class=\"one-whole column\">\n<h3><\/h3>\n<h3><span style=\"color: #000000;\">Insamling av personlig information<\/span><\/h3>\n<p><span style=\"color: #000000;\">N\u00e4r du bes\u00f6ker webbplatsen samlar vi in viss information om din enhet, din interaktion med webbplatsen och information som \u00e4r n\u00f6dv\u00e4ndig f\u00f6r att behandla dina k\u00f6p. Vi kan ocks\u00e5 samla in ytterligare information om du kontaktar oss f\u00f6r support. I denna integritetspolicy h\u00e4nvisar vi till all information som unikt kan identifiera en individ (inklusive informationen nedan) som &quot;Personlig information&quot;.\u00a0<\/span><\/p>\n<h3><span style=\"color: #000000;\">Minder\u00e5riga<\/span><\/h3>\n<p><span style=\"color: #000000;\">Webbplatsen \u00e4r inte avsedd f\u00f6r personer under \u00e5ldern\u00a0<em>15<\/em>. Vi samlar inte avsiktligt in personlig information fr\u00e5n barn. Om du \u00e4r f\u00f6r\u00e4lder eller v\u00e5rdnadshavare och tror att ditt barn har gett oss personlig information, v\u00e4nligen kontakta oss p\u00e5 adressen nedan f\u00f6r att beg\u00e4ra radering.<\/span><\/p>\n<h3><span style=\"color: #000000;\">Laglig grund<\/span><\/h3>\n<p><span style=\"color: #000000;\">I enlighet med den allm\u00e4nna dataskyddsf\u00f6rordningen (&quot;GDPR&quot;), om du \u00e4r bosatt i Europeiska ekonomiska samarbetsomr\u00e5det (&quot;EES&quot;), behandlar vi dina personuppgifter enligt f\u00f6ljande lagliga grunder:<\/span><\/p>\n<ul>\n<li><span style=\"color: #000000;\">Ditt samtycke;<\/span><\/li>\n<li><span style=\"color: #000000;\">Utf\u00f6randet av avtalet mellan dig och webbplatsen;<\/span><\/li>\n<li><span style=\"color: #000000;\">Efterlevnad av v\u00e5ra juridiska skyldigheter;<\/span><\/li>\n<li><span style=\"color: #000000;\">F\u00f6r att skydda dina vitala intressen;<\/span><\/li>\n<li><span style=\"color: #000000;\">Att utf\u00f6ra en uppgift som utf\u00f6rs i allm\u00e4nhetens intresse;<\/span><\/li>\n<li><span style=\"color: #000000;\">F\u00f6r v\u00e5ra legitima intressen, som inte \u00e5sidos\u00e4tter dina grundl\u00e4ggande r\u00e4ttigheter och friheter.<\/span><\/li>\n<\/ul>\n<h3><span style=\"color: #000000;\">Bibeh\u00e5llande<\/span><\/h3>\n<p><span style=\"color: #000000;\">N\u00e4r du g\u00f6r en best\u00e4llning via webbplatsen kommer vi att beh\u00e5lla din personliga information f\u00f6r v\u00e5ra register om inte och tills du ber oss att radera denna information. F\u00f6r mer information om din r\u00e4tt till radering, se avsnittet &quot;Dina r\u00e4ttigheter&quot; nedan.<\/span><\/p>\n<h3><span style=\"color: #000000;\">Sm\u00e5kakor<\/span><\/h3>\n<p><span style=\"color: #000000;\">En cookie \u00e4r en liten m\u00e4ngd information som laddas ner till din dator eller enhet n\u00e4r du bes\u00f6ker v\u00e5r webbplats. Vi anv\u00e4nder ett antal olika cookies, inklusive funktions-, prestanda-, reklam- och sociala medier eller inneh\u00e5llscookies. Cookies g\u00f6r din webbupplevelse b\u00e4ttre genom att webbplatsen kommer ih\u00e5g dina handlingar och preferenser (som inloggning och val av region). Det betyder att du inte beh\u00f6ver ange denna information igen varje g\u00e5ng du \u00e5terv\u00e4nder till webbplatsen eller bl\u00e4ddrar fr\u00e5n en sida till en annan. Cookies ger ocks\u00e5 information om hur m\u00e4nniskor anv\u00e4nder webbplatsen, till exempel om det \u00e4r deras f\u00f6rsta bes\u00f6k eller om de \u00e4r en frekvent bes\u00f6kare.<\/span><\/p>\n<p><span style=\"color: #000000;\">Vi anv\u00e4nder f\u00f6ljande cookies f\u00f6r att optimera din upplevelse p\u00e5 v\u00e5r webbplats och f\u00f6r att tillhandah\u00e5lla v\u00e5ra tj\u00e4nster.<\/span><\/p>\n<h3><span style=\"color: #000000;\">Sp\u00e5ra inte<\/span><\/h3>\n<p><span style=\"color: #000000;\">Observera att eftersom det inte finns n\u00e5gon konsekvent branschf\u00f6rst\u00e5else f\u00f6r hur man svarar p\u00e5 &quot;Sp\u00e5ra inte&quot;-signaler, \u00e4ndrar vi inte v\u00e5r datainsamling och anv\u00e4ndningspraxis n\u00e4r vi uppt\u00e4cker en s\u00e5dan signal fr\u00e5n din webbl\u00e4sare.<\/span><\/p>\n<h3><span style=\"color: #000000;\">\u00c4ndringar<\/span><\/h3>\n<p><span style=\"color: #000000;\">Vi kan uppdatera denna integritetspolicy d\u00e5 och d\u00e5 f\u00f6r att \u00e5terspegla, till exempel, f\u00f6r\u00e4ndringar av v\u00e5r praxis eller av andra operativa, juridiska eller regulatoriska sk\u00e4l.<\/span><\/p>\n<h3><span style=\"color: #000000;\">Kontakt<\/span><\/h3>\n<p><span style=\"color: #000000;\">F\u00f6r mer information om v\u00e5r sekretesspraxis, om du har fr\u00e5gor eller om du vill g\u00f6ra ett klagom\u00e5l, v\u00e4nligen kontakta oss via e-post p\u00e5 support@rehairsystem.com.<\/span><\/p>\n<\/div>\n<\/div>","protected":false},"excerpt":{"rendered":"<p>This Privacy Policy describes how www.rehairsystem.com (the \u201cSite\u201d or \u201cwe\u201d) collects, uses, and discloses your Personal Information when you visit or make a purchase from &#8230; <a title=\"Integritetspolicy\" class=\"read-more\" href=\"https:\/\/blog.rehairsystem.com\/sv\/integritetspolicy\/\" aria-label=\"Mer p\u00e5 Privacy Policy\">L\u00e4s mer<\/a><\/p>","protected":false},"author":1,"featured_media":0,"parent":0,"menu_order":0,"comment_status":"closed","ping_status":"closed","template":"","meta":[],"_links":{"self":[{"href":"https:\/\/blog.rehairsystem.com\/sv\/wp-json\/wp\/v2\/pages\/4562"}],"collection":[{"href":"https:\/\/blog.rehairsystem.com\/sv\/wp-json\/wp\/v2\/pages"}],"about":[{"href":"https:\/\/blog.rehairsystem.com\/sv\/wp-json\/wp\/v2\/types\/page"}],"author":[{"embeddable":true,"href":"https:\/\/blog.rehairsystem.com\/sv\/wp-json\/wp\/v2\/users\/1"}],"replies":[{"embeddable":true,"href":"https:\/\/blog.rehairsystem.com\/sv\/wp-json\/wp\/v2\/comments?post=4562"}],"version-history":[{"count":1,"href":"https:\/\/blog.rehairsystem.com\/sv\/wp-json\/wp\/v2\/pages\/4562\/revisions"}],"predecessor-version":[{"id":4563,"href":"https:\/\/blog.rehairsystem.com\/sv\/wp-json\/wp\/v2\/pages\/4562\/revisions\/4563"}],"wp:attachment":[{"href":"https:\/\/blog.rehairsystem.com\/sv\/wp-json\/wp\/v2\/media?parent=4562"}],"curies":[{"name":"wp","href":"https:\/\/api.w.org\/{rel}","templated":true}]}}